{"id":14233,"date":"2022-06-13T04:08:57","date_gmt":"2022-06-13T02:08:57","guid":{"rendered":"http:\/\/tyditiao.com\/product\/soldathjelm-aramid-fiber-tactical-class-iiia-hjelm-rask-kevlar-hjelm-lysebrun\/"},"modified":"2026-02-13T12:33:09","modified_gmt":"2026-02-13T10:33:09","slug":"hurtig-skuddsikker-hjelm-taktisk-kevlar-nijiiia-lysebrun","status":"publish","type":"product","link":"https:\/\/tyditiao.com\/no\/produkt\/hurtig-skuddsikker-hjelm-taktisk-kevlar-nijiiia-lysebrun\/","title":{"rendered":"Soldathjelm, Aramid Fiber Tactical Class IIIA-hjelm, Rask Kevlar-hjelm, lysebrun"},"content":{"rendered":"<p><strong>Forsvarsklasse:<\/strong><\/p>\n<p>Denne skuddsikre hjelmen er en NIJ Level IIIA skuddsikker hjelm i henhold til NIJ 0101.06-standarden, og den tilsvarende testrapporten kan leveres.<\/p>\n<hr \/>\n<p><strong>Forsvarsprosjektilparametere:<\/strong><\/p>\n<p>.44 Mag SJHP<br \/>\n.357 SIG FMJ FN<br \/>\n9mm FMJ RN<br \/>\n.357 Mag JSP<br \/>\n.40 S&amp;W FMJ<\/p>\n<p>Gir ogs\u00e5 beskyttelse mot de fleste h\u00e5ndv\u00e5pentrusler samt trusler av klasse IIA og II<\/p>\n<hr \/>\n<p><strong>Parametere for skuddsikker hjelm:<\/strong><\/p>\n<p>Navn: NIJ lllA FAST skuddsikker hjelm<\/p>\n<p>Materiale: Kevlar-DuPont Aramidfiber med h\u00f8y strekkfasthet<br \/>\nHodeomkrets: 52-64 cm<br \/>\nValgfritt tilbeh\u00f8r: skuddsikker maske, etc.<br \/>\nHjelmfarge: Lysebrun<\/p>\n<p>En skuddsikker hjelm best\u00e5r av et hjelmskall (inkludert perlebeskyttelse) og et opphengsbuffersystem (inkludert panneb\u00e5nd, bufferlag, hakestropp, kjettingledd osv.). Komfortabel og stabil \u00e5 ha p\u00e5;<\/p>\n<p>Den ytre overflaten av hjelmskallet er jevn og glatt, uten forurensning av fremmedlegemer, blemmer, avskalling og andre defekter.<\/p>\n<p>Flammehemmende ytelse til hjelmskall: kontinuerlig brenntid p\u00e5 overflaten av 5S;<\/p>\n<p>Kraften til hakestroppenheten: n\u00f8dflukthastighet p\u00e5 500N, slipp n\u00e5r den ytre kraften er 1000N;<\/p>\n<p>Vanntett: Den skuddsikre hjelmen vil ikke sprekke, danne blemmer eller delaminere p\u00e5 overflaten av hjelmskallet n\u00e5r den er nedsenket i vann i 24 timer ved romtemperatur. Ingen del av opphengsputen l\u00f8snet etter to vellykkede skudd<\/p>\n<p>MICH er en hjelm som stopper pistolskudd og gir p\u00e5litelig beskyttelse mot rusk og fallende rusk.<br \/>\nvil redusere beskyttelsen.<\/p>\n<hr \/>\n<p><strong>&laquo;For folk:<\/strong><\/p>\n<p>NIJ lllA Kevlar FAST ballistisk hjelm er designet for \u00e5 h\u00e5ndtere trusselen fra v\u00e5pen og splinter, med sterkere fester for en lettere og mer komfortabel passform. Denne hjelmen passer for alle typer brukere. Ansatte fra byr\u00e5er som milit\u00e6ret, politiet, SWAT, intern sikkerhet, tollvesen og grensevakter kan utstyres med forbedrede kampevner. Det er ogs\u00e5 et godt valg for hjemmebeskyttelse og cosplay.<\/p>\n<hr \/>\n<p><strong>Hva er en FAST ballistisk hjelm?<\/strong><\/p>\n<p>FAST skuddsikker hjelm (engelsk: Future Assault Shell Technology Helmet, heretter referert til som: FAST) Future Assault Shell Technology Helmet er en kamphjelm utviklet av US Army Research Institute og US Army Research, Development and Engineering Center Natick. Hjelmen er designet for \u00e5 gi komfort for spesielle operasjonsoperat\u00f8rer samtidig som den gir grunnleggende ballistisk beskyttelse. FAST-hjelmen ble f\u00f8rst vist frem for publikum p\u00e5 SHOT SHOW i 2009 og ble snart tatt i bruk av amerikanske spesialstyrker som opererte i Afghanistan. FAST taktiske ballistiske hjelmer er n\u00e5 mye brukt i spesialstyrker og spesialpolitistyrker i forskjellige land. I tillegg er den taktiske hjelmen FAST n\u00e5 standard kamphjelm for det norske forsvaret.<\/p>\n<hr \/>\n<p><strong>Funksjoner av FAST Fiber Aramid Tactical Soldier Hjelm:<\/strong><\/p>\n<p>Sammenlignet med vanlige milit\u00e6rhjelmer er FAST-hjelmen 25 % lettere. Takket v\u00e6re hjelmens opphengssystem kan brukere enkelt justere passformen eller stramheten til hjelmen for optimal komfort. FAST-hjelmen er utstyrt med ARC-skinner p\u00e5 venstre og h\u00f8yre side for montering av tilbeh\u00f8r som lommelykter, st\u00f8ydempende hodetelefoner og kommunikasjonsutstyr, samt nattsyn- eller videoopptaksutstyr. Adapteren kan monteres i midten av hjelmen via adapteren. Dette er en spesiell kamp som kan gi en st\u00f8rre taktisk fordel. I tillegg, p\u00e5 grunn av den modul\u00e6re designen, blir den sivile versjonen av den ikke-skuddsikre FAST-hjelmen ikke bare brukt av milit\u00e6ret og politiet, men ogs\u00e5 ivrig akseptert av utend\u00f8rsidrettsut\u00f8vere og feltarbeidere som journalister og redningsmenn. I tillegg, p\u00e5 grunn av den modul\u00e6re designen, blir den sivile versjonen av den ikke-skuddsikre FAST-hjelmen ikke bare brukt av milit\u00e6ret og politiet, men ogs\u00e5 ivrig akseptert av utend\u00f8rsidrettsut\u00f8vere og feltarbeidere som journalister og redningsmenn.<\/p>\n<hr \/>\n<p><strong>Er FAST fiberaramid taktisk soldathjelm god beskyttelse, hvorfor er den popul\u00e6r?<\/strong><\/p>\n<p>Det er to grunner: For det f\u00f8rste har fremskritt innen teknologi gjort individuelle soldater mer og mer teknisk utstyr, som krever en plattform for \u00e5 laste teknisk tilbeh\u00f8r, og m\u00e5tte ofre beskyttelse for \u00e5 velge;<br \/>\nFor det andre er FAST-brukere hovedsakelig spesialstyrker, og spesialstyrkene gir rett og slett opp litt beskyttelse p\u00e5 kampdistansen, portabiliteten og det tekniske utstyret p\u00e5 plattformen blir overlevelsesraten, selv i praktiske applikasjoner, vanligvis bare for raske hjelmer, er de ikke flere enheter elementer p\u00e5 den, bare for portabilitet.<\/p>\n<p>FAST er ikke avhengig av streng beskyttelse. Ingen \u00f8reklokker p\u00e5 begge sider er nok. Hovedsakelig for komforten til de ansatte som bruker hodetelefoner og ekstra tilbeh\u00f8r. Lette taktiske hjelmer gir delvis avkall p\u00e5 beskyttelse og gir st\u00f8rre fordeler i kamp.<\/p>\n<p>FAST-hjelmer er mye brukt i mange land, og mange land har hjelmdesign veldig likt amerikanske FAST-hjelmer, slik som russiske, franske og britiske hjelmer er designet i henhold til FAST-hjelmer, selv om de vil utvikle seg over tid. Disse hjelmene er ogs\u00e5 i stadig endring, men ligner fortsatt veldig p\u00e5 FAST-hjelmene, av \u00e5penbare grunner, som effektivt beskytter hodet og maksimerer livet til soldaten.<\/p>\n<hr \/>\n<p><strong>RASK fiberaramid taktisk soldathjelmpris?<\/strong><\/p>\n<p>Kj\u00f8p direkte fra nettsiden v\u00e5r og spar 15 % av ordin\u00e6r pris<\/p>\n<p>Hvis du \u00f8nsker \u00e5 kj\u00f8pe produktene v\u00e5re eller har sp\u00f8rsm\u00e5l om produktene v\u00e5re, vennligst (<a href=\"https:\/\/tyditiao.com\/no\/kontakt\/\">kontakt oss<\/a>) s\u00e5 raskt som mulig. Vi vil svare deg innen 1 arbeidsdag. <span style=\"color: #ff0000;\">Hvis du \u00f8nsker \u00e5 bestille mer enn 5 skuddsikre hjelmer samtidig, f\u00e5r du en ekstra rabatt;<\/span><\/p>\n","protected":false},"excerpt":{"rendered":"<p>Laget av h\u00f8ystyrke DuPont Kevlar Aramid fiber, varmebestandig og ikke lett \u00e5 deformere<\/p>\n<p>NIJ niv\u00e5 IIIA<\/p>\n<p>Justeringssystemet for hodeomkrets lar deg justere hodeomkretsen ved \u00e5 trykke p\u00e5 en knapp for \u00e5 oppn\u00e5 den ideelle passformen til hjelmen<\/p>\n<p>Pannen er forsterket med elastiske stropper p\u00e5 sidene av blekkspruten (nederst p\u00e5 nattsynstativet) for \u00e5 feste speil, kameraer, nattsynsbriller og andre enheter<\/p>\n<p>Utstyrt med skinner, kraftigere tilbeh\u00f8rsmontering, kan utstyres med sterkt lyssystem og beacon identifikasjonslys, kan ogs\u00e5 utstyres med h\u00f8rselsvern<\/p>\n","protected":false},"featured_media":10258,"comment_status":"open","ping_status":"closed","template":"","meta":[],"product_brand":[],"product_cat":[823,746],"product_tag":[],"woo-feed-brand":[50],"class_list":{"0":"post-14233","1":"product","2":"type-product","3":"status-publish","4":"has-post-thumbnail","6":"product_cat-fort","7":"product_cat-skuddsikker-hjelm","8":"woo-feed-brand-tyditiao","10":"first","11":"instock","12":"sale","13":"shipping-taxable","14":"purchasable","15":"product-type-simple"},"_links":{"self":[{"href":"https:\/\/tyditiao.com\/no\/wp-json\/wp\/v2\/product\/14233","targetHints":{"allow":["GET"]}}],"collection":[{"href":"https:\/\/tyditiao.com\/no\/wp-json\/wp\/v2\/product"}],"about":[{"href":"https:\/\/tyditiao.com\/no\/wp-json\/wp\/v2\/types\/product"}],"replies":[{"embeddable":true,"href":"https:\/\/tyditiao.com\/no\/wp-json\/wp\/v2\/comments?post=14233"}],"wp:featuredmedia":[{"embeddable":true,"href":"https:\/\/tyditiao.com\/no\/wp-json\/wp\/v2\/media\/10258"}],"wp:attachment":[{"href":"https:\/\/tyditiao.com\/no\/wp-json\/wp\/v2\/media?parent=14233"}],"wp:term":[{"taxonomy":"product_brand","embeddable":true,"href":"https:\/\/tyditiao.com\/no\/wp-json\/wp\/v2\/product_brand?post=14233"},{"taxonomy":"product_cat","embeddable":true,"href":"https:\/\/tyditiao.com\/no\/wp-json\/wp\/v2\/product_cat?post=14233"},{"taxonomy":"product_tag","embeddable":true,"href":"https:\/\/tyditiao.com\/no\/wp-json\/wp\/v2\/product_tag?post=14233"},{"taxonomy":"woo-feed-brand","embeddable":true,"href":"https:\/\/tyditiao.com\/no\/wp-json\/wp\/v2\/woo-feed-brand?post=14233"}],"curies":[{"name":"wp","href":"https:\/\/api.w.org\/{rel}","templated":true}]}}