{"id":14276,"date":"2022-06-13T03:55:46","date_gmt":"2023-05-23T04:04:11","guid":{"rendered":"http:\/\/tyditiao.com\/product\/militaerhjelm-iiia-taktisk-ballistisk-hjelm-polsk-kevlarhjelm-gronn\/"},"modified":"2026-03-14T23:16:58","modified_gmt":"2026-03-14T21:16:58","slug":"mich2000-skuddsikker-hjelm-kevlar-niva-3-gronn","status":"publish","type":"product","link":"https:\/\/tyditiao.com\/no\/produkt\/mich2000-skuddsikker-hjelm-kevlar-niva-3-gronn\/","title":{"rendered":"Milit\u00e6rhjelm, IIIA taktisk ballistisk hjelm, polsk kevlarhjelm, gr\u00f8nn"},"content":{"rendered":"<p><strong>Forsvarsklasse:<\/strong><\/p>\n<p>Denne skuddsikre hjelmen er en NIJ Level IIIA skuddsikker hjelm i henhold til NIJ 0101.06-standarden, og den tilsvarende testrapporten kan leveres.<\/p>\n<p>Dette produktet kvalifiserer ogs\u00e5 som en Enhanced Combat Helmet (ECH) n\u00e5r det brukes med en topprustningsplate for ekte riflebeskyttelse<\/p>\n<hr>\n<p><strong>Forsvarsprosjektilparametere:<\/strong><\/p>\n<p>.44 Mag SJHP<br \/>\n.357 SIG FMJ FN<br \/>\n9mm FMJ RN<br \/>\n.357 Mag JSP<br \/>\n.40 S&#038;W FMJ<\/p>\n<p>Gir ogs\u00e5 beskyttelse mot de fleste h\u00e5ndv\u00e5pentrusler samt trusler av klasse IIA og II<\/p>\n<hr>\n<p><strong>Parametere for skuddsikker hjelm:<\/strong><br \/>\nNavn: NIJ lllA MICH2000 skuddsikker hjelm<\/p>\n<p>Materiale: Kevlar-DuPont Aramidfiber med h\u00f8y strekkfasthet<br \/>\nSag etter prosjektilavskyting: &lt;20 mm<br \/>\nHodeomkrets: 52-60 cm<br \/>\nF\u00f4r: Reposisjonerbart skumf\u00f4r med sakte tilbakeslag holder hjelmen komfortabel og forhindrer tretthet og overoppheting.<br \/>\nValgfritt tilbeh\u00f8r: skuddsikker maske, etc.<br \/>\nHjelmfarge: Gr\u00f8nn<br \/>\nMICH er en hjelm som stopper pistolskudd og gir p\u00e5litelig beskyttelse mot rusk og fallende rusk.<br \/>\nvil redusere beskyttelsen.<\/p>\n<hr>\n<p><strong>&laquo;For folk:<\/strong><br \/>\nNIJ lllA Kevlar MICH2000 ballistisk hjelm h\u00e5ndterer trusler med pistol og granatsplinter med st\u00f8rre festekapasitet for en lettere, mer komfortabel passform. Denne hjelmen passer for alle typer brukere. Ansatte fra byr\u00e5er som milit\u00e6ret, politiet, SWAT, intern sikkerhet, tollvesen og grensevakter kan utstyres med forbedrede kampevner. Det er ogs\u00e5 et godt valg for hjemmebeskyttelse og cosplay.<\/p>\n<p>MICH er en hjelm som stopper pistolskudd og gir p\u00e5litelig beskyttelse mot rusk og fallende rusk. Den mich ballistiske hjelmen gir ikke bare den n\u00f8dvendige omfattende beskyttelsen mot stumpe v\u00e5pen, ballistiske og andre trusler, men er ogs\u00e5 sv\u00e6rt modul\u00e6r og komfortabel. Dette produktet kvalifiserer ogs\u00e5 som en Enhanced Combat Helmet (ECH) n\u00e5r det brukes sammen med den \u00f8vre panserplaten for \u00e5 gi ekte beskyttelse til riflen. Det lave snittet gir bedre dekning p\u00e5 begge sider av hodet enn over-\u00f8re-hjelmer. Disse hjelmene kommer ogs\u00e5 med \u00f8reklokker for \u00e5 f\u00e5 plass til hodetelefoner og annet kommunikasjonsutstyr.<\/p>\n<hr>\n<p><strong>Hvilken er mest popul\u00e6r, MICH2000 eller FAST taktisk ballistisk hjelm?<\/strong><br \/>\nMICH2000 har en st\u00f8rre beskyttende overflate, noe som er mer fordelaktig hvis du ikke planlegger \u00e5 installere flere tilbeh\u00f8r. Hvis du planlegger \u00e5 velge mye utstyr, for eksempel (bruke lommelykt, st\u00f8ydempende hodetelefoner og kommunikasjonsutstyr, nattbriller eller videoopptaksutstyr osv.), anbefales det \u00e5 bruke FAST, da det ikke blir for mye tungt \u00e5 for\u00e5rsake press p\u00e5 nakken, indirekte p\u00e5virker aktivitetsevnen.<\/p>\n<hr>\n<p><strong>MICH2000 milit\u00e6rhjelm pris<\/strong><br \/>\nKj\u00f8p p\u00e5 v\u00e5r nettside og spar 15% p\u00e5 prisen<\/p>\n<hr>\n<p>Hvis du \u00f8nsker \u00e5 kj\u00f8pe v\u00e5re produkter eller har sp\u00f8rsm\u00e5l om v\u00e5re produkter;<br \/>\nHvis du har noen tilpasningsbehov;<br \/>\nVennligst (<a href=\"http:\/\/tyditiao.com\/en\/contact\/\">kontakt oss<\/a>) umiddelbart, vi vil svare deg innen 1 virkedag<\/p>\n","protected":false},"excerpt":{"rendered":"<p>God kvalitet: Laget av h\u00f8ykvalitets DuPont Kevlar Aramid fiber, varmebestandig og ikke lett deformert<\/p>\n<p>God ballistisk ytelse: NIJ niv\u00e5 IIIA<\/p>\n<p>Slow Shape Memory Foam: Fukttransporterende stoff for enkel rengj\u00f8ring, modul\u00e6re puter som kan justeres av sluttbrukeren<\/p>\n<p>T\u00f8rket blekksprutsystem: ogs\u00e5 kjent som nattsynsbase, kan kombineres med flomlys, kameraer, nattsynsenheter og annet utstyr<\/p>\n<p>Det er jernbanegrupper p\u00e5 venstre og h\u00f8yre side: kan installeres med sterkt belysningssystem, signal-ID-lys, hodetelefonbeskyttelse<\/p>\n","protected":false},"featured_media":11417,"comment_status":"open","ping_status":"closed","template":"","meta":[],"product_brand":[],"product_cat":[804,746],"product_tag":[],"woo-feed-brand":[50],"class_list":{"0":"post-14276","1":"product","2":"type-product","3":"status-publish","4":"has-post-thumbnail","6":"product_cat-mich2000-no","7":"product_cat-skuddsikker-hjelm","8":"woo-feed-brand-tyditiao","10":"first","11":"instock","12":"sale","13":"shipping-taxable","14":"purchasable","15":"product-type-simple"},"_links":{"self":[{"href":"https:\/\/tyditiao.com\/no\/wp-json\/wp\/v2\/product\/14276","targetHints":{"allow":["GET"]}}],"collection":[{"href":"https:\/\/tyditiao.com\/no\/wp-json\/wp\/v2\/product"}],"about":[{"href":"https:\/\/tyditiao.com\/no\/wp-json\/wp\/v2\/types\/product"}],"replies":[{"embeddable":true,"href":"https:\/\/tyditiao.com\/no\/wp-json\/wp\/v2\/comments?post=14276"}],"wp:featuredmedia":[{"embeddable":true,"href":"https:\/\/tyditiao.com\/no\/wp-json\/wp\/v2\/media\/11417"}],"wp:attachment":[{"href":"https:\/\/tyditiao.com\/no\/wp-json\/wp\/v2\/media?parent=14276"}],"wp:term":[{"taxonomy":"product_brand","embeddable":true,"href":"https:\/\/tyditiao.com\/no\/wp-json\/wp\/v2\/product_brand?post=14276"},{"taxonomy":"product_cat","embeddable":true,"href":"https:\/\/tyditiao.com\/no\/wp-json\/wp\/v2\/product_cat?post=14276"},{"taxonomy":"product_tag","embeddable":true,"href":"https:\/\/tyditiao.com\/no\/wp-json\/wp\/v2\/product_tag?post=14276"},{"taxonomy":"woo-feed-brand","embeddable":true,"href":"https:\/\/tyditiao.com\/no\/wp-json\/wp\/v2\/woo-feed-brand?post=14276"}],"curies":[{"name":"wp","href":"https:\/\/api.w.org\/{rel}","templated":true}]}}