{"id":14296,"date":"2022-06-13T03:53:55","date_gmt":"2022-06-13T01:53:55","guid":{"rendered":"http:\/\/tyditiao.com\/product\/skottsikker-rustning-klasse-iiia-taktisk-hjelm-mich2000-spesialstyrkehjelm-lysebrun\/"},"modified":"2026-01-26T05:46:17","modified_gmt":"2026-01-26T03:46:17","slug":"mich2000-skuddsikker-hjelm-kevlar-niva-3-lysebrun","status":"publish","type":"product","link":"https:\/\/tyditiao.com\/no\/produkt\/mich2000-skuddsikker-hjelm-kevlar-niva-3-lysebrun\/","title":{"rendered":"Skottsikker rustning, Klasse IIIA taktisk hjelm, mich2000 spesialstyrkehjelm, lysebrun"},"content":{"rendered":"<p>MICH er en hjelm som stopper pistolskudd og gir p\u00e5litelig beskyttelse mot rusk og fallende rusk. Det lave snittet gir bedre dekning p\u00e5 begge sider av hodet enn over-\u00f8re-hjelmer. Disse hjelmene kommer ogs\u00e5 med \u00f8reklokker for \u00e5 f\u00e5 plass til hodetelefoner og annet kommunikasjonsutstyr.<\/p>\n<hr \/>\n<p><strong>Forsvarsklasse:<\/strong><\/p>\n<p>Denne skuddsikre hjelmen er en NIJ Level IIIA skuddsikker hjelm i henhold til NIJ 0101.06-standarden, og den tilsvarende testrapporten kan leveres.<\/p>\n<p>Dette produktet kvalifiserer ogs\u00e5 som en Enhanced Combat Helmet (ECH) n\u00e5r det brukes med en topprustningsplate for ekte riflebeskyttelse<\/p>\n<hr \/>\n<p><strong>Forsvarsprosjektilparametere:<\/strong><\/p>\n<p>.44 Mag SJHP<br \/>\n.357 SIG FMJ FN<br \/>\n9mm FMJ RN<br \/>\n.357 Mag JSP<br \/>\n.40 S&amp;W FMJ<\/p>\n<p>Gir ogs\u00e5 beskyttelse mot de fleste h\u00e5ndv\u00e5pentrusler samt trusler av klasse IIA og II<\/p>\n<hr \/>\n<p><strong>Parametere for skuddsikker hjelm:<\/strong><br \/>\nNavn: NIJ lllA MICH2000 skuddsikker hjelm<\/p>\n<p>Materiale: Kevlar-DuPont Aramidfiber med h\u00f8y strekkfasthet<br \/>\nHodeomkrets: 52-60 cm (to-trinns ryggjustering og justerbar hakestropp)<br \/>\nF\u00f4r: Reposisjonerbart skumf\u00f4r med sakte tilbakeslag holder hjelmen komfortabel og forhindrer tretthet og overoppheting.<br \/>\nValgfritt tilbeh\u00f8r: skuddsikker maske, etc.<br \/>\nHjelmfarge: Lysebrun<br \/>\nMICH er en hjelm som stopper pistolskudd og gir p\u00e5litelig beskyttelse mot rusk og fallende rusk.<br \/>\nvil redusere beskyttelsen.<\/p>\n<hr \/>\n<p><strong>&laquo;For folk:<\/strong><br \/>\nNIJ lllA Kevlar MICH2000 ballistisk hjelm h\u00e5ndterer trusler med pistol og granatsplinter med st\u00f8rre festekapasitet for en lettere, mer komfortabel passform. Denne hjelmen passer for alle typer brukere. Ansatte fra byr\u00e5er som milit\u00e6ret, politiet, SWAT, intern sikkerhet, tollvesen og grensevakter kan utstyres med forbedrede kampevner. Det er ogs\u00e5 et godt valg for hjemmebeskyttelse og cosplay.<\/p>\n<hr \/>\n<p>Hvis du \u00f8nsker \u00e5 kj\u00f8pe v\u00e5re produkter eller har sp\u00f8rsm\u00e5l om v\u00e5re produkter;<br \/>\nHvis du har noen tilpasningsbehov;<br \/>\nVennligst (<a href=\"https:\/\/tyditiao.com\/no\/kontakt\/\">kontakt oss<\/a>) umiddelbart, vi vil svare deg innen 1 virkedag<\/p>\n","protected":false},"excerpt":{"rendered":"<p>Stort beskyttelsesomr\u00e5de: Beskyttelsesomr\u00e5det er st\u00f8rre enn det for tradisjonelle skuddsikre hjelmer, og gir god beskyttelse for \u00f8redelen<\/p>\n<p>God kvalitet: Laget av h\u00f8ykvalitets DuPont Kevlar Aramidfiber, varmebestandig og ikke lett deformert<\/p>\n<p>God ballistisk ytelse: NIJ niv\u00e5 IIIA<\/p>\n<p>Blekksprutt\u00f8rkesystem og venstre og h\u00f8yre skinnesett lar deg installere sett hodesett, pistollys, kamera, blitsliste, nattsyn, GoPro-kamera, NVG-briller<\/p>\n<p>God oppgraderingsytelse: oppgraderbar oksygenmaske, hjelm, sideskjold, pansret sideskjold, beskyttelsesskjold, hjelmdeksel<\/p>\n","protected":false},"featured_media":10201,"comment_status":"open","ping_status":"closed","template":"","meta":[],"product_brand":[],"product_cat":[804,746],"product_tag":[],"woo-feed-brand":[50],"class_list":{"0":"post-14296","1":"product","2":"type-product","3":"status-publish","4":"has-post-thumbnail","6":"product_cat-mich2000-no","7":"product_cat-skuddsikker-hjelm","8":"woo-feed-brand-tyditiao","10":"first","11":"instock","12":"sale","13":"shipping-taxable","14":"purchasable","15":"product-type-simple"},"_links":{"self":[{"href":"https:\/\/tyditiao.com\/no\/wp-json\/wp\/v2\/product\/14296","targetHints":{"allow":["GET"]}}],"collection":[{"href":"https:\/\/tyditiao.com\/no\/wp-json\/wp\/v2\/product"}],"about":[{"href":"https:\/\/tyditiao.com\/no\/wp-json\/wp\/v2\/types\/product"}],"replies":[{"embeddable":true,"href":"https:\/\/tyditiao.com\/no\/wp-json\/wp\/v2\/comments?post=14296"}],"wp:featuredmedia":[{"embeddable":true,"href":"https:\/\/tyditiao.com\/no\/wp-json\/wp\/v2\/media\/10201"}],"wp:attachment":[{"href":"https:\/\/tyditiao.com\/no\/wp-json\/wp\/v2\/media?parent=14296"}],"wp:term":[{"taxonomy":"product_brand","embeddable":true,"href":"https:\/\/tyditiao.com\/no\/wp-json\/wp\/v2\/product_brand?post=14296"},{"taxonomy":"product_cat","embeddable":true,"href":"https:\/\/tyditiao.com\/no\/wp-json\/wp\/v2\/product_cat?post=14296"},{"taxonomy":"product_tag","embeddable":true,"href":"https:\/\/tyditiao.com\/no\/wp-json\/wp\/v2\/product_tag?post=14296"},{"taxonomy":"woo-feed-brand","embeddable":true,"href":"https:\/\/tyditiao.com\/no\/wp-json\/wp\/v2\/woo-feed-brand?post=14296"}],"curies":[{"name":"wp","href":"https:\/\/api.w.org\/{rel}","templated":true}]}}