{"id":14314,"date":"2022-06-13T03:50:24","date_gmt":"2022-06-13T01:50:24","guid":{"rendered":"http:\/\/tyditiao.com\/product\/klasse-iiia-taktisk-utstyr-militaer-skuddsikker-hjelm-svart\/"},"modified":"2026-03-17T13:18:07","modified_gmt":"2026-03-17T11:18:07","slug":"mich2000-skuddsikker-hjelm-kevlar-niva-3-svart","status":"publish","type":"product","link":"https:\/\/tyditiao.com\/no\/produkt\/mich2000-skuddsikker-hjelm-kevlar-niva-3-svart\/","title":{"rendered":"Klasse IIIA taktisk utstyr, milit\u00e6r skuddsikker hjelm, svart"},"content":{"rendered":"<p><strong>Forsvarsklasse:<\/strong><br \/>\nDenne skuddsikre hjelmen er en NIJ Level IIIA skuddsikker hjelm i henhold til NIJ 0101.06-standarden, og den tilsvarende testrapporten kan leveres.<\/p>\n<hr \/>\n<p><strong>Forsvarsprosjektilparametere:<\/strong><br \/>\n.44 Mag SJHP<br \/>\n.357 SIG FMJ FN<br \/>\n9mm FMJ RN<br \/>\n.357 Mag JSP<br \/>\n.40 S&amp;W FMJ<\/p>\n<p>Gir ogs\u00e5 beskyttelse mot de fleste h\u00e5ndv\u00e5pentrusler samt trusler av klasse IIA og II<\/p>\n<hr \/>\n<p><strong>Parametere for skuddsikker hjelm:<\/strong><br \/>\nNavn: NIJ lllA MICH2000 skuddsikker hjelm<\/p>\n<p>Materiale: Kevlar-DuPont Aramidfiber med h\u00f8y strekkfasthet<br \/>\nHodeomkrets: 52-60 cm<br \/>\nF\u00f4r: Reposisjonerbart skumf\u00f4r med sakte tilbakeslag holder hjelmen komfortabel og forhindrer tretthet og overoppheting.<br \/>\nValgfritt tilbeh\u00f8r: oksygenmaske, ansiktsskjerm, sideskjold, pansersideskjold, skjold, hjelmdeksel, skuddsikker maske, etc.<br \/>\nHjelmfarge: Sort<br \/>\nMICH er en hjelm som stopper pistolskudd og gir p\u00e5litelig beskyttelse mot rusk og fallende rusk.<br \/>\nvil redusere beskyttelsen.<\/p>\n<hr \/>\n<p><strong>&laquo;For folk:<\/strong><br \/>\nNIJ lllA Kevlar MICH2000 ballistisk hjelm h\u00e5ndterer trusler om pistoler og splinter med st\u00f8rre festekapasitet for en lettere, mer komfortabel passform. Denne hjelmen passer for alle typer brukere. Ansatte fra byr\u00e5er som milit\u00e6ret, politiet, SWAT, intern sikkerhet, tollvesen og grensevakter kan utstyres med forbedrede kampevner. Det er ogs\u00e5 et godt valg for hjemmebeskyttelse og cosplay.<\/p>\n<hr \/>\n<p><strong>Hva er MICH2000 Kevlar milit\u00e6rhjelm?<\/strong><br \/>\nModular Integrated Communications Helmet (MICH) er en amerikansk kamphjelm og en av flere hjelmer som brukes av det amerikanske milit\u00e6ret. Den ble utviklet av U.S. Army Soldier Systems Systems Center som neste generasjons beskyttende kamphjelm brukt av det amerikanske milit\u00e6ret. Hoved\u00e5rsaken til \u00e5 utvikle MICH var \u00e5 erstatte de beskyttende, men tunge PASGT-ene, siden de var lettere, mer komfortable, passet bedre og var lettere \u00e5 installere tilbeh\u00f8r, spesielt nattsynsutstyr og kommunikasjonshodesett. Gir ikke un\u00f8dvendig belastning p\u00e5 nakken. Opprinnelig ble den nesten utelukkende brukt av SOCOM og noen n\u00e6rt beslektede enheter. Til dags dato har MICH og dens derivater, Advanced Combat Helmet og Modified Combat Helmet, fullstendig erstattet PASGT i aktiv US Army-tjeneste og brukes, i det minste til en viss grad, i alle US Army-divisjoner.<\/p>\n<hr \/>\n<p><strong>Funksjoner til MICH2000 Kevlar-hjelmen:<\/strong><br \/>\nVekten til MICH er omtrent 1,6 kg. MICH er ogs\u00e5 litt mindre enn PASGT, har 8 % mindre rekkevidde, bruker nye, mer avanserte Kevlar-fibre og gir bedre pistol- og prosjektilbeskyttelse. Et dempingssystem og firepunkts festesystem, som ligner p\u00e5 beskyttere og stropper p\u00e5 skateboards, sykkelhjelmer og vannhjelmer, erstatter nylonsnoropphengssystemet, svetteb\u00e5ndet og hakesemmen som finnes p\u00e5 PASGT-hjelmer. Denne endringen gir brukeren st\u00f8rre st\u00f8tbeskyttelse og komfort. Den har en frontmonteringsbrakett for nattsynsbriller (som AN\/PVS-14 eller AN\/PVS-15), lik den p\u00e5 PASGT-hjelmen. Den har ogs\u00e5 et par stropper p\u00e5 baksiden for \u00e5 feste vernebriller, samt et hjelmdeksel i t\u00f8y i ulike kamuflasjem\u00f8nstre. I motsetning til en &laquo;buet&raquo; kontur, handler PASGT f\u00f8rst og fremst om \u00e5 fjerne brynene og heve sidene til et &laquo;flat&raquo; punkt p\u00e5 den nedre kanten bak tinningene. Dette reduserer vekten noe og gir bedre situasjonsforst\u00e5else og f\u00e6rre hindringer i brukerens synsfelt, spesielt n\u00e5r det kombineres med avskj\u00e6rende skuddsikre vester. Soldater har tidligere klaget over at den h\u00f8ye avskj\u00e6ringskragen og topunkts hakestroppen skyver baksiden av PASGT-hjelmen fremover, og n\u00e5r de pr\u00f8ver \u00e5 skyte fra utsatt posisjon, glir kanten av hjelmen forbi \u00f8ynene deres, som i MICH har en innsnevret Contoured og firepunkts hakestropp.<\/p>\n<hr \/>\n<p><strong>Hvilken er mest popul\u00e6r, MICH2000 eller FAST taktisk ballistisk hjelm?<\/strong><br \/>\nMICH2000 har en st\u00f8rre beskyttende overflate, noe som er mer fordelaktig hvis du ikke planlegger \u00e5 installere mye tilbeh\u00f8r. Hvis du planlegger \u00e5 velge mye utstyr, som (bruke lommelykt, st\u00f8ydempende hodetelefoner og kommunikasjonsutstyr, nattbriller eller videoutstyr osv.), anbefales det \u00e5 velge FAST, fordi det ikke blir for tungt. , vil det legge press p\u00e5 nakken, noe som indirekte vil p\u00e5virke aktivitetsevnen.<\/p>\n<hr \/>\n<p><strong>MICH2000 milit\u00e6rhjelm pris<\/strong><br \/>\nDette er v\u00e5r taktiske vernehjelmbutikk, vennligst kj\u00f8p direkte fra nettsiden v\u00e5r, du kan f\u00e5 15% rabatt p\u00e5 originalprisen<\/p>\n<hr \/>\n<p>Hvis du \u00f8nsker \u00e5 kj\u00f8pe v\u00e5re produkter eller har sp\u00f8rsm\u00e5l om v\u00e5re produkter;<br \/>\nHvis du har noen tilpasningsbehov;<br \/>\nVennligst (<a href=\"https:\/\/tyditiao.com\/no\/kontakt\/\">kontakt oss<\/a>) umiddelbart, vi vil svare deg innen 1 virkedag<\/p>\n","protected":false},"excerpt":{"rendered":"<p>Laget av h\u00f8ystyrke DuPont Kevlar Aramid fiber, varmebestandig og ikke lett \u00e5 deformere<\/p>\n<p>NIJ niv\u00e5 IIIA<\/p>\n<p>Justeringssystem for hodeomkrets, kan gj\u00f8re hjelmen for \u00e5 oppn\u00e5 den ideelle brukseffekten<\/p>\n<p>Pannen er forsterket med elastiske stropper p\u00e5 sidene av blekkspruten (nederst p\u00e5 nattsynstativet) for \u00e5 feste speil, kameraer, nattsynsbriller og andre enheter<\/p>\n<p>Utstyrt med skinner, kraftigere tilbeh\u00f8rsmontering, kan utstyres med sterkt lyssystem og beacon identifikasjonslys, kan ogs\u00e5 utstyres med h\u00f8rselsvern<\/p>\n","protected":false},"featured_media":11398,"comment_status":"open","ping_status":"closed","template":"","meta":[],"product_brand":[],"product_cat":[804,746],"product_tag":[],"woo-feed-brand":[50],"class_list":{"0":"post-14314","1":"product","2":"type-product","3":"status-publish","4":"has-post-thumbnail","6":"product_cat-mich2000-no","7":"product_cat-skuddsikker-hjelm","8":"woo-feed-brand-tyditiao","10":"first","11":"instock","12":"sale","13":"shipping-taxable","14":"purchasable","15":"product-type-simple"},"_links":{"self":[{"href":"https:\/\/tyditiao.com\/no\/wp-json\/wp\/v2\/product\/14314","targetHints":{"allow":["GET"]}}],"collection":[{"href":"https:\/\/tyditiao.com\/no\/wp-json\/wp\/v2\/product"}],"about":[{"href":"https:\/\/tyditiao.com\/no\/wp-json\/wp\/v2\/types\/product"}],"replies":[{"embeddable":true,"href":"https:\/\/tyditiao.com\/no\/wp-json\/wp\/v2\/comments?post=14314"}],"wp:featuredmedia":[{"embeddable":true,"href":"https:\/\/tyditiao.com\/no\/wp-json\/wp\/v2\/media\/11398"}],"wp:attachment":[{"href":"https:\/\/tyditiao.com\/no\/wp-json\/wp\/v2\/media?parent=14314"}],"wp:term":[{"taxonomy":"product_brand","embeddable":true,"href":"https:\/\/tyditiao.com\/no\/wp-json\/wp\/v2\/product_brand?post=14314"},{"taxonomy":"product_cat","embeddable":true,"href":"https:\/\/tyditiao.com\/no\/wp-json\/wp\/v2\/product_cat?post=14314"},{"taxonomy":"product_tag","embeddable":true,"href":"https:\/\/tyditiao.com\/no\/wp-json\/wp\/v2\/product_tag?post=14314"},{"taxonomy":"woo-feed-brand","embeddable":true,"href":"https:\/\/tyditiao.com\/no\/wp-json\/wp\/v2\/woo-feed-brand?post=14314"}],"curies":[{"name":"wp","href":"https:\/\/api.w.org\/{rel}","templated":true}]}}