{"id":16809,"date":"2025-04-17T09:25:14","date_gmt":"2025-04-17T07:25:14","guid":{"rendered":"https:\/\/tyditiao.com\/product\/rask-ballistisk-hjelm-med-wendys-zorbium-liner-og-cam-fit-opphengssystem-nij-iiia-beskyttelsesniva\/"},"modified":"2026-01-26T05:43:18","modified_gmt":"2026-01-26T03:43:18","slug":"rask-ballistisk-hjelm-med-wendys-zorbium-liner-og-cam-fit-opphengssystem-nij-iiia-beskyttelsesniva","status":"publish","type":"product","link":"https:\/\/tyditiao.com\/no\/produkt\/rask-ballistisk-hjelm-med-wendys-zorbium-liner-og-cam-fit-opphengssystem-nij-iiia-beskyttelsesniva\/","title":{"rendered":"RASK ballistisk hjelm, med Wendys Zorbium liner og CAM FIT opphengssystem, NIJ IIIA beskyttelsesniv\u00e5"},"content":{"rendered":"<p><strong>Spesielle merknader:<\/strong><\/p>\n<p>Dette er v\u00e5r nye flaggskipmodell, som kombinerer h\u00f8ykvalitets utf\u00f8relse med h\u00f8yeste komfort. Med mindre annet er angitt, er standardkonfigurasjonen som f\u00f8lger: st\u00f8rrelse L, gr\u00f8nn, FAST skuddsikker hjelm med Zorbium-skumf\u00f4r og CAM FIT-opphengssystem, NIJ IIIA beskyttelsesniv\u00e5. I tillegg tilbyr vi et bredt utvalg av farger (gr\u00f8nn, sand, svart) og st\u00f8rrelser (S, M, L, XL) \u00e5 velge mellom.<\/p>\n<p>Uansett hvor du er, kan du legge inn bestillingen direkte via denne lenken og foreta kj\u00f8pet uten problemer. Bare spesifiser st\u00f8rrelsen og fargen du trenger i bestillingsnotatene (for eksempel: XL-svart), s\u00e5 f\u00e5r du dr\u00f8mmeutstyret ditt. Vi vil ikke belaste noen ekstra avgifter for \u00e5 velge andre farger og st\u00f8rrelser.<\/p>\n<hr \/>\n<p><strong>Forsvarsniv\u00e5:<\/strong><\/p>\n<p>Denne skuddsikre hjelmen er en NIJ Level IIIA skuddsikker hjelm i henhold til NIJ 0101.06-standarden, relevante testrapporter kan leveres.<\/p>\n<hr \/>\n<p><strong>Defensive prosjektilparametere:<\/strong><\/p>\n<p>.44 Mag SJHP<br \/>\n.357 SIG FMJ FN<br \/>\n9mm FMJ RN<br \/>\n.357 Mag JSP<br \/>\n.40 S&amp;W FMJ<\/p>\n<p>Den gir ogs\u00e5 beskyttelse mot de fleste skytev\u00e5pentrusler, samt trusler av klasse IIA og II.<\/p>\n<hr \/>\n<p><strong>Parametere for skuddsikker hjelm:<\/strong><\/p>\n<p>Navn: NIJ lllA FAST milit\u00e6r skuddsikker taktisk hjelm laget av Kevlar med Wendy Zorbium skumf\u00f4r + CAM FIT opphengssystem<\/p>\n<p>Materiale: DuPont Kevlar-aramidfiber med h\u00f8y styrke<br \/>\nSt\u00f8rrelse: S, M, L, XL<br \/>\nFarge: gr\u00f8nn, sand, svart<br \/>\nValgfritt tilbeh\u00f8r: skuddsikker maske, etc.<br \/>\nGarantiperiode: 5 \u00e5rs garantiperiode kan ha tilstrekkelig beskyttelsesevne, men hvis den overskrider garantiperioden<br \/>\nLivskvalitet vil redusere evnen til \u00e5 beskytte.<\/p>\n<p>&nbsp;<\/p>\n<hr \/>\n<p><strong>Detaljer og st\u00f8rrelsessammenligning av skuddsikre hjelmer:<\/strong><\/p>\n<p>&nbsp;<\/p>\n<table style=\"border-collapse: collapse;\" border=\"1\" cellspacing=\"0\" cellpadding=\"5\">\n<thead>\n<tr>\n<th>Ballistic Hjelm Hjelm Str<\/th>\n<th>S<\/th>\n<th>M<\/th>\n<th>L<\/th>\n<th>XL<\/th>\n<\/tr>\n<\/thead>\n<tbody>\n<tr>\n<td>Beleggtykkelse<\/td>\n<td>9.5<\/td>\n<td>9.5<\/td>\n<td>10 (9.5)<\/td>\n<td>10 (9.5)<\/td>\n<\/tr>\n<tr>\n<td>Beskyttelsesniv\u00e5<\/td>\n<td>3A.44<\/td>\n<td>3A.44<\/td>\n<td>3A.44<\/td>\n<td>3A.44<\/td>\n<\/tr>\n<tr>\n<td>Langakse (langakse\/mm)<\/td>\n<td>235<\/td>\n<td>240<\/td>\n<td>247<\/td>\n<td>263<\/td>\n<\/tr>\n<tr>\n<td>Kort akse (Minor Axis\/mm)<\/td>\n<td>182<\/td>\n<td>185<\/td>\n<td>193<\/td>\n<td>205<\/td>\n<\/tr>\n<tr>\n<td>Innvendig H\u00f8yde\/mm<\/td>\n<td>146<\/td>\n<td>153<\/td>\n<td>158<\/td>\n<td>161<\/td>\n<\/tr>\n<tr>\n<td>Hodeomkrets (med spiker)<\/td>\n<td>53-59<\/td>\n<td>53-59<\/td>\n<td>56-59<\/td>\n<td>58-62<\/td>\n<\/tr>\n<tr>\n<td>Standardvekt (vekt\/kg)<\/td>\n<td>1.24<\/td>\n<td>1.29<\/td>\n<td>1.32<\/td>\n<td>1.42<\/td>\n<\/tr>\n<tr>\n<td>Vekt Avvik\/Kg<\/td>\n<td>0.05<\/td>\n<td>0.05<\/td>\n<td>0.05<\/td>\n<td>0.05<\/td>\n<\/tr>\n<tr>\n<td>Boksvekt\/KG<\/td>\n<td>2<\/td>\n<td>2<\/td>\n<td>2<\/td>\n<td>2.1<\/td>\n<\/tr>\n<\/tbody>\n<\/table>\n","protected":false},"excerpt":{"rendered":"<p>Kombinasjonen av fordelene med FAST ballistisk hjelm og Wendy-hjelmen gir utmerket komfort og beskyttelse, slik at du kan opprettholde full mobilitet og sikkerhet under enhver oppgave.<\/p>\n<p>Lett og komfortabel design: FAST-hjelmen med sin moderne lette design reduserer vekten til et minimum, noe som gj\u00f8r den ideell for langvarig bruk under krevende forhold. Gir eksepsjonell komfort, selv under intense aktiviteter.<\/p>\n<p>Presisjonsfj\u00e6ringssystem: Zorbium-innsats og CAM FIT-fj\u00e6ringssystem gir presis justering til hodets form, og gir en stabil, myk og komfortabel passform, som garanterer komfort n\u00e5r den b\u00e6res over lengre perioder.<\/p>\n<p>Det er ikke behov for selvmontering, noe som lar deg spare tid og krefter og umiddelbart nyte komplett taktisk utstyr.<\/p>\n","protected":false},"featured_media":16576,"comment_status":"open","ping_status":"closed","template":"","meta":[],"product_brand":[],"product_cat":[597,823,746],"product_tag":[],"woo-feed-brand":[50],"class_list":{"0":"post-16809","1":"product","2":"type-product","3":"status-publish","4":"has-post-thumbnail","6":"product_cat-ballistisk-maske","7":"product_cat-fort","8":"product_cat-skuddsikker-hjelm","9":"woo-feed-brand-tyditiao","11":"first","12":"instock","13":"sale","14":"shipping-taxable","15":"purchasable","16":"product-type-simple"},"_links":{"self":[{"href":"https:\/\/tyditiao.com\/no\/wp-json\/wp\/v2\/product\/16809","targetHints":{"allow":["GET"]}}],"collection":[{"href":"https:\/\/tyditiao.com\/no\/wp-json\/wp\/v2\/product"}],"about":[{"href":"https:\/\/tyditiao.com\/no\/wp-json\/wp\/v2\/types\/product"}],"replies":[{"embeddable":true,"href":"https:\/\/tyditiao.com\/no\/wp-json\/wp\/v2\/comments?post=16809"}],"wp:featuredmedia":[{"embeddable":true,"href":"https:\/\/tyditiao.com\/no\/wp-json\/wp\/v2\/media\/16576"}],"wp:attachment":[{"href":"https:\/\/tyditiao.com\/no\/wp-json\/wp\/v2\/media?parent=16809"}],"wp:term":[{"taxonomy":"product_brand","embeddable":true,"href":"https:\/\/tyditiao.com\/no\/wp-json\/wp\/v2\/product_brand?post=16809"},{"taxonomy":"product_cat","embeddable":true,"href":"https:\/\/tyditiao.com\/no\/wp-json\/wp\/v2\/product_cat?post=16809"},{"taxonomy":"product_tag","embeddable":true,"href":"https:\/\/tyditiao.com\/no\/wp-json\/wp\/v2\/product_tag?post=16809"},{"taxonomy":"woo-feed-brand","embeddable":true,"href":"https:\/\/tyditiao.com\/no\/wp-json\/wp\/v2\/woo-feed-brand?post=16809"}],"curies":[{"name":"wp","href":"https:\/\/api.w.org\/{rel}","templated":true}]}}