{"id":16810,"date":"2025-04-17T11:28:35","date_gmt":"2025-04-17T09:28:35","guid":{"rendered":"https:\/\/tyditiao.com\/product\/ballistisk-hjelm-med-ansiktsskjerm-og-hakebeskyttelse-tdtm-3-full-nij-iiia-beskyttelse-ideell-for-ekstreme-taktiske-forhold\/"},"modified":"2025-04-20T08:45:35","modified_gmt":"2025-04-20T06:45:35","slug":"ballistisk-hjelm-med-ansiktsskjerm-og-hakebeskyttelse-tdtm-3-full-nij-iiia-beskyttelse-ideell-for-ekstreme-taktiske-forhold","status":"publish","type":"product","link":"https:\/\/tyditiao.com\/no\/produkt\/ballistisk-hjelm-med-ansiktsskjerm-og-hakebeskyttelse-tdtm-3-full-nij-iiia-beskyttelse-ideell-for-ekstreme-taktiske-forhold\/","title":{"rendered":"ballistisk hjelm med ansiktsskjerm og hakebeskyttelse, TDTM-3, full NIJ IIIA-beskyttelse, ideell for ekstreme taktiske forhold"},"content":{"rendered":"<p>H\u00f8ystyrke skuddsikkert glass: H\u00f8ykvalitets skuddsikkert glass gir effektiv beskyttelse for ansiktet ditt i tilfelle en eksplosjon eller st\u00f8t samtidig som det sikrer utmerket synlighet.<\/p>\n<p>Jaw Guard Module: En modul designet spesielt for \u00e5 beskytte kjeveomr\u00e5det, gi ekstra beskyttelse til haken, beskytte mot skader under taktiske operasjoner.<\/p>\n<p>Komfortabelt justeringssystem: Utstyrt med et justerbart fj\u00e6ringssystem og h\u00f8ydensitets memory foam-polstring som gir demping, absorberer fuktighet og svette, og reduserer tretthet ved langvarig bruk. Tilgjengeligheten av forskjellige st\u00f8rrelser (S, M, L, XL) garanterer en behagelig passform til hodets form. <\/p>\n<p>Montering av taktisk tilbeh\u00f8r: Hjelmen har flere monteringspunkter som muliggj\u00f8r rask installasjon av nattsyn, kommunikasjonsutstyr og annet taktisk tilbeh\u00f8r, og oppfyller kravene til spesialiserte kampoperasjoner.<\/p>\n<p><strong>Spesielle merknader:<\/strong><\/p>\n<p>Denne ballistiske hjelmen i NIJ IIIA-klassen gir omfattende hodebeskyttelse under taktiske operasjoner. Den ble spesialdesignet for \u00e5 sikre sikkerheten til soldater under ekstreme forhold. Enten det er skuddsikkert glass i ansiktet eller skuddsikre moduler p\u00e5 kjeven, gir de uovertruffen beskyttelse mot splinter, fragmenter og st\u00f8tskader. Det gjennomtenkte designet og komfortjusteringssystemet garanterer maksimal komfort under langvarig kamp. Enten det er p\u00e5 slagmarken, en politioperasjon eller et treningsmilj\u00f8, kan vi gi deg solid st\u00f8tte.    <\/p>\n<p>Hvis det ikke er noen spesiell merknad, er standardkonfigurasjonen: st\u00f8rrelse L, farge gr\u00f8nn. I tillegg tilbyr vi et bredt utvalg av farger (sand\/svart\/gr\u00f8nn\/MC-kamuflasje\/ulvebrun) og st\u00f8rrelser (S, M, L, XL) \u00e5 velge mellom. <\/p>\n<p>Uansett hvor du er, kan du legge inn bestillingen direkte via denne lenken og foreta kj\u00f8pet uten problemer. Bare spesifiser st\u00f8rrelsen og fargen du trenger i bestillingsnotatene (for eksempel: XL-svart), s\u00e5 f\u00e5r du dr\u00f8mmeutstyret ditt. Vi vil ikke belaste noen ekstra avgifter for \u00e5 velge andre farger og st\u00f8rrelser.  <\/p>\n<hr>\n<p><strong>Ang\u00e5ende scenarier:<\/strong><\/p>\n<p>Spesielle operasjonsstyrker<br \/>\nH\u00e5ndhevelse i h\u00f8yrisikomilj\u00f8er<br \/>\nUtend\u00f8rs taktisk idrett og skytetrening<br \/>\nRednings- og oppr\u00f8rskontrolloppdrag<\/p>\n<hr>\n<p><strong>Defensive prosjektilparametere:<\/strong><\/p>\n<p>.44 Mag SJHP<br \/>\n.357 SIG FMJ FN<br \/>\n9mm FMJ RN<br \/>\n.357 Mag JSP<br \/>\n.40 S&amp;W FMJ<\/p>\n<p>Den gir ogs\u00e5 beskyttelse mot de fleste skytev\u00e5pentrusler, samt trusler av klasse IIA og II.<\/p>\n<hr>\n<p><strong>parameter:<\/strong><\/p>\n<p>Hjelmmodell: TDTM-3<br \/>\nMateriale: Hjelm og munnbeskyttelse er laget av UHMWPE<br \/>\nVekt: ca 2,8 kg (skuddsikker hjelm + skuddsikker maske + munnbeskyttelse)<br \/>\nSt\u00f8rrelse: S (53-59 cm), M (53-59 cm), L (56-59 cm), L (58-62 cm)<br \/>\nFarge: Sort\/Gr\u00f8nn\/MC Camo\/Ulvebrun<br \/>\nStruktur: Hjelmkropps- og ansiktsbeskyttelseskomponenter (avtakbar)<br \/>\nBeskyttelsesomr\u00e5de: hjelmkropp \u2265 0,125 mm, briller \u2265 0,025 m, panne \u2265 0,04 m<\/p>\n<p>&nbsp;<\/p>\n","protected":false},"excerpt":{"rendered":"<p>Omfattende beskyttelse: Kombinerer et skuddsikkert ansiktsskjold og en kjevebeskyttelsesmodul for \u00e5 gi 360-graders beskyttelse for hele hodet, og sikrer full sikkerhet i h\u00f8yrisikomilj\u00f8er.<\/p>\n<p>Optimalisert tyngdepunkt, stabil passform: Den n\u00f8yaktig utformede hjelmstrukturen sikrer en rasjonell fordeling av tyngdepunktet, og eliminerer st\u00f8t n\u00e5r du l\u00f8per eller hopper. Dette lar deg opprettholde fleksibilitet og frihet n\u00e5r du sikter i st\u00e5ende stilling, skyter, utf\u00f8rer taktiske man\u00f8vrer og andre aktiviteter. Den totale vekten er redusert til maksimalt mulig niv\u00e5 samtidig som full beskyttelse opprettholdes.  <\/p>\n<p>NIJ IIIA-beskyttelsesstandard: Oppfyller NIJ IIIA-standarder, og beskytter effektivt mot angrep med lav til middels trussel som h\u00e5ndv\u00e5penkuler og splinter, noe som forbedrer taktisk sikkerhet.<\/p>\n","protected":false},"featured_media":16769,"comment_status":"open","ping_status":"closed","template":"","meta":[],"product_brand":[],"product_cat":[597,746],"product_tag":[],"woo-feed-brand":[50],"class_list":{"0":"post-16810","1":"product","2":"type-product","3":"status-publish","4":"has-post-thumbnail","6":"product_cat-ballistisk-maske","7":"product_cat-skuddsikker-hjelm","8":"woo-feed-brand-tyditiao","10":"first","11":"instock","12":"sale","13":"shipping-taxable","14":"purchasable","15":"product-type-simple"},"_links":{"self":[{"href":"https:\/\/tyditiao.com\/no\/wp-json\/wp\/v2\/product\/16810","targetHints":{"allow":["GET"]}}],"collection":[{"href":"https:\/\/tyditiao.com\/no\/wp-json\/wp\/v2\/product"}],"about":[{"href":"https:\/\/tyditiao.com\/no\/wp-json\/wp\/v2\/types\/product"}],"replies":[{"embeddable":true,"href":"https:\/\/tyditiao.com\/no\/wp-json\/wp\/v2\/comments?post=16810"}],"wp:featuredmedia":[{"embeddable":true,"href":"https:\/\/tyditiao.com\/no\/wp-json\/wp\/v2\/media\/16769"}],"wp:attachment":[{"href":"https:\/\/tyditiao.com\/no\/wp-json\/wp\/v2\/media?parent=16810"}],"wp:term":[{"taxonomy":"product_brand","embeddable":true,"href":"https:\/\/tyditiao.com\/no\/wp-json\/wp\/v2\/product_brand?post=16810"},{"taxonomy":"product_cat","embeddable":true,"href":"https:\/\/tyditiao.com\/no\/wp-json\/wp\/v2\/product_cat?post=16810"},{"taxonomy":"product_tag","embeddable":true,"href":"https:\/\/tyditiao.com\/no\/wp-json\/wp\/v2\/product_tag?post=16810"},{"taxonomy":"woo-feed-brand","embeddable":true,"href":"https:\/\/tyditiao.com\/no\/wp-json\/wp\/v2\/woo-feed-brand?post=16810"}],"curies":[{"name":"wp","href":"https:\/\/api.w.org\/{rel}","templated":true}]}}