{"id":8410,"date":"2023-03-05T03:25:17","date_gmt":"2023-05-21T09:40:11","guid":{"rendered":"http:\/\/tyditiao.com\/product\/capacete-tatico-wendy-3a-leve-forca-especial-capacete-a-prova-de-explosao-tamanho-especial-cor-personalizada-link-de-compra-dedicado\/"},"modified":"2023-05-21T11:40:11","modified_gmt":"2023-05-21T09:40:11","slug":"wendy-tactical-helm-light-forces-special-3a-explosion-proof-helm-special-size-custom-color-dedicated-link-to-purchase","status":"publish","type":"product","link":"https:\/\/tyditiao.com\/pt-pt\/produtos\/wendy-tactical-helm-light-forces-special-3a-explosion-proof-helm-special-size-custom-color-dedicated-link-to-purchase\/","title":{"rendered":"Capacete t\u00e1tico WENDY 3A leve for\u00e7a especial capacete \u00e0 prova de explos\u00e3o tamanho especial cor personalizada link de compra dedicado"},"content":{"rendered":"<p><strong>Sobre o tamanho do capacete \u00e0 prova de balas WENDY:<\/strong> Para este capacete \u00e0 prova de balas das for\u00e7as especiais WENDY, adicionamos moldes de produ\u00e7\u00e3o de tamanho grande e pequeno para atender usu\u00e1rios com diferentes necessidades. Tamanho M \u00e9 um tamanho normal que cabe na maioria das pessoas. Se voc\u00ea acha que um tamanho pequeno pode atender melhor \u00e0s suas pr\u00f3prias necessidades ou h\u00e1bitos de uso, escolha um tamanho pequeno, caso contr\u00e1rio, escolha um tamanho grande.<\/p>\n<p><strong>Sobre a cor do capacete \u00e0 prova de balas WENDY:<\/strong> As cores que produzimos em massa s\u00e3o principalmente preto, marrom claro e verde. Mas, ao mesmo tempo, temos a capacidade de produzir qualquer cor ou v\u00e1rios padr\u00f5es de camuflagem exigidos pelos clientes, como camuflagem de floresta, camuflagem de selva, camuflagem de deserto, camuflagem marinha, camuflagem urbana, etc. , entre em contato conosco, voc\u00ea receber\u00e1 gratuitamente este servi\u00e7o de cores personalizadas, basta nos enviar o padr\u00e3o de cores que deseja<\/p>\n<p><strong>Capacete T\u00e1tico WENDY N\u00edvel \u00e0 prova de balas:<\/strong> 0101.06 N\u00edvel IIIA padr\u00e3o<\/p>\n<p>CONFORT\u00c1VEL DE USAR: O amortecimento de espuma Zorbium tem um forro repelente \u00e0 \u00e1gua com um revestimento antimicrobiano que absorve a umidade para mant\u00ea-lo fresco e seco.<\/p>\n<p>AJUSTE F\u00c1CIL: Sistema de fixa\u00e7\u00e3o CAM FIT leve de n\u00edvel militar com sistema de fechamento BOA para ajuste seguro com uma m\u00e3o para um ajuste preciso.<\/p>\n<p>EXPANS\u00cdVEL: O sistema de montagem Rail 2.0 \u00e9 compat\u00edvel com todos os acess\u00f3rios EXFIL Rail 2.0. O trilho de montagem do gimbal revers\u00edvel e o suporte do gimbal na testa permitem que Wendy crie mais possibilidades.<\/p>\n<p>Al\u00e9m da suspens\u00e3o normal, o capacete possui tr\u00eas almofadas de impacto e oito almofadas ajust\u00e1veis para ajuste e conforto ideais<\/p>\n","protected":false},"excerpt":{"rendered":"<p>Sobre o tamanho do capacete \u00e0 prova de balas WENDY: Para este capacete \u00e0 prova de balas das for\u00e7as especiais&#8230;<\/p>\n","protected":false},"featured_media":7917,"comment_status":"open","ping_status":"closed","template":"","meta":[],"product_brand":[],"product_cat":[494,492,493],"product_tag":[],"woo-feed-brand":[],"class_list":{"0":"post-8410","1":"product","2":"type-product","3":"status-publish","4":"has-post-thumbnail","6":"product_cat-capacete-a-prova-de-balas","7":"product_cat-sem-categoria","8":"product_cat-wendy-pt-pt","10":"first","11":"instock","12":"sale","13":"shipping-taxable","14":"purchasable","15":"product-type-variable","16":"has-default-attributes"},"_links":{"self":[{"href":"https:\/\/tyditiao.com\/pt-pt\/wp-json\/wp\/v2\/product\/8410","targetHints":{"allow":["GET"]}}],"collection":[{"href":"https:\/\/tyditiao.com\/pt-pt\/wp-json\/wp\/v2\/product"}],"about":[{"href":"https:\/\/tyditiao.com\/pt-pt\/wp-json\/wp\/v2\/types\/product"}],"replies":[{"embeddable":true,"href":"https:\/\/tyditiao.com\/pt-pt\/wp-json\/wp\/v2\/comments?post=8410"}],"wp:featuredmedia":[{"embeddable":true,"href":"https:\/\/tyditiao.com\/pt-pt\/wp-json\/wp\/v2\/media\/7917"}],"wp:attachment":[{"href":"https:\/\/tyditiao.com\/pt-pt\/wp-json\/wp\/v2\/media?parent=8410"}],"wp:term":[{"taxonomy":"product_brand","embeddable":true,"href":"https:\/\/tyditiao.com\/pt-pt\/wp-json\/wp\/v2\/product_brand?post=8410"},{"taxonomy":"product_cat","embeddable":true,"href":"https:\/\/tyditiao.com\/pt-pt\/wp-json\/wp\/v2\/product_cat?post=8410"},{"taxonomy":"product_tag","embeddable":true,"href":"https:\/\/tyditiao.com\/pt-pt\/wp-json\/wp\/v2\/product_tag?post=8410"},{"taxonomy":"woo-feed-brand","embeddable":true,"href":"https:\/\/tyditiao.com\/pt-pt\/wp-json\/wp\/v2\/woo-feed-brand?post=8410"}],"curies":[{"name":"wp","href":"https:\/\/api.w.org\/{rel}","templated":true}]}}