{"id":8450,"date":"2023-03-05T03:22:19","date_gmt":"2023-05-21T09:42:52","guid":{"rendered":"http:\/\/tyditiao.com\/product\/capacete-balistico-mich2000-capacete-balistico-tatico-3a-tamanho-especial-cor-personalizada-link-de-compra-dedicado\/"},"modified":"2023-05-21T11:42:52","modified_gmt":"2023-05-21T09:42:52","slug":"mich2000-capacete-a-prova-de-balas-3a-tatico-balistico-capacete-tamanho-especial-cor-personalizada-dedicado-comprar-link","status":"publish","type":"product","link":"https:\/\/tyditiao.com\/pt-pt\/produtos\/mich2000-capacete-a-prova-de-balas-3a-tatico-balistico-capacete-tamanho-especial-cor-personalizada-dedicado-comprar-link\/","title":{"rendered":"Capacete bal\u00edstico Mich2000, capacete bal\u00edstico t\u00e1tico 3A, tamanho especial, cor personalizada, link de compra dedicado"},"content":{"rendered":"<p><strong>Sobre o tamanho do capacete Mich2000:<\/strong> Adicionamos moldes de produ\u00e7\u00e3o pequenos e grandes para este capacete bal\u00edstico t\u00e1tico Mich 3A para atender usu\u00e1rios com diferentes necessidades. O tamanho M \u00e9 um tamanho normal e serve para a maioria das pessoas. Se voc\u00ea acha que o tamanho pequeno pode atender melhor \u00e0s suas pr\u00f3prias necessidades ou h\u00e1bitos de uso, escolha o tamanho pequeno, caso contr\u00e1rio, escolha o tamanho grande.<\/p>\n<p><strong>Sobre a cor do capacete \u00e0 prova de balas Mich2000:<\/strong> Capacete \u00e0 prova de balas t\u00e1tico Mich 3A, produzimos principalmente tr\u00eas cores: preto, marrom claro e verde. Mas, ao mesmo tempo, temos a capacidade de produzir qualquer cor ou v\u00e1rios padr\u00f5es de camuflagem especificados pelos clientes, como camuflagem de floresta, camuflagem de selva, camuflagem de deserto, camuflagem marinha e camuflagem urbana, etc. , entre em contato conosco, voc\u00ea receber\u00e1 gratuitamente este servi\u00e7o de cores personalizadas, basta nos enviar o padr\u00e3o de cores que deseja.<\/p>\n<p>Capacete MICH2000 \u00e0 prova de balas: 0101.06 n\u00edvel IIIA padr\u00e3o<\/p>\n<p>Material: Fibra de Aramida Kevlar-Dupont de Alta Tenacidade<\/p>\n<p>O Capacete Bal\u00edstico MICH2000 tem uma superf\u00edcie protetora maior e um design decotado que cobre melhor as laterais da cabe\u00e7a, o que \u00e9 ainda mais vantajoso se voc\u00ea n\u00e3o planeja instalar muitos acess\u00f3rios.<\/p>\n<p>O sistema de fixa\u00e7\u00e3o de quatro pontos do capacete bal\u00edstico Mich2000 \u00e9 semelhante \u00e0 prote\u00e7\u00e3o e cintas encontradas nos capacetes de skate e bicicleta.<\/p>\n","protected":false},"excerpt":{"rendered":"<p>Sobre o tamanho do capacete Mich2000: Adicionamos moldes de produ\u00e7\u00e3o pequenos e grandes para este capacete bal\u00edstico t\u00e1tico Mich 3A&#8230;<\/p>\n","protected":false},"featured_media":7843,"comment_status":"open","ping_status":"closed","template":"","meta":[],"product_brand":[],"product_cat":[494,502],"product_tag":[],"woo-feed-brand":[],"class_list":{"0":"post-8450","1":"product","2":"type-product","3":"status-publish","4":"has-post-thumbnail","6":"product_cat-capacete-a-prova-de-balas","7":"product_cat-mich2000-pt-pt","9":"first","10":"instock","11":"sale","12":"shipping-taxable","13":"purchasable","14":"product-type-variable","15":"has-default-attributes"},"_links":{"self":[{"href":"https:\/\/tyditiao.com\/pt-pt\/wp-json\/wp\/v2\/product\/8450","targetHints":{"allow":["GET"]}}],"collection":[{"href":"https:\/\/tyditiao.com\/pt-pt\/wp-json\/wp\/v2\/product"}],"about":[{"href":"https:\/\/tyditiao.com\/pt-pt\/wp-json\/wp\/v2\/types\/product"}],"replies":[{"embeddable":true,"href":"https:\/\/tyditiao.com\/pt-pt\/wp-json\/wp\/v2\/comments?post=8450"}],"wp:featuredmedia":[{"embeddable":true,"href":"https:\/\/tyditiao.com\/pt-pt\/wp-json\/wp\/v2\/media\/7843"}],"wp:attachment":[{"href":"https:\/\/tyditiao.com\/pt-pt\/wp-json\/wp\/v2\/media?parent=8450"}],"wp:term":[{"taxonomy":"product_brand","embeddable":true,"href":"https:\/\/tyditiao.com\/pt-pt\/wp-json\/wp\/v2\/product_brand?post=8450"},{"taxonomy":"product_cat","embeddable":true,"href":"https:\/\/tyditiao.com\/pt-pt\/wp-json\/wp\/v2\/product_cat?post=8450"},{"taxonomy":"product_tag","embeddable":true,"href":"https:\/\/tyditiao.com\/pt-pt\/wp-json\/wp\/v2\/product_tag?post=8450"},{"taxonomy":"woo-feed-brand","embeddable":true,"href":"https:\/\/tyditiao.com\/pt-pt\/wp-json\/wp\/v2\/woo-feed-brand?post=8450"}],"curies":[{"name":"wp","href":"https:\/\/api.w.org\/{rel}","templated":true}]}}