{"id":8544,"date":"2022-10-21T05:25:40","date_gmt":"2022-10-21T03:25:40","guid":{"rendered":"http:\/\/tyditiao.com\/product\/uhmwpe-nij-nivel-iiia-7mm-05kg-placa-peitoral-a-prova-de-balas-250x300mm\/"},"modified":"2026-01-25T18:08:09","modified_gmt":"2026-01-25T16:08:09","slug":"uhmwpe-nij-level-iiia-7mm-0-5kgn-breastplate-bulletproof-250x300mm","status":"publish","type":"product","link":"https:\/\/tyditiao.com\/pt-pt\/produtos\/uhmwpe-nij-level-iiia-7mm-0-5kgn-breastplate-bulletproof-250x300mm\/","title":{"rendered":"UHMWPE, NIJ N\u00edvel IIIA, 7MM, 0,5KG, Placa Peitoral \u00e0 prova de balas, 250X300MM"},"content":{"rendered":"<p>Peso: 0,5KG<br \/>\nMaterial: PE<br \/>\nEspessura: 7MM<br \/>\nClasse de prote\u00e7\u00e3o: n\u00edvel NIJ IIIA (GA4)<\/p>\n<p>Camada externa: tecido de poli\u00e9ster imperme\u00e1vel preto;<br \/>\nDimens\u00f5es: 250x300mm \/ 9,8&#8217;x11,8&#8242;<br \/>\nForma: Trap\u00e9zio (placa trap\u00e9zio com cantos chanfrados)<\/p>\n<p>Lista de embalagem:<br \/>\n1 x placa \u00e0 prova de balas trapezoidal.<\/p>\n<p>Perceber:<br \/>\nColete refletivo n\u00e3o incluso<\/p>\n<p>Usu\u00e1rios-alvo: For\u00e7as Armadas, SWAT, Seguran\u00e7a Interna, Alf\u00e2ndega e Prote\u00e7\u00e3o de Fronteiras, Controle de Imigra\u00e7\u00e3o e outros que enfrentam amea\u00e7as de armas podem ser equipados com nossos produtos. As pessoas obt\u00eam melhores resultados e menos baixas. O produto tamb\u00e9m \u00e9 mais adequado para situa\u00e7\u00f5es como miss\u00f5es de longa dist\u00e2ncia ou miss\u00f5es de longa dist\u00e2ncia. Tamb\u00e9m \u00e9 uma boa escolha para sua pr\u00f3pria prote\u00e7\u00e3o familiar<\/p>\n","protected":false},"excerpt":{"rendered":"<p>Este forro \u00e9 feito de fibra PE pura: a vantagem \u00e9 o peso leve e menor chance de danos secund\u00e1rios ap\u00f3s a fritura. Uma vez travado, o proj\u00e9til fica embutido na l\u00e2mina com baix\u00edssima probabilidade de rebote<\/p>\n<p>Placa \u00e0 prova de bala PE puro, grau NIJ IIIA: peso 0,5 kg, \u00e0 prova de chumbo, tipo 54, pistola tipo 64, submetralhadora tipo 79<\/p>\n<p>Camada tamp\u00e3o: H\u00e1 uma camada de almofada de algod\u00e3o EVA \u00e0 prova de choque dentro de cada placa \u00e0 prova de balas, que pode efetivamente reduzir o impacto no corpo humano ap\u00f3s ser bombardeado<\/p>\n<p>Design de arco duplo: O engomar mec\u00e2nico nos lados esquerdo e direito da t\u00e1bua de acordo com os princ\u00edpios ergon\u00f4micos faz com que as bordas arqueadas se encaixem perfeitamente no corpo<\/p>\n","protected":false},"featured_media":7995,"comment_status":"open","ping_status":"closed","template":"","meta":[],"product_brand":[],"product_cat":[514],"product_tag":[],"woo-feed-brand":[50],"class_list":{"0":"post-8544","1":"product","2":"type-product","3":"status-publish","4":"has-post-thumbnail","6":"product_cat-placa-de-peito-a-prova-de-balas","7":"woo-feed-brand-tyditiao","9":"first","10":"instock","11":"sale","12":"shipping-taxable","13":"purchasable","14":"product-type-simple"},"_links":{"self":[{"href":"https:\/\/tyditiao.com\/pt-pt\/wp-json\/wp\/v2\/product\/8544","targetHints":{"allow":["GET"]}}],"collection":[{"href":"https:\/\/tyditiao.com\/pt-pt\/wp-json\/wp\/v2\/product"}],"about":[{"href":"https:\/\/tyditiao.com\/pt-pt\/wp-json\/wp\/v2\/types\/product"}],"replies":[{"embeddable":true,"href":"https:\/\/tyditiao.com\/pt-pt\/wp-json\/wp\/v2\/comments?post=8544"}],"wp:featuredmedia":[{"embeddable":true,"href":"https:\/\/tyditiao.com\/pt-pt\/wp-json\/wp\/v2\/media\/7995"}],"wp:attachment":[{"href":"https:\/\/tyditiao.com\/pt-pt\/wp-json\/wp\/v2\/media?parent=8544"}],"wp:term":[{"taxonomy":"product_brand","embeddable":true,"href":"https:\/\/tyditiao.com\/pt-pt\/wp-json\/wp\/v2\/product_brand?post=8544"},{"taxonomy":"product_cat","embeddable":true,"href":"https:\/\/tyditiao.com\/pt-pt\/wp-json\/wp\/v2\/product_cat?post=8544"},{"taxonomy":"product_tag","embeddable":true,"href":"https:\/\/tyditiao.com\/pt-pt\/wp-json\/wp\/v2\/product_tag?post=8544"},{"taxonomy":"woo-feed-brand","embeddable":true,"href":"https:\/\/tyditiao.com\/pt-pt\/wp-json\/wp\/v2\/woo-feed-brand?post=8544"}],"curies":[{"name":"wp","href":"https:\/\/api.w.org\/{rel}","templated":true}]}}