{"id":8557,"date":"2022-10-21T05:20:55","date_gmt":"2023-05-21T10:34:30","guid":{"rendered":"http:\/\/tyditiao.com\/product\/aco-a-prova-de-balas-nij-iv-7mm-3kg-peitoral-balistico-a-prova-de-balas-250x300mm\/"},"modified":"2025-09-29T15:50:19","modified_gmt":"2025-09-29T13:50:19","slug":"aco-a-prova-de-balas-nij-level-iv-7mm-3kg-couraca-a-prova-de-balas-250x300mm","status":"publish","type":"product","link":"https:\/\/tyditiao.com\/pt-pt\/produtos\/aco-a-prova-de-balas-nij-level-iv-7mm-3kg-couraca-a-prova-de-balas-250x300mm\/","title":{"rendered":"A\u00e7o \u00e0 prova de balas, NIJ IV, 7MM, 3KG, peitoral bal\u00edstico \u00e0 prova de balas, 250X300MM"},"content":{"rendered":"<p>Peso: 3kg<br \/>\nMaterial: a\u00e7o \u00e0 prova de balas;<br \/>\nEspessura: 7MM<br \/>\nClasse de prote\u00e7\u00e3o: NIJ IV (GA6)<\/p>\n<p>Tamanho: 25 cm * 30 cm<br \/>\nForma: Trap\u00e9zio (placa trap\u00e9zio com cantos chanfrados)<\/p>\n<p>Lista de embalagem:<br \/>\n1 x placa \u00e0 prova de balas trapezoidal.<\/p>\n<p>Perceber:<br \/>\nColete refletivo n\u00e3o incluso<\/p>\n<p>Usu\u00e1rios: defesa familiar, pessoal relacionado a riscos, defesa de moeda banc\u00e1ria, pessoal militar estrangeiro, pessoal estrangeiro em conflitos armados, pessoal de seguran\u00e7a, marinheiros, guardas de fronteira, etc.<\/p>\n","protected":false},"excerpt":{"rendered":"<p>Fabricado em chapa de a\u00e7o especial \u00e0 prova de bala: o mesmo n\u00edvel de prote\u00e7\u00e3o, com a vantagem de ser fino e leve.<\/p>\n<p>Camada tamp\u00e3o: H\u00e1 uma camada de almofada de algod\u00e3o EVA \u00e0 prova de choque dentro de cada placa \u00e0 prova de balas, que pode efetivamente reduzir o impacto no corpo humano ap\u00f3s ser bombardeado<\/p>\n<p>Design de arco duplo: O engomar mec\u00e2nico nos lados esquerdo e direito da t\u00e1bua de acordo com os princ\u00edpios ergon\u00f4micos faz com que as bordas arqueadas se encaixem perfeitamente no corpo<\/p>\n<p>Aplica\u00e7\u00e3o: Por seguran\u00e7a, use-o com coletes t\u00e1ticos, jaquetas, mochilas bal\u00edsticas, v\u00e1rios coletes \u00e0 prova de balas, etc.<\/p>\n","protected":false},"featured_media":7990,"comment_status":"open","ping_status":"closed","template":"","meta":[],"product_brand":[],"product_cat":[514],"product_tag":[],"woo-feed-brand":[50],"class_list":{"0":"post-8557","1":"product","2":"type-product","3":"status-publish","4":"has-post-thumbnail","6":"product_cat-placa-de-peito-a-prova-de-balas","7":"woo-feed-brand-tyditiao","9":"first","10":"instock","11":"sale","12":"shipping-taxable","13":"purchasable","14":"product-type-simple"},"_links":{"self":[{"href":"https:\/\/tyditiao.com\/pt-pt\/wp-json\/wp\/v2\/product\/8557","targetHints":{"allow":["GET"]}}],"collection":[{"href":"https:\/\/tyditiao.com\/pt-pt\/wp-json\/wp\/v2\/product"}],"about":[{"href":"https:\/\/tyditiao.com\/pt-pt\/wp-json\/wp\/v2\/types\/product"}],"replies":[{"embeddable":true,"href":"https:\/\/tyditiao.com\/pt-pt\/wp-json\/wp\/v2\/comments?post=8557"}],"wp:featuredmedia":[{"embeddable":true,"href":"https:\/\/tyditiao.com\/pt-pt\/wp-json\/wp\/v2\/media\/7990"}],"wp:attachment":[{"href":"https:\/\/tyditiao.com\/pt-pt\/wp-json\/wp\/v2\/media?parent=8557"}],"wp:term":[{"taxonomy":"product_brand","embeddable":true,"href":"https:\/\/tyditiao.com\/pt-pt\/wp-json\/wp\/v2\/product_brand?post=8557"},{"taxonomy":"product_cat","embeddable":true,"href":"https:\/\/tyditiao.com\/pt-pt\/wp-json\/wp\/v2\/product_cat?post=8557"},{"taxonomy":"product_tag","embeddable":true,"href":"https:\/\/tyditiao.com\/pt-pt\/wp-json\/wp\/v2\/product_tag?post=8557"},{"taxonomy":"woo-feed-brand","embeddable":true,"href":"https:\/\/tyditiao.com\/pt-pt\/wp-json\/wp\/v2\/woo-feed-brand?post=8557"}],"curies":[{"name":"wp","href":"https:\/\/api.w.org\/{rel}","templated":true}]}}