{"id":8571,"date":"2022-10-21T05:13:02","date_gmt":"2023-05-21T10:42:28","guid":{"rendered":"http:\/\/tyditiao.com\/product\/sic-pe-nij-iii-20mm-18kg-peitoral-a-prova-de-balas-inserto-balistico-250x300mm\/"},"modified":"2023-05-21T12:42:28","modified_gmt":"2023-05-21T10:42:28","slug":"sicpe-nij-level-iii-20mm-1-8kgn-cuirass-bala-proof-250x300mm","status":"publish","type":"product","link":"https:\/\/tyditiao.com\/pt-pt\/produtos\/sicpe-nij-level-iii-20mm-1-8kgn-cuirass-bala-proof-250x300mm\/","title":{"rendered":"SIC + PE, NIJ III, 20MM, 1,8KG, peitoral \u00e0 prova de balas, inserto bal\u00edstico, 250X300MM"},"content":{"rendered":"<p>Peso: 1,8KG<br \/>\nMaterial: Ski+PE<br \/>\nEspessura: 20MM<br \/>\nClasse de prote\u00e7\u00e3o: classe NIJ III (GA5)<\/p>\n<p>Camada externa: tecido de poli\u00e9ster imperme\u00e1vel preto;<br \/>\nDimens\u00f5es: 250x300mm \/ 9,8&#8217;x11,8&#8242;<br \/>\nForma: Trap\u00e9zio (placa trap\u00e9zio com cantos chanfrados)<\/p>\n<p>Lista de embalagem:<br \/>\n1 x placa \u00e0 prova de balas trapezoidal.<\/p>\n<p>Perceber:<br \/>\nColete refletivo n\u00e3o incluso<\/p>\n<p>Usu\u00e1rios-alvo: For\u00e7as Armadas, SWAT, Seguran\u00e7a Interna, Alf\u00e2ndega e Prote\u00e7\u00e3o de Fronteiras, Controle de Imigra\u00e7\u00e3o e outros que enfrentam amea\u00e7as de armas podem ser equipados com nossos produtos. As pessoas obt\u00eam melhores resultados e menos baixas. O produto tamb\u00e9m \u00e9 mais adequado para situa\u00e7\u00f5es como miss\u00f5es de longa dist\u00e2ncia ou miss\u00f5es de longa dist\u00e2ncia. Tamb\u00e9m \u00e9 uma boa escolha para sua pr\u00f3pria prote\u00e7\u00e3o familiar<\/p>\n<p>Inser\u00e7\u00f5es bal\u00edsticas s\u00e3o freq\u00fcentemente usadas em coletes \u00e0 prova de balas ou coletes t\u00e1ticos. Existem dois tipos de cartuchos \u00e0 prova de balas: frontal e lateral. O painel frontal protege o peito e as costas, e os pain\u00e9is laterais protegem as laterais do corpo. Os chanfros geralmente protegem a parte da frente do peito, e os quadrados protegem as costas.<\/p>\n<p>Existem quatro tipos de materiais de placas \u00e0 prova de balas: a\u00e7o \u00e0 prova de balas, polietileno PE, PE+alumina, PE+carboneto de sil\u00edcio. Dispon\u00edvel em uma variedade de modelos de materiais, esta bateria \u00e9 puro PE + sil\u00edcio.<\/p>\n<p>Inser\u00e7\u00f5es \u00e0 prova de balas de cer\u00e2mica s\u00e3o geralmente feitas de materiais como cer\u00e2mica e polietileno PE. A regra \u00e9: quando uma bala atinge um cartucho \u00e0 prova de balas, a bala atinge primeiro o topo da camada de cer\u00e2mica. A enorme for\u00e7a de impacto do proj\u00e9til \u00e9 transmitida ao ambiente, absorvendo a enorme energia cin\u00e9tica do proj\u00e9til. Ao passar pela camada de cer\u00e2mica, o proj\u00e9til perde a maior parte de sua energia cin\u00e9tica. Quando o proj\u00e9til atinge a camada de polietileno, o polietileno dissipa a energia cin\u00e9tica do proj\u00e9til esticando e envolvendo o proj\u00e9til e fragmentos, com pouco efeito sobre o corpo, proporcionando excelente prote\u00e7\u00e3o.<\/p>\n","protected":false},"excerpt":{"rendered":"<p>Placa \u00e0 prova de balas de carboneto de sil\u00edcio ultraleve NIJ 0101.06 Grau III, relat\u00f3rio de teste correspondente pode ser fornecido.<\/p>\n<p>Processo maduro: mostrar\u00e1 desempenho protetor est\u00e1vel e excelente.<\/p>\n<p>Mais leve e mais conveniente do que os pain\u00e9is de cer\u00e2mica de alumina.<\/p>\n<p>A camada superior \u00e9 feita de tecido de poli\u00e9ster resistente \u00e0 \u00e1gua e o painel \u00e9 \u00e0 prova d&#8217;\u00e1gua e resistente a manchas.<\/p>\n","protected":false},"featured_media":7991,"comment_status":"open","ping_status":"closed","template":"","meta":[],"product_brand":[],"product_cat":[514],"product_tag":[],"woo-feed-brand":[50],"class_list":{"0":"post-8571","1":"product","2":"type-product","3":"status-publish","4":"has-post-thumbnail","6":"product_cat-placa-de-peito-a-prova-de-balas","7":"woo-feed-brand-tyditiao","9":"first","10":"instock","11":"sale","12":"shipping-taxable","13":"purchasable","14":"product-type-simple"},"_links":{"self":[{"href":"https:\/\/tyditiao.com\/pt-pt\/wp-json\/wp\/v2\/product\/8571","targetHints":{"allow":["GET"]}}],"collection":[{"href":"https:\/\/tyditiao.com\/pt-pt\/wp-json\/wp\/v2\/product"}],"about":[{"href":"https:\/\/tyditiao.com\/pt-pt\/wp-json\/wp\/v2\/types\/product"}],"replies":[{"embeddable":true,"href":"https:\/\/tyditiao.com\/pt-pt\/wp-json\/wp\/v2\/comments?post=8571"}],"wp:featuredmedia":[{"embeddable":true,"href":"https:\/\/tyditiao.com\/pt-pt\/wp-json\/wp\/v2\/media\/7991"}],"wp:attachment":[{"href":"https:\/\/tyditiao.com\/pt-pt\/wp-json\/wp\/v2\/media?parent=8571"}],"wp:term":[{"taxonomy":"product_brand","embeddable":true,"href":"https:\/\/tyditiao.com\/pt-pt\/wp-json\/wp\/v2\/product_brand?post=8571"},{"taxonomy":"product_cat","embeddable":true,"href":"https:\/\/tyditiao.com\/pt-pt\/wp-json\/wp\/v2\/product_cat?post=8571"},{"taxonomy":"product_tag","embeddable":true,"href":"https:\/\/tyditiao.com\/pt-pt\/wp-json\/wp\/v2\/product_tag?post=8571"},{"taxonomy":"woo-feed-brand","embeddable":true,"href":"https:\/\/tyditiao.com\/pt-pt\/wp-json\/wp\/v2\/woo-feed-brand?post=8571"}],"curies":[{"name":"wp","href":"https:\/\/api.w.org\/{rel}","templated":true}]}}