{"id":8575,"date":"2022-10-21T05:10:23","date_gmt":"2022-10-21T03:10:23","guid":{"rendered":"http:\/\/tyditiao.com\/product\/sicpe-nij-nivel-iv-23mm-25kg-inserto-balistico-peitoral-a-prova-de-balas-250x300mm\/"},"modified":"2025-03-17T13:50:13","modified_gmt":"2025-03-17T11:50:13","slug":"sicpe-nij-level-iv-23mm-2-5kgn-couraca-a-prova-de-balas-250x300mm","status":"publish","type":"product","link":"https:\/\/tyditiao.com\/pt-pt\/produtos\/sicpe-nij-level-iv-23mm-2-5kgn-couraca-a-prova-de-balas-250x300mm\/","title":{"rendered":"SIC+PE, NIJ N\u00edvel IV, 23MM, 2,5KG, inserto bal\u00edstico peitoral \u00e0 prova de balas, 250X300MM"},"content":{"rendered":"<p>Nome: Placa \u00e0 prova de balas de carboneto de sil\u00edcio ultraleve grau IV NIJ<\/p>\n<p>Padr\u00e3o: NIJ 0101.06 Classe IV, podemos fornecer o relat\u00f3rio de teste correspondente.<\/p>\n<p>Material: SiC + UHMW-PE<\/p>\n<p>Peso: 2,5KG + 0,05KG \/ 2,20 + 0,11LB<\/p>\n<p>Espessura: 23mm<\/p>\n<p>Camada externa: tecido de poli\u00e9ster imperme\u00e1vel preto;<br \/>\nDimens\u00f5es: 250x300mm \/ 9,8&#8217;x11,8&#8242;<br \/>\nForma: Trap\u00e9zio (placa trap\u00e9zio com cantos chanfrados)<\/p>\n<p>Lista de embalagem:<br \/>\n1 x placa \u00e0 prova de balas trapezoidal.<\/p>\n<p>Perceber:<br \/>\nColete refletivo n\u00e3o incluso<\/p>\n<p>Usu\u00e1rios-alvo: Placas NIJ Classe IV Superlight Sic \u00e0 prova de balas para uso contra amea\u00e7as relacionadas a armas. For\u00e7as armadas, ag\u00eancias da SWAT, ag\u00eancias de seguran\u00e7a interna, alf\u00e2ndegas e ag\u00eancias de prote\u00e7\u00e3o de fronteiras, ag\u00eancias de controle de imigra\u00e7\u00e3o e outras ag\u00eancias de risco de armas de fogo podem ser equipadas com nossos produtos. As pessoas obt\u00eam melhores resultados e menos baixas. O produto tamb\u00e9m \u00e9 mais adequado para situa\u00e7\u00f5es como miss\u00f5es de longa dist\u00e2ncia ou miss\u00f5es de longa dist\u00e2ncia. Tamb\u00e9m \u00e9 uma boa escolha para sua pr\u00f3pria prote\u00e7\u00e3o familiar<\/p>\n<p><!--mais--><\/p>\n<p>Par\u00e2metros de proj\u00e9teis contra os quais o NIJ IV pode se defender:<\/p>\n<p>Carca\u00e7a Full Metal 7,62 x 51 mm M80 (FMJ) \/ Bola NATO;<\/p>\n<p>N\u00facleo de chumbo AK47 de 7,62 x 39 mm (LC) \/ N\u00facleo de a\u00e7o macio (MSC);<\/p>\n<p>Chumbo M193 (LC) de 5,56 x 45 mm \/ Bola SS109 da OTAN;<\/p>\n<p>Inser\u00e7\u00f5es bal\u00edsticas s\u00e3o freq\u00fcentemente usadas em coletes \u00e0 prova de balas ou coletes t\u00e1ticos. Existem dois tipos de cartuchos \u00e0 prova de balas: frontal e lateral. O painel frontal protege o peito e as costas, e os pain\u00e9is laterais protegem as laterais do corpo. Os chanfros geralmente protegem a parte da frente do peito, e os quadrados protegem as costas.<\/p>\n<p>Existem quatro tipos de materiais de placas \u00e0 prova de balas: a\u00e7o \u00e0 prova de balas, polietileno PE, PE+alumina, PE+carboneto de sil\u00edcio. Dispon\u00edvel em uma variedade de modelos de materiais, esta bateria \u00e9 puro PE + sil\u00edcio.<\/p>\n<p>Inser\u00e7\u00f5es \u00e0 prova de balas de cer\u00e2mica s\u00e3o geralmente feitas de materiais como cer\u00e2mica e polietileno PE. A regra \u00e9: quando uma bala atinge um cartucho \u00e0 prova de balas, a bala atinge primeiro o topo da camada de cer\u00e2mica. A enorme for\u00e7a de impacto do proj\u00e9til \u00e9 transmitida ao ambiente, absorvendo a enorme energia cin\u00e9tica do proj\u00e9til. Ao passar pela camada de cer\u00e2mica, o proj\u00e9til perde a maior parte de sua energia cin\u00e9tica. Quando o proj\u00e9til atinge a camada de polietileno, o polietileno dissipa a energia cin\u00e9tica do proj\u00e9til esticando e envolvendo o proj\u00e9til e fragmentos, com pouco efeito sobre o corpo, proporcionando excelente prote\u00e7\u00e3o.<\/p>\n","protected":false},"excerpt":{"rendered":"<p>Placa bal\u00edstica ultraleve feita de carboneto de sil\u00edcio NIJ grau IV que pode suportar a amea\u00e7a de cartuchos de fuzil convencionais.<\/p>\n<p>Processo maduro: mostrar\u00e1 desempenho protetor est\u00e1vel e excelente.<\/p>\n<p>Mais leve e mais conveniente do que os pain\u00e9is de cer\u00e2mica de alumina.<\/p>\n<p>A camada superior \u00e9 feita de tecido de poli\u00e9ster resistente \u00e0 \u00e1gua e o painel \u00e9 \u00e0 prova d&#8217;\u00e1gua e resistente a manchas.<\/p>\n","protected":false},"featured_media":7992,"comment_status":"open","ping_status":"closed","template":"","meta":[],"product_brand":[],"product_cat":[514],"product_tag":[],"woo-feed-brand":[50],"class_list":{"0":"post-8575","1":"product","2":"type-product","3":"status-publish","4":"has-post-thumbnail","6":"product_cat-placa-de-peito-a-prova-de-balas","7":"woo-feed-brand-tyditiao","9":"first","10":"instock","11":"sale","12":"shipping-taxable","13":"purchasable","14":"product-type-simple"},"_links":{"self":[{"href":"https:\/\/tyditiao.com\/pt-pt\/wp-json\/wp\/v2\/product\/8575","targetHints":{"allow":["GET"]}}],"collection":[{"href":"https:\/\/tyditiao.com\/pt-pt\/wp-json\/wp\/v2\/product"}],"about":[{"href":"https:\/\/tyditiao.com\/pt-pt\/wp-json\/wp\/v2\/types\/product"}],"replies":[{"embeddable":true,"href":"https:\/\/tyditiao.com\/pt-pt\/wp-json\/wp\/v2\/comments?post=8575"}],"wp:featuredmedia":[{"embeddable":true,"href":"https:\/\/tyditiao.com\/pt-pt\/wp-json\/wp\/v2\/media\/7992"}],"wp:attachment":[{"href":"https:\/\/tyditiao.com\/pt-pt\/wp-json\/wp\/v2\/media?parent=8575"}],"wp:term":[{"taxonomy":"product_brand","embeddable":true,"href":"https:\/\/tyditiao.com\/pt-pt\/wp-json\/wp\/v2\/product_brand?post=8575"},{"taxonomy":"product_cat","embeddable":true,"href":"https:\/\/tyditiao.com\/pt-pt\/wp-json\/wp\/v2\/product_cat?post=8575"},{"taxonomy":"product_tag","embeddable":true,"href":"https:\/\/tyditiao.com\/pt-pt\/wp-json\/wp\/v2\/product_tag?post=8575"},{"taxonomy":"woo-feed-brand","embeddable":true,"href":"https:\/\/tyditiao.com\/pt-pt\/wp-json\/wp\/v2\/woo-feed-brand?post=8575"}],"curies":[{"name":"wp","href":"https:\/\/api.w.org\/{rel}","templated":true}]}}