{"id":8587,"date":"2022-10-12T08:35:45","date_gmt":"2022-10-12T06:35:45","guid":{"rendered":"http:\/\/tyditiao.com\/product\/mascara-balistica-transparente-nij-iiia-removivel-para-capacetes-com-trilhos-em-ambos-os-lados\/"},"modified":"2025-03-17T13:48:09","modified_gmt":"2025-03-17T11:48:09","slug":"mascara-a-prova-de-bala-transparente-nij-iiia-removivel-para-helmow-com-trilhos-em-ambos-os-lados-wendy-fast-etc","status":"publish","type":"product","link":"https:\/\/tyditiao.com\/pt-pt\/produtos\/mascara-a-prova-de-bala-transparente-nij-iiia-removivel-para-helmow-com-trilhos-em-ambos-os-lados-wendy-fast-etc\/","title":{"rendered":"M\u00e1scara bal\u00edstica transparente NIJ IIIA remov\u00edvel para capacetes com trilhos em ambos os lados"},"content":{"rendered":"<p>A m\u00e1scara bal\u00edstica remov\u00edvel \u00e9 uma nova m\u00e1scara bal\u00edstica classe IIIA que se conecta a um capacete bal\u00edstico.<\/p>\n<p>Este produto \u00e9 adequado para capacetes com trilhos em ambos os lados. Por exemplo: WENDY, R\u00c1PIDO, etc.<\/p>\n<p>Classe de prote\u00e7\u00e3o: n\u00edvel NIJ IIIA<\/p>\n<p>Peso: 1,50 kg (3,31 lb)<\/p>\n<p>Material: PC, PMMA, etc.<\/p>\n<p>Tamanho: 350mm(C)*145mm(A)<\/p>\n<p>Espessura da m\u00e1scara: 22mm<\/p>\n<p>Brilho: 83,9%<\/p>\n<p>Validade: 5 anos<\/p>\n<p>Se voc\u00ea precisa de capacete \u00e0 prova de balas, por favor, v\u00e1 at\u00e9 nossa loja para compr\u00e1-lo. Obrigado!<\/p>\n<p>Detalhes da embalagem: 1 * escudo facial \u00e0 prova de balas (capacete n\u00e3o inclu\u00eddo)<\/p>\n","protected":false},"excerpt":{"rendered":"<p>O material principal \u00e9 feito de PC de resina de policarbonato transparente de alta qualidade e composto tipo sandu\u00edche de placa acr\u00edlica, com alta defini\u00e7\u00e3o, sem respingos, bom efeito \u00e0 prova de balas<\/p>\n<p>O suporte da m\u00e1scara \u00e0 prova de balas \u00e9 feito de a\u00e7o e materiais de alta resist\u00eancia, que podem ser ajustados de forma est\u00e1vel em diferentes \u00e2ngulos<\/p>\n<p>Cooperamos profundamente com fornecedores de log\u00edstica e podemos garantir a entrega de mercadorias para quase todos os pa\u00edses e regi\u00f5es, e todas as mercadorias encomendadas em nosso site de f\u00e1brica s\u00e3o gratuitas.<\/p>\n","protected":false},"featured_media":7975,"comment_status":"open","ping_status":"closed","template":"","meta":[],"product_brand":[],"product_cat":[522],"product_tag":[],"woo-feed-brand":[50],"class_list":{"0":"post-8587","1":"product","2":"type-product","3":"status-publish","4":"has-post-thumbnail","6":"product_cat-mascara-balistica-pt-pt","7":"product_shipping_class-0-3kg-pt-pt","8":"woo-feed-brand-tyditiao","10":"first","11":"instock","12":"sale","13":"shipping-taxable","14":"purchasable","15":"product-type-simple"},"_links":{"self":[{"href":"https:\/\/tyditiao.com\/pt-pt\/wp-json\/wp\/v2\/product\/8587","targetHints":{"allow":["GET"]}}],"collection":[{"href":"https:\/\/tyditiao.com\/pt-pt\/wp-json\/wp\/v2\/product"}],"about":[{"href":"https:\/\/tyditiao.com\/pt-pt\/wp-json\/wp\/v2\/types\/product"}],"replies":[{"embeddable":true,"href":"https:\/\/tyditiao.com\/pt-pt\/wp-json\/wp\/v2\/comments?post=8587"}],"wp:featuredmedia":[{"embeddable":true,"href":"https:\/\/tyditiao.com\/pt-pt\/wp-json\/wp\/v2\/media\/7975"}],"wp:attachment":[{"href":"https:\/\/tyditiao.com\/pt-pt\/wp-json\/wp\/v2\/media?parent=8587"}],"wp:term":[{"taxonomy":"product_brand","embeddable":true,"href":"https:\/\/tyditiao.com\/pt-pt\/wp-json\/wp\/v2\/product_brand?post=8587"},{"taxonomy":"product_cat","embeddable":true,"href":"https:\/\/tyditiao.com\/pt-pt\/wp-json\/wp\/v2\/product_cat?post=8587"},{"taxonomy":"product_tag","embeddable":true,"href":"https:\/\/tyditiao.com\/pt-pt\/wp-json\/wp\/v2\/product_tag?post=8587"},{"taxonomy":"woo-feed-brand","embeddable":true,"href":"https:\/\/tyditiao.com\/pt-pt\/wp-json\/wp\/v2\/woo-feed-brand?post=8587"}],"curies":[{"name":"wp","href":"https:\/\/api.w.org\/{rel}","templated":true}]}}