{"id":8603,"date":"2022-06-13T04:36:04","date_gmt":"2022-06-13T02:36:04","guid":{"rendered":"http:\/\/tyditiao.com\/product\/capacete-militar-armadura-classe-iiia-capacete-tatico-militar-wendys-castanho-claro\/"},"modified":"2025-03-17T13:47:29","modified_gmt":"2025-03-17T11:47:29","slug":"wendys-capacete-a-prova-de-bala-kevlar-capacete-tatico-marrom-claro","status":"publish","type":"product","link":"https:\/\/tyditiao.com\/pt-pt\/produtos\/wendys-capacete-a-prova-de-bala-kevlar-capacete-tatico-marrom-claro\/","title":{"rendered":"Capacete Militar, Armadura Classe IIIA, Capacete T\u00e1tico Militar Wendy&#8217;s, Castanho Claro"},"content":{"rendered":"<p>O capacete bal\u00edstico t\u00e1tico militar Wendy IIIA foi projetado para ser superleve e muito confort\u00e1vel de usar. O ajuste r\u00e1pido e f\u00e1cil com uma m\u00e3o garante um ajuste preciso. Tamb\u00e9m \u00e9 equipado com almofadas de absor\u00e7\u00e3o de energia de alta qualidade, que podem efetivamente absorver a for\u00e7a de impacto, reduzir a deforma\u00e7\u00e3o do corpo do capacete ap\u00f3s o impacto da bala e reduzir a taxa de les\u00f5es e a gravidade do usu\u00e1rio. O capacete t\u00e1tico militar wendy \u00e9 equipado com trilhos de montagem universais e apoio de cabe\u00e7a, dando a Wendy maiores possibilidades. Em compara\u00e7\u00e3o com o capacete \u00e0 prova de balas MICH, o peso mais leve significa que ele n\u00e3o precisa adicionar mais peso \u00e0 cabe\u00e7a, mas pode ser usado para transportar equipamentos mais modernos, mais adequados para troca de informa\u00e7\u00f5es entre equipes.<\/p>\n<hr \/>\n<p><strong>Aula de defesa:<\/strong><\/p>\n<p>Este capacete \u00e0 prova de balas \u00e9 um capacete \u00e0 prova de balas NIJ N\u00edvel IIIA de acordo com o padr\u00e3o NIJ 0101.06, e o relat\u00f3rio de teste correspondente pode ser fornecido.<\/p>\n<hr \/>\n<p><strong>Par\u00e2metros do proj\u00e9til de defesa:<\/strong><\/p>\n<p>.44 Mag SJHP<br \/>\n.357 SIG FMJ FN<br \/>\n9mm FMJ RN<br \/>\n.357 Mag JSP<br \/>\n.40 S&amp;W FMJ<\/p>\n<p>Tamb\u00e9m fornece prote\u00e7\u00e3o contra a maioria das amea\u00e7as de armas de fogo, bem como amea\u00e7as de Classe IIA e II<\/p>\n<hr \/>\n<p><strong>Par\u00e2metros do capacete \u00e0 prova de balas:<\/strong><br \/>\nNome: Capacete \u00e0 prova de balas NIJ lllA WENDY<\/p>\n<p>Material: Fibra de Aramida Kevlar-DuPont de Alta Resist\u00eancia<\/p>\n<p>Circunfer\u00eancia da cabe\u00e7a: 52-60 cm<\/p>\n<p>Forro: as almofadas de impacto de espuma Zorbium mant\u00eam voc\u00ea fresco e seco com um forro confort\u00e1vel \u00e0 prova d&#8217;\u00e1gua e um revestimento antibacteriano que afasta o suor. Oferece menos da metade da for\u00e7a necess\u00e1ria para choques repetitivos em todas as condi\u00e7\u00f5es ambientais. O capacete vem de f\u00e1brica com tr\u00eas almofadas de impacto adicionais e oito almofadas ajust\u00e1veis que podem ser instaladas de forma flex\u00edvel de acordo com os requisitos do usu\u00e1rio para ajuste e conforto ideais.<\/p>\n<p>Acess\u00f3rios opcionais: m\u00e1scaras de oxig\u00eanio infl\u00e1veis, protetores faciais, protetores laterais, escudos laterais blindados, escudos de prote\u00e7\u00e3o, escudos de capacete, m\u00e1scaras \u00e0 prova de balas, etc.<\/p>\n<p>Cor do capacete: Marrom claro<br \/>\nO MICH \u00e9 um capacete que interrompe os disparos de pistola e fornece prote\u00e7\u00e3o confi\u00e1vel contra detritos e detritos em queda.<br \/>\nreduzir\u00e1 a prote\u00e7\u00e3o.<\/p>\n<hr \/>\n<p><strong>&#8220;Para pessoas:<\/strong><br \/>\nO capacete bal\u00edstico NIJ lllA Kevlar WENDY lida com amea\u00e7as de pistola e estilha\u00e7os com acess\u00f3rios de fixa\u00e7\u00e3o mais fortes que s\u00e3o mais leves e mais confort\u00e1veis de usar. Este capacete \u00e9 adequado para todos os tipos de usu\u00e1rios. Funcion\u00e1rios de ag\u00eancias como militares, pol\u00edcia, SWAT, seguran\u00e7a interna, alf\u00e2ndega e guardas de fronteira podem ser equipados com capacidades de combate aprimoradas. Tamb\u00e9m \u00e9 uma boa escolha para prote\u00e7\u00e3o dom\u00e9stica e cosplay.<\/p>\n<hr \/>\n<p>Se voc\u00ea tiver alguma d\u00favida sobre nossos produtos antes de estar pronto para comprar nossos produtos,<\/p>\n<p>Por favor (<a href=\"http:\/\/tyditiao.com\/en\/contact\/\">entre em contato conosco<\/a>) imediatamente e responderemos dentro de 1 dia \u00fatil. Se voc\u00ea quiser pedir mais de 5 capacetes \u00e0 prova de balas ao mesmo tempo, receber\u00e1 um desconto adicional;<\/p>\n","protected":false},"excerpt":{"rendered":"<p>Bom desempenho \u00e0 prova de balas: NIJ Level lllA, prote\u00e7\u00e3o perfeita para a cabe\u00e7a.<\/p>\n<p>Boa qualidade: o capacete t\u00e1tico militar Wendy \u00e9 feito de fibra de aramida dur\u00e1vel Dupont Kevlar, que \u00e9 resistente ao calor e n\u00e3o \u00e9 f\u00e1cil de deformar.<\/p>\n<p>AJUSTE F\u00c1CIL: O sistema leve de fixa\u00e7\u00e3o de capacete CAM FIT militar com sistema de fechamento BOA fornece ajuste r\u00e1pido e f\u00e1cil com uma m\u00e3o e ajuste preciso.<\/p>\n<p>Confort\u00e1vel de usar: o selim Zorbium Foam Impact tem um forro \u00e0 prova d&#8217;\u00e1gua e um revestimento antibacteriano que absorve a umidade para mant\u00ea-lo fresco e seco enquanto o usa.<\/p>\n<p>Expans\u00e3o: O sistema de fixa\u00e7\u00e3o Rail 2.0 \u00e9 compat\u00edvel com todos os fixadores EXFIL Rail 2.0. Trilhos de montagem de gimbal de dupla face e gimbal de testa s\u00e3o f\u00e1ceis de instalar e configurar, fones de ouvido, luzes de armas, c\u00e2meras, luzes estrobosc\u00f3picas, dispositivos de vis\u00e3o noturna, c\u00e2meras GoPro e \u00f3culos NVG.<\/p>\n","protected":false},"featured_media":7925,"comment_status":"closed","ping_status":"closed","template":"","meta":[],"product_brand":[],"product_cat":[494,493],"product_tag":[],"woo-feed-brand":[50],"class_list":{"0":"post-8603","1":"product","2":"type-product","3":"status-publish","4":"has-post-thumbnail","6":"product_cat-capacete-a-prova-de-balas","7":"product_cat-wendy-pt-pt","8":"woo-feed-brand-tyditiao","10":"first","11":"instock","12":"sale","13":"shipping-taxable","14":"purchasable","15":"product-type-simple"},"_links":{"self":[{"href":"https:\/\/tyditiao.com\/pt-pt\/wp-json\/wp\/v2\/product\/8603","targetHints":{"allow":["GET"]}}],"collection":[{"href":"https:\/\/tyditiao.com\/pt-pt\/wp-json\/wp\/v2\/product"}],"about":[{"href":"https:\/\/tyditiao.com\/pt-pt\/wp-json\/wp\/v2\/types\/product"}],"replies":[{"embeddable":true,"href":"https:\/\/tyditiao.com\/pt-pt\/wp-json\/wp\/v2\/comments?post=8603"}],"wp:featuredmedia":[{"embeddable":true,"href":"https:\/\/tyditiao.com\/pt-pt\/wp-json\/wp\/v2\/media\/7925"}],"wp:attachment":[{"href":"https:\/\/tyditiao.com\/pt-pt\/wp-json\/wp\/v2\/media?parent=8603"}],"wp:term":[{"taxonomy":"product_brand","embeddable":true,"href":"https:\/\/tyditiao.com\/pt-pt\/wp-json\/wp\/v2\/product_brand?post=8603"},{"taxonomy":"product_cat","embeddable":true,"href":"https:\/\/tyditiao.com\/pt-pt\/wp-json\/wp\/v2\/product_cat?post=8603"},{"taxonomy":"product_tag","embeddable":true,"href":"https:\/\/tyditiao.com\/pt-pt\/wp-json\/wp\/v2\/product_tag?post=8603"},{"taxonomy":"woo-feed-brand","embeddable":true,"href":"https:\/\/tyditiao.com\/pt-pt\/wp-json\/wp\/v2\/woo-feed-brand?post=8603"}],"curies":[{"name":"wp","href":"https:\/\/api.w.org\/{rel}","templated":true}]}}