{"id":8607,"date":"2022-06-13T04:32:01","date_gmt":"2022-06-13T02:32:01","guid":{"rendered":"http:\/\/tyditiao.com\/product\/novo-capacete-kevlar-capacete-militar-classe-iiia-capacete-de-combate-militar-team-wendy-verde\/"},"modified":"2025-07-20T13:07:56","modified_gmt":"2025-07-20T11:07:56","slug":"wendys-bala-capacete-kevlar-capacete-tatico-verde","status":"publish","type":"product","link":"https:\/\/tyditiao.com\/pt-pt\/produtos\/wendys-bala-capacete-kevlar-capacete-tatico-verde\/","title":{"rendered":"Novo capacete Kevlar, capacete militar classe IIIA, capacete de combate militar Team Wendy, verde"},"content":{"rendered":"<p>Capacete Light Soldier O capacete de Wendy foi projetado para ser superleve e muito confort\u00e1vel de usar. Tamb\u00e9m \u00e9 equipado com inser\u00e7\u00f5es de absor\u00e7\u00e3o de energia de alta qualidade, que podem efetivamente absorver a for\u00e7a de impacto, reduzir a deforma\u00e7\u00e3o do corpo do capacete quando a bala atinge o capacete e reduzir a taxa de les\u00f5es e o grau do usu\u00e1rio. Dupla face com trilhos de montagem de dispositivos universais e um suporte gimbal na testa, permitindo que Wendy crie mais possibilidades.<\/p>\n<hr \/>\n<p><strong>Aula de defesa:<\/strong><\/p>\n<p>Este capacete \u00e0 prova de balas \u00e9 um capacete \u00e0 prova de balas NIJ N\u00edvel IIIA de acordo com o padr\u00e3o NIJ 0101.06, e o relat\u00f3rio de teste correspondente pode ser fornecido.<\/p>\n<hr \/>\n<p><strong>Par\u00e2metros do proj\u00e9til de defesa:<\/strong><\/p>\n<p>.44 Mag SJHP<br \/>\n.357 SIG FMJ FN<br \/>\n9mm FMJ RN<br \/>\n.357 Mag JSP<br \/>\n.40 S&amp;W FMJ<\/p>\n<p>Tamb\u00e9m fornece prote\u00e7\u00e3o contra a maioria das amea\u00e7as de armas de fogo, bem como amea\u00e7as de Classe IIA e II<\/p>\n<hr \/>\n<p><strong>Par\u00e2metros do capacete \u00e0 prova de balas:<\/strong><br \/>\nNome: Capacete \u00e0 prova de balas NIJ lllA WENDY<\/p>\n<p>Material: Fibra de Aramida Kevlar-DuPont de Alta Resist\u00eancia<br \/>\nCircunfer\u00eancia da cabe\u00e7a: 52-60 cm<\/p>\n<p>Forro: Almofadas de impacto de espuma Zorbium mant\u00eam voc\u00ea fresco e seco com acolchoamento confort\u00e1vel \u00e0 prova d&#8217;\u00e1gua e uma capa antibacteriana que absorve o suor. Oferece menos da metade da for\u00e7a necess\u00e1ria para choques repetitivos em todas as condi\u00e7\u00f5es ambientais. O mouse pad vem com tr\u00eas almofadas resistentes a impactos e oito almofadas ajust\u00e1veis para ajuste e conforto ideais.<\/p>\n<p>Acess\u00f3rios opcionais: m\u00e1scaras de oxig\u00eanio infl\u00e1veis, protetores faciais, protetores laterais, protetores laterais blindados, escudos, escudos de capacete, m\u00e1scaras \u00e0 prova de balas, etc.<br \/>\nCor do Capacete: Verde<br \/>\nO MICH \u00e9 um capacete que interrompe os disparos de pistola e fornece prote\u00e7\u00e3o confi\u00e1vel contra detritos e detritos em queda.<br \/>\nreduzir\u00e1 a prote\u00e7\u00e3o.<\/p>\n<hr \/>\n<p><strong>&#8220;Para pessoas:<\/strong><br \/>\nO capacete bal\u00edstico NIJ lllA Kevlar WENDY lida com amea\u00e7as de pistola e estilha\u00e7os com acess\u00f3rios de fixa\u00e7\u00e3o mais fortes que s\u00e3o mais leves e mais confort\u00e1veis de usar. Este capacete \u00e9 adequado para todos os tipos de usu\u00e1rios. Funcion\u00e1rios de ag\u00eancias como militares, pol\u00edcia, SWAT, seguran\u00e7a interna, alf\u00e2ndega e guardas de fronteira podem ser equipados com capacidades de combate aprimoradas. Tamb\u00e9m \u00e9 uma boa escolha para prote\u00e7\u00e3o dom\u00e9stica e cosplay.<\/p>\n<hr \/>\n<p>Se voc\u00ea deseja comprar nossos produtos ou tem alguma d\u00favida sobre nossos produtos;<br \/>\nSe voc\u00ea tiver alguma necessidade de personaliza\u00e7\u00e3o;<br \/>\nPor favor (<a href=\"http:\/\/tyditiao.com\/en\/contact\/\">entre em contato conosco<\/a>) imediatamente, n\u00f3s responderemos dentro de 1 dia \u00fatil<\/p>\n","protected":false},"excerpt":{"rendered":"<p>Boa qualidade: o capacete militar de n\u00edvel t\u00e9cnico \u00e9 feito de fibra DuPont Kevlar Aramid de alta resist\u00eancia, resistente ao calor e n\u00e3o \u00e9 f\u00e1cil de deformar<\/p>\n<p>Bom desempenho bal\u00edstico: NIJ n\u00edvel IIIA<\/p>\n<p>Confort\u00e1vel de usar: o travesseiro de impacto de espuma Zorbium apresenta um forro \u00e0 prova d&#8217;\u00e1gua e revestimento antimicrobiano que absorve a umidade para mant\u00ea-lo fresco e seco.<\/p>\n<p>AJUSTE F\u00c1CIL: Sistema de montagem CAM FIT de capacete militar leve com sistema de fechamento BOA para ajuste seguro com uma m\u00e3o para um ajuste preciso.<\/p>\n<p>EXPANS\u00cdVEL: O sistema de fixa\u00e7\u00e3o Rail 2.0 \u00e9 compat\u00edvel com todos os fixadores EXFIL Rail 2.0. O trilho de montagem do gimbal de dupla face e o suporte do gimbal na testa permitem que Wendy crie mais possibilidades.<\/p>\n","protected":false},"featured_media":7918,"comment_status":"open","ping_status":"closed","template":"","meta":[],"product_brand":[],"product_cat":[494,493],"product_tag":[],"woo-feed-brand":[50],"class_list":{"0":"post-8607","1":"product","2":"type-product","3":"status-publish","4":"has-post-thumbnail","6":"product_cat-capacete-a-prova-de-balas","7":"product_cat-wendy-pt-pt","8":"woo-feed-brand-tyditiao","10":"first","11":"instock","12":"sale","13":"shipping-taxable","14":"purchasable","15":"product-type-simple"},"_links":{"self":[{"href":"https:\/\/tyditiao.com\/pt-pt\/wp-json\/wp\/v2\/product\/8607","targetHints":{"allow":["GET"]}}],"collection":[{"href":"https:\/\/tyditiao.com\/pt-pt\/wp-json\/wp\/v2\/product"}],"about":[{"href":"https:\/\/tyditiao.com\/pt-pt\/wp-json\/wp\/v2\/types\/product"}],"replies":[{"embeddable":true,"href":"https:\/\/tyditiao.com\/pt-pt\/wp-json\/wp\/v2\/comments?post=8607"}],"wp:featuredmedia":[{"embeddable":true,"href":"https:\/\/tyditiao.com\/pt-pt\/wp-json\/wp\/v2\/media\/7918"}],"wp:attachment":[{"href":"https:\/\/tyditiao.com\/pt-pt\/wp-json\/wp\/v2\/media?parent=8607"}],"wp:term":[{"taxonomy":"product_brand","embeddable":true,"href":"https:\/\/tyditiao.com\/pt-pt\/wp-json\/wp\/v2\/product_brand?post=8607"},{"taxonomy":"product_cat","embeddable":true,"href":"https:\/\/tyditiao.com\/pt-pt\/wp-json\/wp\/v2\/product_cat?post=8607"},{"taxonomy":"product_tag","embeddable":true,"href":"https:\/\/tyditiao.com\/pt-pt\/wp-json\/wp\/v2\/product_tag?post=8607"},{"taxonomy":"woo-feed-brand","embeddable":true,"href":"https:\/\/tyditiao.com\/pt-pt\/wp-json\/wp\/v2\/woo-feed-brand?post=8607"}],"curies":[{"name":"wp","href":"https:\/\/api.w.org\/{rel}","templated":true}]}}