{"id":8611,"date":"2022-06-13T04:11:33","date_gmt":"2023-05-21T10:55:16","guid":{"rendered":"http:\/\/tyditiao.com\/product\/capacete-militar-polones-capacete-tatico-kevlar-classe-iiia-capacete-de-energia-com-mascara-rapida-preto\/"},"modified":"2023-05-21T12:55:16","modified_gmt":"2023-05-21T10:55:16","slug":"rapido-bala-leme-tatico-kevlar-nijiiia-preto","status":"publish","type":"product","link":"https:\/\/tyditiao.com\/pt-pt\/produtos\/rapido-bala-leme-tatico-kevlar-nijiiia-preto\/","title":{"rendered":"Capacete militar polon\u00eas, capacete t\u00e1tico Kevlar classe IIIA, capacete de energia com m\u00e1scara r\u00e1pida, preto"},"content":{"rendered":"<p><strong>Aula de defesa:<\/strong><\/p>\n<p>Este capacete \u00e0 prova de balas \u00e9 um capacete \u00e0 prova de balas NIJ N\u00edvel IIIA de acordo com o padr\u00e3o NIJ 0101.06, e o relat\u00f3rio de teste correspondente pode ser fornecido.<\/p>\n<hr>\n<p><strong>Par\u00e2metros do proj\u00e9til de defesa:<\/strong><\/p>\n<p>.44 Mag SJHP<br \/>\n.357 SIG FMJ FN<br \/>\n9mm FMJ RN<br \/>\n.357 Mag JSP<br \/>\n.40 S&amp;W FMJ<\/p>\n<p>Tamb\u00e9m fornece prote\u00e7\u00e3o contra a maioria das amea\u00e7as de armas de fogo, bem como amea\u00e7as de Classe IIA e II<\/p>\n<hr>\n<p><strong>Par\u00e2metros do capacete \u00e0 prova de balas:<\/strong><br \/>\nNome: Capacete \u00e0 prova de balas NIJ lllA FAST<\/p>\n<p>Material: Fibra de Aramida Kevlar-DuPont de Alta Resist\u00eancia<br \/>\nCircunfer\u00eancia da cabe\u00e7a: 52-64 cm<br \/>\nAcess\u00f3rios opcionais: m\u00e1scara \u00e0 prova de balas, etc.<br \/>\nCor do Capacete: Preto<br \/>\nO MICH \u00e9 um capacete que interrompe os disparos de pistola e fornece prote\u00e7\u00e3o confi\u00e1vel contra detritos e detritos em queda.<br \/>\nreduzir\u00e1 a prote\u00e7\u00e3o.<\/p>\n<hr>\n<p><strong>&#8220;Para pessoas:<\/strong><br \/>\nO capacete bal\u00edstico NIJ lllA Kevlar FAST foi projetado para lidar com a amea\u00e7a de armas e estilha\u00e7os, com acess\u00f3rios mais fortes para um ajuste mais leve e confort\u00e1vel. Este capacete \u00e9 adequado para todos os tipos de usu\u00e1rios. Funcion\u00e1rios de ag\u00eancias como militares, pol\u00edcia, SWAT, seguran\u00e7a interna, alf\u00e2ndega e guardas de fronteira podem ser equipados com capacidades de combate aprimoradas. Tamb\u00e9m \u00e9 uma boa escolha para prote\u00e7\u00e3o dom\u00e9stica e cosplay.<\/p>\n<hr>\n<p><strong>O que \u00e9 um capacete bal\u00edstico FAST?<\/strong><\/p>\n<p>Capacete \u00e0 prova de balas FAST (Ingl\u00eas: Future Assault Shell Technology Helmet, doravante referido como: FAST) Future Assault Shell Technology Helmet \u00e9 um capacete de combate desenvolvido pelo US Army Research Institute e pelo US Army Research, Development and Engineering Center Natick. O capacete foi projetado para proporcionar conforto aos operadores de opera\u00e7\u00f5es especiais, ao mesmo tempo em que fornece prote\u00e7\u00e3o bal\u00edstica b\u00e1sica. O capacete FAST foi exibido pela primeira vez ao p\u00fablico no SHOT SHOW em 2009 e logo foi adotado pelas for\u00e7as especiais dos EUA que operam no Afeganist\u00e3o. Os capacetes bal\u00edsticos t\u00e1ticos FAST agora s\u00e3o amplamente utilizados em for\u00e7as especiais e for\u00e7as policiais especiais em v\u00e1rios pa\u00edses. Al\u00e9m disso, o capacete t\u00e1tico FAST agora \u00e9 o capacete de combate padr\u00e3o das For\u00e7as Armadas da Noruega.<\/p>\n<hr>\n<p><strong>Caracter\u00edsticas do capacete FAST Kevlar:<\/strong><\/p>\n<p>Comparado aos capacetes militares normais, o capacete FAST \u00e9 25% mais leve. Com o sistema de suspens\u00e3o do capacete, os usu\u00e1rios podem ajustar facilmente o ajuste ou o aperto do capacete para um conforto ideal. Os capacetes FAST s\u00e3o equipados com trilhos ARC nos lados esquerdo e direito para montagem de equipamentos como lanternas, fones de ouvido com cancelamento de ru\u00eddo e equipamentos de comunica\u00e7\u00e3o, bem como vis\u00e3o noturna ou equipamentos de v\u00eddeo podem ser montados no centro do capacete atrav\u00e9s do adaptador de montagem, que \u00e9 um combate especial, que pode agregar uma maior vantagem t\u00e1tica. O feltro do diabo preso ao capacete permite que os usu\u00e1rios afixem a bandeira de seu pa\u00eds, ex\u00e9rcito ou institui\u00e7\u00e3o, bem como selos de identifica\u00e7\u00e3o apropriados, como indicativos de chamada e tipos sangu\u00edneos. Al\u00e9m disso, devido ao design modular, a vers\u00e3o civil do capacete FAST sem fun\u00e7\u00e3o \u00e0 prova de balas n\u00e3o \u00e9 usada apenas por militares e policiais, mas tamb\u00e9m adotada por atletas ao ar livre, jornalistas, equipes de resgate e outros trabalhadores de campo.<\/p>\n<hr>\n<p><strong>O capacete bal\u00edstico t\u00e1tico FAST \u00e9 uma \u00f3tima prote\u00e7\u00e3o e por que \u00e9 t\u00e3o popular?<\/strong><\/p>\n<p>H\u00e1 duas raz\u00f5es: primeiro, o avan\u00e7o da tecnologia levou a cada vez mais equipamentos t\u00e9cnicos para soldados individuais, o que requer uma plataforma para carregar acess\u00f3rios t\u00e9cnicos, que devem ser sacrificados em detrimento da prote\u00e7\u00e3o;<br \/>\nEm segundo lugar, os usu\u00e1rios do FAST s\u00e3o principalmente for\u00e7as especiais e, em dist\u00e2ncia de combate, as for\u00e7as especiais simplesmente abrem m\u00e3o de alguma prote\u00e7\u00e3o, a portabilidade e o equipamento t\u00e9cnico da plataforma s\u00e3o transformados em taxas de sobreviv\u00eancia e at\u00e9 mesmo em aplica\u00e7\u00f5es pr\u00e1ticas, geralmente apenas no caso de capacetes r\u00e1pidos, existem N\u00e3o h\u00e1 elementos em muitas unidades, apenas para portabilidade.<\/p>\n<p>O FAST n\u00e3o se baseia em prote\u00e7\u00e3o estrita Nenhum protetor de ouvido de dupla face n\u00e3o \u00e9 suficiente Principalmente para a conveni\u00eancia do pessoal que usa fones de ouvido e acess\u00f3rios adicionais Capacetes t\u00e1ticos leves abrem m\u00e3o parcialmente da prote\u00e7\u00e3o e trazem maiores benef\u00edcios em combate.<\/p>\n<p>Os capacetes FAST s\u00e3o amplamente utilizados em muitos pa\u00edses, e muitos pa\u00edses t\u00eam designs de capacetes muito semelhantes aos capacetes FAST americanos, como R\u00fassia, Fran\u00e7a e Reino Unido. O n\u00famero desses capacetes tamb\u00e9m est\u00e1 mudando, mas ainda se parece com o capacete FAST, por raz\u00f5es \u00f3bvias, esse capacete pode proteger efetivamente a cabe\u00e7a e maximizar a vida do soldado.<\/p>\n<hr>\n<p><strong>Pre\u00e7o do capacete FAST Kevlar?<\/strong><\/p>\n<p>Compre direto do nosso site e economize 15% sobre o pre\u00e7o normal<\/p>\n<hr>\n<p>Se voc\u00ea deseja comprar nossos produtos ou tem alguma d\u00favida sobre nossos produtos;<br \/>\nSe voc\u00ea tiver alguma necessidade de personaliza\u00e7\u00e3o;<br \/>\nPor favor (<a href=\"http:\/\/tyditiao.com\/en\/contact\/\">entre em contato conosco<\/a>) imediatamente, n\u00f3s responderemos dentro de 1 dia \u00fatil<\/p>\n<p>&nbsp;<\/p>\n<p>&nbsp;<\/p>\n","protected":false},"excerpt":{"rendered":"<p>Feito de fibra DuPont Kevlar Aramid de alta resist\u00eancia, resistente ao calor e n\u00e3o \u00e9 f\u00e1cil de deformar<\/p>\n<p>NIJ N\u00edvel IIIA<\/p>\n<p>O sistema de ajuste da circunfer\u00eancia da cabe\u00e7a permite ajustar a circunfer\u00eancia da cabe\u00e7a com o toque de um bot\u00e3o para obter o ajuste ideal do capacete<\/p>\n<p>A testa \u00e9 refor\u00e7ada com tiras el\u00e1sticas nas laterais do polvo (parte inferior do suporte de vis\u00e3o noturna) para fixar espelhos, c\u00e2meras, \u00f3culos de vis\u00e3o noturna e outros dispositivos<\/p>\n<p>Equipado com trilhos, montagem de acess\u00f3rios mais potentes, pode ser equipado com sistema de luz forte e luzes de identifica\u00e7\u00e3o de farol, tamb\u00e9m pode ser equipado com prote\u00e7\u00e3o auditiva<\/p>\n","protected":false},"featured_media":7902,"comment_status":"closed","ping_status":"closed","template":"","meta":[],"product_brand":[],"product_cat":[494,503],"product_tag":[],"woo-feed-brand":[50],"class_list":{"0":"post-8611","1":"product","2":"type-product","3":"status-publish","4":"has-post-thumbnail","6":"product_cat-capacete-a-prova-de-balas","7":"product_cat-rapido","8":"woo-feed-brand-tyditiao","10":"first","11":"instock","12":"sale","13":"shipping-taxable","14":"purchasable","15":"product-type-simple"},"_links":{"self":[{"href":"https:\/\/tyditiao.com\/pt-pt\/wp-json\/wp\/v2\/product\/8611","targetHints":{"allow":["GET"]}}],"collection":[{"href":"https:\/\/tyditiao.com\/pt-pt\/wp-json\/wp\/v2\/product"}],"about":[{"href":"https:\/\/tyditiao.com\/pt-pt\/wp-json\/wp\/v2\/types\/product"}],"replies":[{"embeddable":true,"href":"https:\/\/tyditiao.com\/pt-pt\/wp-json\/wp\/v2\/comments?post=8611"}],"wp:featuredmedia":[{"embeddable":true,"href":"https:\/\/tyditiao.com\/pt-pt\/wp-json\/wp\/v2\/media\/7902"}],"wp:attachment":[{"href":"https:\/\/tyditiao.com\/pt-pt\/wp-json\/wp\/v2\/media?parent=8611"}],"wp:term":[{"taxonomy":"product_brand","embeddable":true,"href":"https:\/\/tyditiao.com\/pt-pt\/wp-json\/wp\/v2\/product_brand?post=8611"},{"taxonomy":"product_cat","embeddable":true,"href":"https:\/\/tyditiao.com\/pt-pt\/wp-json\/wp\/v2\/product_cat?post=8611"},{"taxonomy":"product_tag","embeddable":true,"href":"https:\/\/tyditiao.com\/pt-pt\/wp-json\/wp\/v2\/product_tag?post=8611"},{"taxonomy":"woo-feed-brand","embeddable":true,"href":"https:\/\/tyditiao.com\/pt-pt\/wp-json\/wp\/v2\/woo-feed-brand?post=8611"}],"curies":[{"name":"wp","href":"https:\/\/api.w.org\/{rel}","templated":true}]}}