{"id":8615,"date":"2022-06-13T04:08:57","date_gmt":"2022-06-13T02:08:57","guid":{"rendered":"http:\/\/tyditiao.com\/product\/capacete-de-soldado-capacete-de-fibra-de-aramida-classe-tatica-iiia-capacete-de-kevlar-rapido-marrom-claro\/"},"modified":"2025-07-20T13:07:56","modified_gmt":"2025-07-20T11:07:56","slug":"rapido-bala-leme-tatico-kevlar-nijiiia-marrom-claro","status":"publish","type":"product","link":"https:\/\/tyditiao.com\/pt-pt\/produtos\/rapido-bala-leme-tatico-kevlar-nijiiia-marrom-claro\/","title":{"rendered":"Capacete de soldado, capacete de fibra de aramida classe t\u00e1tica IIIA, capacete de Kevlar r\u00e1pido, marrom claro"},"content":{"rendered":"<p><strong>Aula de defesa:<\/strong><\/p>\n<p>Este capacete \u00e0 prova de balas \u00e9 um capacete \u00e0 prova de balas NIJ N\u00edvel IIIA de acordo com o padr\u00e3o NIJ 0101.06, e o relat\u00f3rio de teste correspondente pode ser fornecido.<\/p>\n<hr \/>\n<p><strong>Par\u00e2metros do proj\u00e9til de defesa:<\/strong><\/p>\n<p>.44 Mag SJHP<br \/>\n.357 SIG FMJ FN<br \/>\n9mm FMJ RN<br \/>\n.357 Mag JSP<br \/>\n.40 S&amp;W FMJ<\/p>\n<p>Tamb\u00e9m fornece prote\u00e7\u00e3o contra a maioria das amea\u00e7as de armas de fogo, bem como amea\u00e7as de Classe IIA e II<\/p>\n<hr \/>\n<p><strong>Par\u00e2metros do capacete \u00e0 prova de balas:<\/strong><\/p>\n<p>Nome: Capacete \u00e0 prova de balas NIJ lllA FAST<\/p>\n<p>Material: Fibra de Aramida Kevlar-DuPont de Alta Resist\u00eancia<br \/>\nCircunfer\u00eancia da cabe\u00e7a: 52-64 cm<br \/>\nAcess\u00f3rios opcionais: m\u00e1scara \u00e0 prova de balas, etc.<br \/>\nCor do capacete: Marrom claro<\/p>\n<p>Um capacete \u00e0 prova de balas consiste em uma concha de capacete (incluindo prote\u00e7\u00e3o de tal\u00e3o) e um sistema de amortecedor de suspens\u00e3o (incluindo faixa de cabe\u00e7a, camada de prote\u00e7\u00e3o, tira de queixo, elos de corrente, etc.). Confort\u00e1vel e est\u00e1vel de usar;<\/p>\n<p>A superf\u00edcie externa do casco do capacete \u00e9 uniforme e lisa, sem contamina\u00e7\u00e3o por corpos estranhos, bolhas, descama\u00e7\u00e3o e outros defeitos.<\/p>\n<p>Desempenho retardador de chama do casco do capacete: tempo de queima cont\u00ednuo na superf\u00edcie de 5S;<\/p>\n<p>A for\u00e7a do dispositivo de cinta de queixo: velocidade de fuga de emerg\u00eancia de 500N, solte quando a for\u00e7a externa for de 1000N;<\/p>\n<p>Imperme\u00e1vel: O capacete \u00e0 prova de balas n\u00e3o rachar\u00e1, empolar\u00e1 ou delaminar\u00e1 na superf\u00edcie do casco do capacete quando submerso em \u00e1gua por 24 horas em temperatura ambiente. Nenhuma parte da almofada de suspens\u00e3o saiu depois de dois tiros bem sucedidos<\/p>\n<p>O MICH \u00e9 um capacete que interrompe os disparos de pistola e fornece prote\u00e7\u00e3o confi\u00e1vel contra detritos e detritos em queda.<br \/>\nreduzir\u00e1 a prote\u00e7\u00e3o.<\/p>\n<hr \/>\n<p><strong>&#8220;Para pessoas:<\/strong><\/p>\n<p>O capacete bal\u00edstico NIJ lllA Kevlar FAST foi projetado para lidar com a amea\u00e7a de armas e estilha\u00e7os, com acess\u00f3rios mais fortes para um ajuste mais leve e confort\u00e1vel. Este capacete \u00e9 adequado para todos os tipos de usu\u00e1rios. Funcion\u00e1rios de ag\u00eancias como militares, pol\u00edcia, SWAT, seguran\u00e7a interna, alf\u00e2ndega e guardas de fronteira podem ser equipados com capacidades de combate aprimoradas. Tamb\u00e9m \u00e9 uma boa escolha para prote\u00e7\u00e3o dom\u00e9stica e cosplay.<\/p>\n<hr \/>\n<p><strong>O que \u00e9 um capacete bal\u00edstico FAST?<\/strong><\/p>\n<p>Capacete \u00e0 prova de balas FAST (Ingl\u00eas: Future Assault Shell Technology Helmet, doravante referido como: FAST) Future Assault Shell Technology Helmet \u00e9 um capacete de combate desenvolvido pelo US Army Research Institute e pelo US Army Research, Development and Engineering Center Natick. O capacete foi projetado para proporcionar conforto aos operadores de opera\u00e7\u00f5es especiais, ao mesmo tempo em que fornece prote\u00e7\u00e3o bal\u00edstica b\u00e1sica. O capacete FAST foi exibido pela primeira vez ao p\u00fablico no SHOT SHOW em 2009 e logo foi adotado pelas for\u00e7as especiais dos EUA que operam no Afeganist\u00e3o. Os capacetes bal\u00edsticos t\u00e1ticos FAST agora s\u00e3o amplamente utilizados em for\u00e7as especiais e for\u00e7as policiais especiais em v\u00e1rios pa\u00edses. Al\u00e9m disso, o capacete t\u00e1tico FAST agora \u00e9 o capacete de combate padr\u00e3o das For\u00e7as Armadas da Noruega.<\/p>\n<hr \/>\n<p><strong>Recursos do capacete t\u00e1tico de soldado de fibra de aramida FAST:<\/strong><\/p>\n<p>Comparado aos capacetes militares normais, o capacete FAST \u00e9 25% mais leve. Gra\u00e7as ao sistema de suspens\u00e3o do capacete, os usu\u00e1rios podem ajustar facilmente o ajuste ou o aperto do capacete para um conforto ideal. O capacete FAST \u00e9 equipado com trilhos ARC nos lados esquerdo e direito para montagem de acess\u00f3rios como lanternas, fones de ouvido com cancelamento de ru\u00eddo e equipamentos de comunica\u00e7\u00e3o, bem como equipamentos de vis\u00e3o noturna ou grava\u00e7\u00e3o de v\u00eddeo. O adaptador pode ser montado no centro do capacete atrav\u00e9s do adaptador Esta \u00e9 uma luta especial que pode agregar uma vantagem t\u00e1tica maior. Al\u00e9m disso, devido ao design modular, a vers\u00e3o civil do capacete FAST n\u00e3o \u00e0 prova de balas n\u00e3o \u00e9 usada apenas por militares e policiais, mas tamb\u00e9m aceita com entusiasmo por esportistas ao ar livre e trabalhadores de campo, como jornalistas e equipes de resgate. Al\u00e9m disso, devido ao design modular, a vers\u00e3o civil do capacete FAST n\u00e3o \u00e0 prova de balas n\u00e3o \u00e9 usada apenas por militares e policiais, mas tamb\u00e9m aceita com entusiasmo por esportistas ao ar livre e trabalhadores de campo, como jornalistas e equipes de resgate.<\/p>\n<hr \/>\n<p><strong>O capacete de soldado t\u00e1tico de fibra de aramida FAST \u00e9 uma boa prote\u00e7\u00e3o, por que \u00e9 popular?<\/strong><\/p>\n<p>H\u00e1 duas raz\u00f5es: primeiro, o avan\u00e7o da tecnologia tornou os soldados individuais cada vez mais equipamentos t\u00e9cnicos, exigindo uma plataforma para carregar acess\u00f3rios t\u00e9cnicos e teve que sacrificar a prote\u00e7\u00e3o para escolher;<br \/>\nEm segundo lugar, os usu\u00e1rios do FAST s\u00e3o principalmente for\u00e7as especiais, e as for\u00e7as especiais simplesmente abrem m\u00e3o de alguma prote\u00e7\u00e3o \u00e0 dist\u00e2ncia de combate, a portabilidade e o equipamento t\u00e9cnico na plataforma tornam-se a taxa de sobreviv\u00eancia, mesmo em aplica\u00e7\u00f5es pr\u00e1ticas, geralmente apenas para capacetes r\u00e1pidos, eles n\u00e3o s\u00e3o v\u00e1rios elementos de unidades nele, apenas para portabilidade.<\/p>\n<p>O FAST n\u00e3o depende de prote\u00e7\u00e3o estrita Nenhum fone de ouvido em ambos os lados \u00e9 suficiente Principalmente para o conforto da equipe usando fones de ouvido e acess\u00f3rios adicionais Capacetes t\u00e1ticos leves abrem parcialmente a prote\u00e7\u00e3o trazem maiores benef\u00edcios em combate.<\/p>\n<p>Os capacetes FAST s\u00e3o amplamente utilizados em muitos pa\u00edses, e muitos pa\u00edses t\u00eam designs de capacete muito semelhantes aos capacetes FAST dos EUA, como os capacetes russos, franceses e brit\u00e2nicos s\u00e3o projetados de acordo com os capacetes FAST, embora evoluam com o tempo. Esses capacetes tamb\u00e9m mudam constantemente, mas ainda se parecem muito com os capacetes FAST, por raz\u00f5es \u00f3bvias, que protegem efetivamente a cabe\u00e7a e maximizam a vida do soldado.<\/p>\n<hr \/>\n<p><strong>Pre\u00e7o do capacete de soldado t\u00e1tico de fibra de aramida FAST?<\/strong><\/p>\n<p>Compre direto do nosso site e economize 15% sobre o pre\u00e7o normal<\/p>\n<p>Se voc\u00ea quiser comprar nossos produtos ou tiver alguma d\u00favida sobre nossos produtos, por favor (<a href=\"http:\/\/tyditiao.com\/en\/contact\/\">entre em contato conosco<\/a>) imediatamente, responderemos dentro de 1 dia \u00fatil. <span style=\"color: #ff0000;\">Se voc\u00ea quiser pedir mais de 5 capacetes \u00e0 prova de balas ao mesmo tempo, receber\u00e1 um desconto adicional;<\/span><\/p>\n","protected":false},"excerpt":{"rendered":"<p>Feito de fibra DuPont Kevlar Aramid de alta resist\u00eancia, resistente ao calor e n\u00e3o \u00e9 f\u00e1cil de deformar<\/p>\n<p>NIJ N\u00edvel IIIA<\/p>\n<p>O sistema de ajuste da circunfer\u00eancia da cabe\u00e7a permite ajustar a circunfer\u00eancia da cabe\u00e7a com o toque de um bot\u00e3o para obter o ajuste ideal do capacete<\/p>\n<p>A testa \u00e9 refor\u00e7ada com tiras el\u00e1sticas nas laterais do polvo (parte inferior do suporte de vis\u00e3o noturna) para fixar espelhos, c\u00e2meras, \u00f3culos de vis\u00e3o noturna e outros dispositivos<\/p>\n<p>Equipado com trilhos, montagem de acess\u00f3rios mais potentes, pode ser equipado com sistema de luz forte e luzes de identifica\u00e7\u00e3o de farol, tamb\u00e9m pode ser equipado com prote\u00e7\u00e3o auditiva<\/p>\n","protected":false},"featured_media":7898,"comment_status":"open","ping_status":"closed","template":"","meta":[],"product_brand":[],"product_cat":[494,503],"product_tag":[],"woo-feed-brand":[50],"class_list":{"0":"post-8615","1":"product","2":"type-product","3":"status-publish","4":"has-post-thumbnail","6":"product_cat-capacete-a-prova-de-balas","7":"product_cat-rapido","8":"woo-feed-brand-tyditiao","10":"first","11":"instock","12":"sale","13":"shipping-taxable","14":"purchasable","15":"product-type-simple"},"_links":{"self":[{"href":"https:\/\/tyditiao.com\/pt-pt\/wp-json\/wp\/v2\/product\/8615","targetHints":{"allow":["GET"]}}],"collection":[{"href":"https:\/\/tyditiao.com\/pt-pt\/wp-json\/wp\/v2\/product"}],"about":[{"href":"https:\/\/tyditiao.com\/pt-pt\/wp-json\/wp\/v2\/types\/product"}],"replies":[{"embeddable":true,"href":"https:\/\/tyditiao.com\/pt-pt\/wp-json\/wp\/v2\/comments?post=8615"}],"wp:featuredmedia":[{"embeddable":true,"href":"https:\/\/tyditiao.com\/pt-pt\/wp-json\/wp\/v2\/media\/7898"}],"wp:attachment":[{"href":"https:\/\/tyditiao.com\/pt-pt\/wp-json\/wp\/v2\/media?parent=8615"}],"wp:term":[{"taxonomy":"product_brand","embeddable":true,"href":"https:\/\/tyditiao.com\/pt-pt\/wp-json\/wp\/v2\/product_brand?post=8615"},{"taxonomy":"product_cat","embeddable":true,"href":"https:\/\/tyditiao.com\/pt-pt\/wp-json\/wp\/v2\/product_cat?post=8615"},{"taxonomy":"product_tag","embeddable":true,"href":"https:\/\/tyditiao.com\/pt-pt\/wp-json\/wp\/v2\/product_tag?post=8615"},{"taxonomy":"woo-feed-brand","embeddable":true,"href":"https:\/\/tyditiao.com\/pt-pt\/wp-json\/wp\/v2\/woo-feed-brand?post=8615"}],"curies":[{"name":"wp","href":"https:\/\/api.w.org\/{rel}","templated":true}]}}