{"id":8625,"date":"2022-06-13T03:55:46","date_gmt":"2023-05-21T11:14:02","guid":{"rendered":"http:\/\/tyditiao.com\/product\/capacete-militar-capacete-balistico-tatico-iiia-capacete-kevlar-polones-verde\/"},"modified":"2026-03-14T23:16:58","modified_gmt":"2026-03-14T21:16:58","slug":"mich2000-bala-leme-kevlar-nivel-3-verde","status":"publish","type":"product","link":"https:\/\/tyditiao.com\/pt-pt\/produtos\/mich2000-bala-leme-kevlar-nivel-3-verde\/","title":{"rendered":"Capacete Militar, Capacete Bal\u00edstico T\u00e1tico IIIA, Capacete Kevlar Polon\u00eas, Verde"},"content":{"rendered":"<p><strong>Aula de defesa:<\/strong><\/p>\n<p>Este capacete \u00e0 prova de balas \u00e9 um capacete \u00e0 prova de balas NIJ N\u00edvel IIIA de acordo com o padr\u00e3o NIJ 0101.06, e o relat\u00f3rio de teste correspondente pode ser fornecido.<\/p>\n<p>Este produto tamb\u00e9m se qualifica como um capacete de combate aprimorado (ECH) quando usado com uma placa de blindagem superior para prote\u00e7\u00e3o real do rifle<\/p>\n<hr>\n<p><strong>Par\u00e2metros do proj\u00e9til de defesa:<\/strong><\/p>\n<p>.44 Mag SJHP<br \/>\n.357 SIG FMJ FN<br \/>\n9mm FMJ RN<br \/>\n.357 Mag JSP<br \/>\n.40 S&amp;W FMJ<\/p>\n<p>Tamb\u00e9m fornece prote\u00e7\u00e3o contra a maioria das amea\u00e7as de armas de fogo, bem como amea\u00e7as de Classe IIA e II<\/p>\n<hr>\n<p><strong>Par\u00e2metros do capacete \u00e0 prova de balas:<\/strong><br \/>\nNome: Capacete \u00e0 prova de balas NIJ lllA MICH2000<\/p>\n<p>Material: Fibra de Aramida Kevlar-DuPont de Alta Resist\u00eancia<br \/>\nSag ap\u00f3s o lan\u00e7amento do proj\u00e9til: &lt;20mm<br \/>\nCircunfer\u00eancia da cabe\u00e7a: 52-60 cm<br \/>\nForro: O forro de espuma reposicion\u00e1vel de rebote lento mant\u00e9m o capacete confort\u00e1vel e evita fadiga e superaquecimento.<br \/>\nAcess\u00f3rios opcionais: m\u00e1scara \u00e0 prova de balas, etc.<br \/>\nCor do Capacete: Verde<br \/>\nO MICH \u00e9 um capacete que interrompe os disparos de pistola e fornece prote\u00e7\u00e3o confi\u00e1vel contra detritos e detritos em queda.<br \/>\nreduzir\u00e1 a prote\u00e7\u00e3o.<\/p>\n<hr>\n<p><strong>&#8220;Para pessoas:<\/strong><br \/>\nO capacete bal\u00edstico NIJ lllA Kevlar MICH2000 lida com amea\u00e7as de pistola e estilha\u00e7os com maior capacidade de fixa\u00e7\u00e3o para um ajuste mais leve e confort\u00e1vel. Este capacete \u00e9 adequado para todos os tipos de usu\u00e1rios. Funcion\u00e1rios de ag\u00eancias como militares, pol\u00edcia, SWAT, seguran\u00e7a interna, alf\u00e2ndega e guardas de fronteira podem ser equipados com capacidades de combate aprimoradas. Tamb\u00e9m \u00e9 uma boa escolha para prote\u00e7\u00e3o dom\u00e9stica e cosplay.<\/p>\n<p>O MICH \u00e9 um capacete que interrompe os disparos de pistola e fornece prote\u00e7\u00e3o confi\u00e1vel contra detritos e detritos em queda. O capacete bal\u00edstico mich n\u00e3o apenas fornece a prote\u00e7\u00e3o abrangente necess\u00e1ria contra armas contundentes, bal\u00edsticas e outras amea\u00e7as, mas tamb\u00e9m \u00e9 altamente modular e confort\u00e1vel. Este produto tamb\u00e9m se qualifica como um capacete de combate aprimorado (ECH) quando usado em conjunto com a placa de blindagem superior para fornecer prote\u00e7\u00e3o real ao rifle. O corte baixo oferece melhor cobertura em ambos os lados da cabe\u00e7a do que os capacetes over-ear. Esses capacetes tamb\u00e9m v\u00eam com fones de ouvido para acomodar fones de ouvido e outros equipamentos de comunica\u00e7\u00e3o.<\/p>\n<hr>\n<p><strong>Qual \u00e9 o capacete bal\u00edstico t\u00e1tico MICH2000 ou FAST mais popular?<\/strong><br \/>\nO MICH2000 possui uma superf\u00edcie protetora maior, o que \u00e9 mais ben\u00e9fico se voc\u00ea n\u00e3o planeja instalar v\u00e1rios acess\u00f3rios. Se voc\u00ea planeja escolher muitos equipamentos, por exemplo (lanterna, fones de ouvido com cancelamento de ru\u00eddo e equipamentos de comunica\u00e7\u00e3o, \u00f3culos de vis\u00e3o noturna ou equipamento de grava\u00e7\u00e3o de v\u00eddeo etc.), \u00e9 recomend\u00e1vel usar o FAST, pois n\u00e3o ser\u00e1 muito pesado para causar press\u00e3o em seu pesco\u00e7o, afetando indiretamente a capacidade de atividades.<\/p>\n<hr>\n<p><strong>Pre\u00e7o do capacete militar MICH2000<\/strong><br \/>\nCompre em nosso site e economize 15% no pre\u00e7o<\/p>\n<hr>\n<p>Se voc\u00ea deseja comprar nossos produtos ou tem alguma d\u00favida sobre nossos produtos;<br \/>\nSe voc\u00ea tiver alguma necessidade de personaliza\u00e7\u00e3o;<br \/>\nPor favor (<a href=\"http:\/\/tyditiao.com\/en\/contact\/\">entre em contato conosco<\/a>) imediatamente, n\u00f3s responderemos dentro de 1 dia \u00fatil<\/p>\n","protected":false},"excerpt":{"rendered":"<p>Boa qualidade: Feito de fibra DuPont Kevlar Aramid de alta qualidade, resistente ao calor e n\u00e3o \u00e9 facilmente deformado<\/p>\n<p>Bom desempenho bal\u00edstico: NIJ n\u00edvel IIIA<\/p>\n<p>Espuma de mem\u00f3ria de forma lenta: tecido absorvente de umidade para facilitar a limpeza, almofadas modulares que podem ser ajustadas pelo usu\u00e1rio final<\/p>\n<p>Sistema de choco seco: tamb\u00e9m conhecido como base de vis\u00e3o noturna, pode ser combinado com holofotes, c\u00e2meras, dispositivos de vis\u00e3o noturna e outros equipamentos<\/p>\n<p>Existem grupos ferrovi\u00e1rios nos lados esquerdo e direito: pode ser instalado com sistema de ilumina\u00e7\u00e3o forte, luz de identifica\u00e7\u00e3o de sinal, ripa de prote\u00e7\u00e3o de fone de ouvido<\/p>\n","protected":false},"featured_media":7959,"comment_status":"open","ping_status":"closed","template":"","meta":[],"product_brand":[],"product_cat":[494,502],"product_tag":[],"woo-feed-brand":[50],"class_list":{"0":"post-8625","1":"product","2":"type-product","3":"status-publish","4":"has-post-thumbnail","6":"product_cat-capacete-a-prova-de-balas","7":"product_cat-mich2000-pt-pt","8":"woo-feed-brand-tyditiao","10":"first","11":"instock","12":"sale","13":"shipping-taxable","14":"purchasable","15":"product-type-simple"},"_links":{"self":[{"href":"https:\/\/tyditiao.com\/pt-pt\/wp-json\/wp\/v2\/product\/8625","targetHints":{"allow":["GET"]}}],"collection":[{"href":"https:\/\/tyditiao.com\/pt-pt\/wp-json\/wp\/v2\/product"}],"about":[{"href":"https:\/\/tyditiao.com\/pt-pt\/wp-json\/wp\/v2\/types\/product"}],"replies":[{"embeddable":true,"href":"https:\/\/tyditiao.com\/pt-pt\/wp-json\/wp\/v2\/comments?post=8625"}],"wp:featuredmedia":[{"embeddable":true,"href":"https:\/\/tyditiao.com\/pt-pt\/wp-json\/wp\/v2\/media\/7959"}],"wp:attachment":[{"href":"https:\/\/tyditiao.com\/pt-pt\/wp-json\/wp\/v2\/media?parent=8625"}],"wp:term":[{"taxonomy":"product_brand","embeddable":true,"href":"https:\/\/tyditiao.com\/pt-pt\/wp-json\/wp\/v2\/product_brand?post=8625"},{"taxonomy":"product_cat","embeddable":true,"href":"https:\/\/tyditiao.com\/pt-pt\/wp-json\/wp\/v2\/product_cat?post=8625"},{"taxonomy":"product_tag","embeddable":true,"href":"https:\/\/tyditiao.com\/pt-pt\/wp-json\/wp\/v2\/product_tag?post=8625"},{"taxonomy":"woo-feed-brand","embeddable":true,"href":"https:\/\/tyditiao.com\/pt-pt\/wp-json\/wp\/v2\/woo-feed-brand?post=8625"}],"curies":[{"name":"wp","href":"https:\/\/api.w.org\/{rel}","templated":true}]}}