{"id":8636,"date":"2022-06-13T03:50:24","date_gmt":"2022-06-13T01:50:24","guid":{"rendered":"http:\/\/tyditiao.com\/product\/equipamento-tatico-classe-iiia-capacete-militar-a-prova-de-balas-preto\/"},"modified":"2026-03-17T13:18:07","modified_gmt":"2026-03-17T11:18:07","slug":"mich2000-bala-proof-helm-kevlar-level-3-black","status":"publish","type":"product","link":"https:\/\/tyditiao.com\/pt-pt\/produtos\/mich2000-bala-proof-helm-kevlar-level-3-black\/","title":{"rendered":"Equipamento t\u00e1tico Classe IIIA, capacete militar \u00e0 prova de balas, preto"},"content":{"rendered":"<p><strong>Aula de defesa:<\/strong><br \/>\nEste capacete \u00e0 prova de balas \u00e9 um capacete \u00e0 prova de balas NIJ N\u00edvel IIIA de acordo com o padr\u00e3o NIJ 0101.06, e o relat\u00f3rio de teste correspondente pode ser fornecido.<\/p>\n<hr \/>\n<p><strong>Par\u00e2metros do proj\u00e9til de defesa:<\/strong><br \/>\n.44 Mag SJHP<br \/>\n.357 SIG FMJ FN<br \/>\n9mm FMJ RN<br \/>\n.357 Mag JSP<br \/>\n.40 S&amp;W FMJ<\/p>\n<p>Tamb\u00e9m fornece prote\u00e7\u00e3o contra a maioria das amea\u00e7as de armas de fogo, bem como amea\u00e7as de Classe IIA e II<\/p>\n<hr \/>\n<p><strong>Par\u00e2metros do capacete \u00e0 prova de balas:<\/strong><br \/>\nNome: Capacete \u00e0 prova de balas NIJ lllA MICH2000<\/p>\n<p>Material: Fibra de Aramida Kevlar-DuPont de Alta Resist\u00eancia<br \/>\nCircunfer\u00eancia da cabe\u00e7a: 52-60 cm<br \/>\nForro: O forro de espuma reposicion\u00e1vel de rebote lento mant\u00e9m o capacete confort\u00e1vel e evita fadiga e superaquecimento.<br \/>\nAcess\u00f3rios opcionais: m\u00e1scara de oxig\u00eanio, escudo facial, escudo lateral, escudo lateral de armadura, escudo, capa de capacete, m\u00e1scara \u00e0 prova de balas, etc.<br \/>\nCor do Capacete: Preto<br \/>\nO MICH \u00e9 um capacete que interrompe os disparos de pistola e fornece prote\u00e7\u00e3o confi\u00e1vel contra detritos e detritos em queda.<br \/>\nreduzir\u00e1 a prote\u00e7\u00e3o.<\/p>\n<hr \/>\n<p><strong>&#8220;Para pessoas:<\/strong><br \/>\nO capacete bal\u00edstico NIJ lllA Kevlar MICH2000 lida com amea\u00e7as de pistola e estilha\u00e7os com maior capacidade de fixa\u00e7\u00e3o para um ajuste mais leve e confort\u00e1vel. Este capacete \u00e9 adequado para todos os tipos de usu\u00e1rios. Funcion\u00e1rios de ag\u00eancias como militares, pol\u00edcia, SWAT, seguran\u00e7a interna, alf\u00e2ndega e guardas de fronteira podem ser equipados com capacidades de combate aprimoradas. Tamb\u00e9m \u00e9 uma boa escolha para prote\u00e7\u00e3o dom\u00e9stica e cosplay.<\/p>\n<hr \/>\n<p><strong>O que \u00e9 o capacete militar MICH2000 Kevlar?<\/strong><br \/>\nO Capacete Modular de Comunica\u00e7\u00f5es Integradas (MICH) \u00e9 um capacete de combate americano e um dos v\u00e1rios capacetes usados pelos militares dos EUA. Foi desenvolvido pelo Centro de Sistemas de Sistemas de Soldados do Ex\u00e9rcito dos EUA como o capacete de combate protetor de \u00faltima gera\u00e7\u00e3o usado pelos militares dos EUA. O principal motivo para o desenvolvimento do MICH foi substituir os protetores, mas pesados PASGTs, pois eram mais leves, mais confort\u00e1veis, se ajustavam melhor e eram mais f\u00e1ceis de instalar acess\u00f3rios, especialmente equipamentos de vis\u00e3o noturna e fones de ouvido de comunica\u00e7\u00e3o. N\u00e3o causa estresse desnecess\u00e1rio no pesco\u00e7o. Inicialmente, foi usado quase exclusivamente pelo SOCOM e algumas entidades estreitamente relacionadas. At\u00e9 o momento, o MICH e seus derivados, o Capacete de Combate Avan\u00e7ado e o Capacete de Combate Modificado, substitu\u00edram completamente o PASGT no servi\u00e7o ativo do Ex\u00e9rcito dos EUA e s\u00e3o usados, pelo menos at\u00e9 certo ponto, em todas as divis\u00f5es do Ex\u00e9rcito dos EUA.<\/p>\n<hr \/>\n<p><strong>Caracter\u00edsticas do capacete MICH2000 Kevlar:<\/strong><br \/>\nO peso do MICH \u00e9 de aproximadamente 1,6 kg. O MICH tamb\u00e9m \u00e9 um pouco menor que o PASGT, tem 8% menos alcance, usa fibras Kevlar novas e mais avan\u00e7adas e oferece melhor prote\u00e7\u00e3o contra pistolas e proj\u00e9teis. Um sistema de amortecimento e sistema de fixa\u00e7\u00e3o de quatro pontos, semelhantes aos protetores e cintas de skates, capacetes de bicicleta e capacetes de \u00e1gua, substituem o sistema de suspens\u00e3o de cord\u00e3o de nylon, faixa de transpira\u00e7\u00e3o e faixa de queixo encontrados nos capacetes PASGT. Essa mudan\u00e7a oferece ao usu\u00e1rio maior prote\u00e7\u00e3o contra impactos e conforto. Possui um suporte de montagem frontal para \u00f3culos de vis\u00e3o noturna (como AN\/PVS-14 ou AN\/PVS-15), semelhante ao do capacete PASGT. Ele tamb\u00e9m possui um par de tiras na parte de tr\u00e1s para prender os \u00f3culos de seguran\u00e7a, bem como uma capa de capacete de tecido em v\u00e1rios padr\u00f5es de camuflagem. Ao contr\u00e1rio de um contorno &#8220;curvo&#8221;, o PASGT trata principalmente de remover as sobrancelhas e elevar os lados a um ponto &#8220;plano&#8221; na borda inferior atr\u00e1s das t\u00eamporas. Isso reduz um pouco o peso e permite uma melhor percep\u00e7\u00e3o situacional e menos obst\u00e1culos no campo de vis\u00e3o do usu\u00e1rio, especialmente quando combinado com coletes \u00e0 prova de balas interceptadores. Os soldados reclamaram anteriormente que o colar de intercepta\u00e7\u00e3o alto e a tira de queixo de dois pontos empurram a parte traseira do capacete PASGT para frente e, quando tentam atirar de uma posi\u00e7\u00e3o deitada, a borda do capacete desliza por seus olhos, o que no MICH, tem uma cinta de queixo contornada estreita e de quatro pontos.<\/p>\n<hr \/>\n<p><strong>Qual \u00e9 o capacete bal\u00edstico t\u00e1tico MICH2000 ou FAST mais popular?<\/strong><br \/>\nO MICH2000 possui uma superf\u00edcie protetora maior, o que \u00e9 mais vantajoso se voc\u00ea n\u00e3o planeja instalar muitos acess\u00f3rios. Se voc\u00ea planeja escolher muitos equipamentos, como (usar lanterna, fones de ouvido com cancelamento de ru\u00eddo e equipamentos de comunica\u00e7\u00e3o, \u00f3culos de vis\u00e3o noturna ou equipamento de v\u00eddeo etc.), \u00e9 recomend\u00e1vel escolher FAST, porque n\u00e3o ser\u00e1 muito pesado , colocar\u00e1 press\u00e3o no pesco\u00e7o, o que afetar\u00e1 indiretamente a capacidade de atividade.<\/p>\n<hr \/>\n<p><strong>Pre\u00e7o do capacete militar MICH2000<\/strong><br \/>\nEsta \u00e9 a nossa loja de capacete de seguran\u00e7a t\u00e1tico, compre diretamente em nosso site, voc\u00ea pode obter 15% de desconto no pre\u00e7o original<\/p>\n<hr \/>\n<p>Se voc\u00ea deseja comprar nossos produtos ou tem alguma d\u00favida sobre nossos produtos;<br \/>\nSe voc\u00ea tiver alguma necessidade de personaliza\u00e7\u00e3o;<br \/>\nPor favor (<a href=\"http:\/\/tyditiao.com\/en\/contact\/\">entre em contato conosco<\/a>) imediatamente, n\u00f3s responderemos dentro de 1 dia \u00fatil<\/p>\n","protected":false},"excerpt":{"rendered":"<p>Feito de fibra DuPont Kevlar Aramid de alta resist\u00eancia, resistente ao calor e n\u00e3o \u00e9 f\u00e1cil de deformar<\/p>\n<p>NIJ N\u00edvel IIIA<\/p>\n<p>Sistema de ajuste da circunfer\u00eancia da cabe\u00e7a, pode fazer com que o capacete atinja o efeito de uso ideal<\/p>\n<p>A testa \u00e9 refor\u00e7ada com tiras el\u00e1sticas nas laterais do polvo (parte inferior do suporte de vis\u00e3o noturna) para fixar espelhos, c\u00e2meras, \u00f3culos de vis\u00e3o noturna e outros dispositivos<\/p>\n<p>Equipado com trilhos, montagem de acess\u00f3rios mais potentes, pode ser equipado com sistema de luz forte e luzes de identifica\u00e7\u00e3o de farol, tamb\u00e9m pode ser equipado com prote\u00e7\u00e3o auditiva<\/p>\n","protected":false},"featured_media":7958,"comment_status":"open","ping_status":"closed","template":"","meta":[],"product_brand":[],"product_cat":[494,502],"product_tag":[],"woo-feed-brand":[50],"class_list":{"0":"post-8636","1":"product","2":"type-product","3":"status-publish","4":"has-post-thumbnail","6":"product_cat-capacete-a-prova-de-balas","7":"product_cat-mich2000-pt-pt","8":"woo-feed-brand-tyditiao","10":"first","11":"instock","12":"sale","13":"shipping-taxable","14":"purchasable","15":"product-type-simple"},"_links":{"self":[{"href":"https:\/\/tyditiao.com\/pt-pt\/wp-json\/wp\/v2\/product\/8636","targetHints":{"allow":["GET"]}}],"collection":[{"href":"https:\/\/tyditiao.com\/pt-pt\/wp-json\/wp\/v2\/product"}],"about":[{"href":"https:\/\/tyditiao.com\/pt-pt\/wp-json\/wp\/v2\/types\/product"}],"replies":[{"embeddable":true,"href":"https:\/\/tyditiao.com\/pt-pt\/wp-json\/wp\/v2\/comments?post=8636"}],"wp:featuredmedia":[{"embeddable":true,"href":"https:\/\/tyditiao.com\/pt-pt\/wp-json\/wp\/v2\/media\/7958"}],"wp:attachment":[{"href":"https:\/\/tyditiao.com\/pt-pt\/wp-json\/wp\/v2\/media?parent=8636"}],"wp:term":[{"taxonomy":"product_brand","embeddable":true,"href":"https:\/\/tyditiao.com\/pt-pt\/wp-json\/wp\/v2\/product_brand?post=8636"},{"taxonomy":"product_cat","embeddable":true,"href":"https:\/\/tyditiao.com\/pt-pt\/wp-json\/wp\/v2\/product_cat?post=8636"},{"taxonomy":"product_tag","embeddable":true,"href":"https:\/\/tyditiao.com\/pt-pt\/wp-json\/wp\/v2\/product_tag?post=8636"},{"taxonomy":"woo-feed-brand","embeddable":true,"href":"https:\/\/tyditiao.com\/pt-pt\/wp-json\/wp\/v2\/woo-feed-brand?post=8636"}],"curies":[{"name":"wp","href":"https:\/\/api.w.org\/{rel}","templated":true}]}}