{"id":4660,"date":"2022-10-08T11:32:00","date_gmt":"2022-10-08T09:32:00","guid":{"rendered":"http:\/\/tyditiao.com\/despre\/"},"modified":"2025-01-05T05:00:56","modified_gmt":"2025-01-05T03:00:56","slug":"despre","status":"publish","type":"page","link":"https:\/\/tyditiao.com\/ro\/despre\/","title":{"rendered":"Despre"},"content":{"rendered":"\n<div class=\"wp-block-cover\" style=\"min-height:240px;aspect-ratio:unset;\"><span aria-hidden=\"true\" class=\"wp-block-cover__background has-background-dim\" style=\"background-color:#1a6b92\"><\/span><img loading=\"lazy\" decoding=\"async\" width=\"1945\" height=\"643\" class=\"wp-block-cover__image-background wp-image-1572\" alt=\"\" src=\"http:\/\/tyditiao.com\/wp-content\/uploads\/2022\/06\/2022-06-13_181459.png\" data-object-fit=\"cover\" srcset=\"https:\/\/tyditiao.com\/wp-content\/uploads\/2022\/06\/2022-06-13_181459.png 1945w, https:\/\/tyditiao.com\/wp-content\/uploads\/2022\/06\/2022-06-13_181459-600x198.png 600w, https:\/\/tyditiao.com\/wp-content\/uploads\/2022\/06\/2022-06-13_181459-300x99.png 300w, https:\/\/tyditiao.com\/wp-content\/uploads\/2022\/06\/2022-06-13_181459-1024x339.png 1024w, https:\/\/tyditiao.com\/wp-content\/uploads\/2022\/06\/2022-06-13_181459-768x254.png 768w, https:\/\/tyditiao.com\/wp-content\/uploads\/2022\/06\/2022-06-13_181459-1536x508.png 1536w, https:\/\/tyditiao.com\/wp-content\/uploads\/2022\/06\/2022-06-13_181459-1320x436.png 1320w\" sizes=\"auto, (max-width: 1945px) 100vw, 1945px\" \/><div class=\"wp-block-cover__inner-container is-layout-constrained wp-block-cover-is-layout-constrained\">\n<p class=\"has-text-align-center custom-style-2 has-woostify-heading-1-font-size\">despre noi<\/p>\n<\/div><\/div>\n\n<div style=\"height:50px\" aria-hidden=\"true\" class=\"wp-block-spacer\"><\/div>\n\n<div class=\"wp-block-columns is-layout-flex wp-container-core-columns-is-layout-9d6595d7 wp-block-columns-is-layout-flex\">\n<div class=\"wp-block-column is-layout-flow wp-block-column-is-layout-flow\" style=\"flex-basis:10%\"><\/div>\n\n\n\n<div class=\"wp-block-column is-layout-flow wp-block-column-is-layout-flow\">\n<h4 class=\"wp-block-heading has-text-align-center\">casc\u0103 \u00een produc\u021bie<\/h4>\n\n\n\n<div style=\"height:30px\" aria-hidden=\"true\" class=\"wp-block-spacer\"><\/div>\n\n\n\n<figure class=\"wp-block-gallery has-nested-images columns-5 is-cropped wp-block-gallery-1 is-layout-flex wp-block-gallery-is-layout-flex\">\n<figure class=\"wp-block-image size-medium\"><img loading=\"lazy\" decoding=\"async\" width=\"300\" height=\"300\" data-id=\"1795\" src=\"https:\/\/tyditiao.com\/wp-content\/uploads\/2022\/07\/IMG_5611-300x300.jpeg\" alt=\"casc&#x103; de protec&#x21B;ie tactic&#x103; magazin militar - Casc&#x103; antiglon&#x21B; Kevlar &#xEE;n produc&#x21B;ie\" class=\"wp-image-1795\" srcset=\"https:\/\/tyditiao.com\/wp-content\/uploads\/2022\/07\/IMG_5611-300x300.jpeg 300w, https:\/\/tyditiao.com\/wp-content\/uploads\/2022\/07\/IMG_5611-100x100.jpeg 100w, https:\/\/tyditiao.com\/wp-content\/uploads\/2022\/07\/IMG_5611-600x600.jpeg 600w, https:\/\/tyditiao.com\/wp-content\/uploads\/2022\/07\/IMG_5611-150x150.jpeg 150w, https:\/\/tyditiao.com\/wp-content\/uploads\/2022\/07\/IMG_5611.jpeg 614w\" sizes=\"auto, (max-width: 300px) 100vw, 300px\" \/><\/figure>\n\n\n<figure class=\"wp-block-image size-medium\"><img loading=\"lazy\" decoding=\"async\" width=\"300\" height=\"300\" data-id=\"1656\" src=\"https:\/\/tyditiao.com\/wp-content\/uploads\/2022\/06\/2022-06-15_162614-1-300x300.png\" alt=\"\" class=\"wp-image-1656\" srcset=\"https:\/\/tyditiao.com\/wp-content\/uploads\/2022\/06\/2022-06-15_162614-1-300x300.png 300w, https:\/\/tyditiao.com\/wp-content\/uploads\/2022\/06\/2022-06-15_162614-1-100x100.png 100w, https:\/\/tyditiao.com\/wp-content\/uploads\/2022\/06\/2022-06-15_162614-1-150x150.png 150w, https:\/\/tyditiao.com\/wp-content\/uploads\/2022\/06\/2022-06-15_162614-1.png 475w\" sizes=\"auto, (max-width: 300px) 100vw, 300px\" \/><\/figure>\n\n\n<figure class=\"wp-block-image size-medium\"><img loading=\"lazy\" decoding=\"async\" width=\"300\" height=\"300\" data-id=\"1657\" src=\"https:\/\/tyditiao.com\/wp-content\/uploads\/2022\/06\/2022-06-15_162211-1-300x300.png\" alt=\"casc&#x103; de protec&#x21B;ie tactic&#x103; magazin militar - Casc&#x103; antiglon&#x21B; montat&#x103;\" class=\"wp-image-1657\" srcset=\"https:\/\/tyditiao.com\/wp-content\/uploads\/2022\/06\/2022-06-15_162211-1-300x300.png 300w, https:\/\/tyditiao.com\/wp-content\/uploads\/2022\/06\/2022-06-15_162211-1-100x100.png 100w, https:\/\/tyditiao.com\/wp-content\/uploads\/2022\/06\/2022-06-15_162211-1-600x600.png 600w, https:\/\/tyditiao.com\/wp-content\/uploads\/2022\/06\/2022-06-15_162211-1-150x150.png 150w, https:\/\/tyditiao.com\/wp-content\/uploads\/2022\/06\/2022-06-15_162211-1-768x768.png 768w, https:\/\/tyditiao.com\/wp-content\/uploads\/2022\/06\/2022-06-15_162211-1.png 780w\" sizes=\"auto, (max-width: 300px) 100vw, 300px\" \/><\/figure>\n\n\n<figure class=\"wp-block-image size-medium\"><img loading=\"lazy\" decoding=\"async\" width=\"300\" height=\"300\" data-id=\"1794\" src=\"https:\/\/tyditiao.com\/wp-content\/uploads\/2022\/07\/IMG_5607-300x300.jpeg\" alt=\"casc&#x103; de protec&#x21B;ie tactic&#x103; magazin militar - Dup&#x103; procesul de vopsire\" class=\"wp-image-1794\" srcset=\"https:\/\/tyditiao.com\/wp-content\/uploads\/2022\/07\/IMG_5607-300x300.jpeg 300w, https:\/\/tyditiao.com\/wp-content\/uploads\/2022\/07\/IMG_5607-100x100.jpeg 100w, https:\/\/tyditiao.com\/wp-content\/uploads\/2022\/07\/IMG_5607-600x600.jpeg 600w, https:\/\/tyditiao.com\/wp-content\/uploads\/2022\/07\/IMG_5607-1024x1024.jpeg 1024w, https:\/\/tyditiao.com\/wp-content\/uploads\/2022\/07\/IMG_5607-150x150.jpeg 150w, https:\/\/tyditiao.com\/wp-content\/uploads\/2022\/07\/IMG_5607-768x768.jpeg 768w, https:\/\/tyditiao.com\/wp-content\/uploads\/2022\/07\/IMG_5607.jpeg 1034w\" sizes=\"auto, (max-width: 300px) 100vw, 300px\" \/><\/figure>\n\n\n<figure class=\"wp-block-image size-medium\"><img loading=\"lazy\" decoding=\"async\" width=\"300\" height=\"300\" data-id=\"1658\" src=\"https:\/\/tyditiao.com\/wp-content\/uploads\/2022\/06\/2022-06-15_162306-1-300x300.png\" alt=\"casc&#x103; de protec&#x21B;ie tactic&#x103; magazin militar - Dup&#x103; procesul de vopsire MICH\" class=\"wp-image-1658\" srcset=\"https:\/\/tyditiao.com\/wp-content\/uploads\/2022\/06\/2022-06-15_162306-1-300x300.png 300w, https:\/\/tyditiao.com\/wp-content\/uploads\/2022\/06\/2022-06-15_162306-1-100x100.png 100w, https:\/\/tyditiao.com\/wp-content\/uploads\/2022\/06\/2022-06-15_162306-1-600x600.png 600w, https:\/\/tyditiao.com\/wp-content\/uploads\/2022\/06\/2022-06-15_162306-1-150x150.png 150w, https:\/\/tyditiao.com\/wp-content\/uploads\/2022\/06\/2022-06-15_162306-1-768x768.png 768w, https:\/\/tyditiao.com\/wp-content\/uploads\/2022\/06\/2022-06-15_162306-1.png 880w\" sizes=\"auto, (max-width: 300px) 100vw, 300px\" \/><\/figure><\/figure>\n\n\n\n<div style=\"height:50px\" aria-hidden=\"true\" class=\"wp-block-spacer\"><\/div>\n<\/div>\n\n\n\n<div class=\"wp-block-column is-layout-flow wp-block-column-is-layout-flow\" style=\"flex-basis:10%\"><\/div>\n<\/div>\n\n<div class=\"wp-block-columns is-layout-flex wp-container-core-columns-is-layout-9d6595d7 wp-block-columns-is-layout-flex\">\n<div class=\"wp-block-column is-layout-flow wp-block-column-is-layout-flow\" style=\"flex-basis:15%\"><\/div>\n\n\n\n<div class=\"wp-block-column is-layout-flow wp-block-column-is-layout-flow\" style=\"flex-basis:70%\">\n<p class=\"has-text-align-center\">Compania noastr\u0103 se angajeaz\u0103 s\u0103 ofere clien\u021bilor c\u0103\u0219ti antiglon\u021b profesionale \u0219i a devenit acum un produc\u0103tor bine-cunoscut \u0219i lider tehnologic de <a href=\"http:\/\/tyditiao.com\/shop\/\">c\u0103\u0219ti antiglon\u021b<\/a> \u00een industrie. Toate produsele noastre sunt testate conform standardului NIJ0101.06.<\/p>\n\n\n\n<p class=\"has-text-align-center\">\u00cen ultimii ani, am deservit mul\u021bi clien\u021bi din Polonia, Germania, Suedia, Orientul Mijlociu, Spania, Coreea de Sud \u0219i alte \u021b\u0103ri \u0219i regiuni \u0219i am stabilit rela\u021bii de cooperare pe termen lung cu ace\u0219tia.\nAceste dispozitive au protejat fericirea a nenum\u0103rate vie\u021bi \u0219i familii de care suntem cel mai m\u00e2ndri \u0219i<br\/>Acesta este ceea ce ne conduce \u00een viitor. <\/p>\n\n\n\n<p class=\"has-text-align-center\">Avem diferite dimensiuni de echipamente de produc\u021bie \u0219i un sistem perfect de management al produc\u021biei. Datorit\u0103 particularit\u0103\u021bii produsului, acord\u0103m o mare importan\u021b\u0103 calit\u0103\u021bii produsului \u0219i efectu\u0103m teste \u00een fiecare etap\u0103 a produc\u021biei pentru a preveni produsele substandard. \u201eCalitatea \u00een primul r\u00e2nd, reputa\u021bia \u00een primul r\u00e2nd\u201d este filozofia \u0219i dorin\u021ba \u00eentregii noastre echipe. De la cercetare \u0219i dezvoltare, la produc\u021bie, la controlul calit\u0103\u021bii, ne str\u0103duim s\u0103 ob\u021binem excelen\u021b\u0103 \u00een fiecare leg\u0103tur\u0103 pentru a asigura produse fiabile \u0219i de \u00eenalt\u0103 calitate.   <\/p>\n<\/div>\n\n\n\n<div class=\"wp-block-column is-layout-flow wp-block-column-is-layout-flow\" style=\"flex-basis:15%\"><\/div>\n<\/div>\n","protected":false},"excerpt":{"rendered":"<p>casc\u0103 \u00een produc\u021bie Compania noastr\u0103 se angajeaz\u0103 s\u0103 ofere clien\u021bilor c\u0103\u0219ti antiglon\u021b profesionale \u0219i a devenit acum un produc\u0103tor bine-cunoscut&#8230;<\/p>\n","protected":false},"author":1,"featured_media":0,"parent":0,"menu_order":0,"comment_status":"closed","ping_status":"closed","template":"","meta":{"footnotes":""},"class_list":["post-4660","page","type-page","status-publish","hentry"],"_links":{"self":[{"href":"https:\/\/tyditiao.com\/ro\/wp-json\/wp\/v2\/pages\/4660","targetHints":{"allow":["GET"]}}],"collection":[{"href":"https:\/\/tyditiao.com\/ro\/wp-json\/wp\/v2\/pages"}],"about":[{"href":"https:\/\/tyditiao.com\/ro\/wp-json\/wp\/v2\/types\/page"}],"author":[{"embeddable":true,"href":"https:\/\/tyditiao.com\/ro\/wp-json\/wp\/v2\/users\/1"}],"replies":[{"embeddable":true,"href":"https:\/\/tyditiao.com\/ro\/wp-json\/wp\/v2\/comments?post=4660"}],"version-history":[{"count":3,"href":"https:\/\/tyditiao.com\/ro\/wp-json\/wp\/v2\/pages\/4660\/revisions"}],"predecessor-version":[{"id":16491,"href":"https:\/\/tyditiao.com\/ro\/wp-json\/wp\/v2\/pages\/4660\/revisions\/16491"}],"wp:attachment":[{"href":"https:\/\/tyditiao.com\/ro\/wp-json\/wp\/v2\/media?parent=4660"}],"curies":[{"name":"wp","href":"https:\/\/api.w.org\/{rel}","templated":true}]}}