{"id":16795,"date":"2025-04-17T09:25:14","date_gmt":"2025-04-17T07:25:14","guid":{"rendered":"https:\/\/tyditiao.com\/product\/casca-balistica-fast-cu-insert-wendys-zorbium-si-sistem-de-suspensie-cam-fit-nivel-de-protectie-nij\/"},"modified":"2025-04-21T13:52:52","modified_gmt":"2025-04-21T11:52:52","slug":"casca-balistica-fast-cu-insert-wendys-zorbium-si-sistem-de-suspensie-cam-fit-nivel-de-protectie-nij","status":"publish","type":"product","link":"https:\/\/tyditiao.com\/ro\/produs\/casca-balistica-fast-cu-insert-wendys-zorbium-si-sistem-de-suspensie-cam-fit-nivel-de-protectie-nij\/","title":{"rendered":"Casca balistica FAST, cu insert Wendy&#8217;s Zorbium si sistem de suspensie CAM FIT, nivel de protectie NIJ"},"content":{"rendered":"<p><strong>Note speciale:<\/strong><\/p>\n<p>Acesta este noul nostru model emblematic, care combin\u0103 manopera de \u00eenalt\u0103 calitate cu cel mai \u00eenalt confort. Dac\u0103 nu este specificat altfel, configura\u021bia implicit\u0103 este urm\u0103toarea: m\u0103rimea L, verde, casc\u0103 antiglon\u021b FAST cu c\u0103ptu\u0219eal\u0103 din spum\u0103 Zorbium \u0219i sistem de suspensie CAM FIT, nivel de protec\u021bie NIJ IIIA. \u00cen plus, oferim o gam\u0103 larg\u0103 de culori (verde, nisip, negru) \u0219i m\u0103rimi (S, M, L, XL) din care s\u0103 alege\u021bi.<\/p>\n<p>Indiferent unde v\u0103 afla\u021bi, pute\u021bi plasa comanda direct prin acest link \u0219i pute\u021bi face achizi\u021bia f\u0103r\u0103 nicio problem\u0103. Doar specifica marimea si culoarea de care ai nevoie in notele de comanda (de exemplu: XL-negru) si vei primi echipamentul visat. Nu vom percepe taxe suplimentare pentru alegerea altor culori \u0219i dimensiuni.<\/p>\n<hr \/>\n<p><strong>Clasa de aparare:<\/strong><\/p>\n<p>Aceast\u0103 casc\u0103 antiglon\u021b este o casc\u0103 antiglon\u021b NIJ Nivel IIIA conform standardului NIJ 0101.06 \u0219i poate fi furnizat raportul de testare corespunz\u0103tor.<\/p>\n<hr \/>\n<p><strong>Parametrii proiectilului de ap\u0103rare:<\/strong><\/p>\n<p>.44 Mag SJHP<br \/>\n.357 SIG FMJ FN<br \/>\n9mm FMJ RN<br \/>\n.357 Mag JSP<br \/>\n.40 S&amp;W FMJ<\/p>\n<p>De asemenea, ofer\u0103 protec\u021bie \u00eempotriva majorit\u0103\u021bii amenin\u021b\u0103rilor cu armele de m\u00e2n\u0103, precum \u0219i a amenin\u021b\u0103rilor de clas\u0103 IIA \u0219i II<\/p>\n<hr \/>\n<p><strong>Parametrii c\u0103\u0219tii antiglon\u021b:<\/strong><\/p>\n<p>Nume: Casc\u0103 tactic\u0103 antiglon\u021b NIJ lllA FAST Kevlar cu c\u0103ptu\u0219eal\u0103 din spum\u0103 Wendy Zorbium + sistem de suspensie CAM FIT<\/p>\n<p>Material: fibr\u0103 DuPont Kevlar-aramid\u0103 de \u00eenalt\u0103 rezisten\u021b\u0103<br \/>\nMarime: S, M, L, XL<br \/>\nCuloare: verde, nisip, negru<br \/>\nAccesorii optionale: masca antiglont, etc.<br \/>\nPerioada de garan\u021bie: perioada de garan\u021bie de 5 ani poate avea o capacitate de protec\u021bie adecvat\u0103, dar dac\u0103 dep\u0103\u0219e\u0219te perioada de garan\u021bie<br \/>\nCalitatea vie\u021bii va reduce capacitatea de protec\u021bie.<\/p>\n<p>&nbsp;<\/p>\n<hr \/>\n<p><strong>Detalii \u0219i compararea dimensiunilor c\u0103\u0219tilor antiglon\u021b:<\/strong><\/p>\n<p>&nbsp;<\/p>\n<table style=\"border-collapse: collapse;\" border=\"1\" cellspacing=\"0\" cellpadding=\"5\">\n<thead>\n<tr>\n<th>Casca balistica Dimensiunea casca<\/th>\n<th>S<\/th>\n<th>M<\/th>\n<th>L<\/th>\n<th>XL<\/th>\n<\/tr>\n<\/thead>\n<tbody>\n<tr>\n<td>Grosimea acoperirii<\/td>\n<td>9.5<\/td>\n<td>9.5<\/td>\n<td>10 (9.5)<\/td>\n<td>10 (9.5)<\/td>\n<\/tr>\n<tr>\n<td>Nivel de protec\u021bie<\/td>\n<td>3A.44<\/td>\n<td>3A.44<\/td>\n<td>3A.44<\/td>\n<td>3A.44<\/td>\n<\/tr>\n<tr>\n<td>Axa lung\u0103 (Axa lung\u0103\/mm)<\/td>\n<td>235<\/td>\n<td>240<\/td>\n<td>247<\/td>\n<td>263<\/td>\n<\/tr>\n<tr>\n<td>Axa scurt\u0103 (Axa minor\u0103\/mm)<\/td>\n<td>182<\/td>\n<td>185<\/td>\n<td>193<\/td>\n<td>205<\/td>\n<\/tr>\n<tr>\n<td>\u00cen\u0103l\u021bime interioar\u0103\/mm<\/td>\n<td>146<\/td>\n<td>153<\/td>\n<td>158<\/td>\n<td>161<\/td>\n<\/tr>\n<tr>\n<td>Circumferin\u021ba capului (cu unghii)<\/td>\n<td>53-59<\/td>\n<td>53-59<\/td>\n<td>56-59<\/td>\n<td>58-62<\/td>\n<\/tr>\n<tr>\n<td>Greutate standard (Greutate\/Kg)<\/td>\n<td>1.24<\/td>\n<td>1.29<\/td>\n<td>1.32<\/td>\n<td>1.42<\/td>\n<\/tr>\n<tr>\n<td>Abatere Greutate\/Kg<\/td>\n<td>0.05<\/td>\n<td>0.05<\/td>\n<td>0.05<\/td>\n<td>0.05<\/td>\n<\/tr>\n<tr>\n<td>Greutate cutie\/KG<\/td>\n<td>2<\/td>\n<td>2<\/td>\n<td>2<\/td>\n<td>2.1<\/td>\n<\/tr>\n<\/tbody>\n<\/table>\n","protected":false},"excerpt":{"rendered":"<p>Combina\u021bia dintre avantajele c\u0103\u0219tii balistice FAST \u0219i a c\u0103\u0219tii Wendy ofer\u0103 confort \u0219i protec\u021bie excelent\u0103, permi\u021b\u00e2ndu-v\u0103 s\u0103 men\u021bine\u021bi mobilitatea \u0219i siguran\u021ba deplin\u0103 \u00een timpul oric\u0103rei sarcini.<\/p>\n<p>Design u\u0219or \u0219i confortabil: Casca FAST cu designul s\u0103u modern \u0219i u\u0219or reduce greutatea la minimum, f\u0103c\u00e2nd-o ideal\u0103 pentru purtare pe termen lung \u00een condi\u021bii solicitante. Ofer\u0103 un confort excep\u021bional, chiar \u0219i \u00een timpul activit\u0103\u021bilor intense.<\/p>\n<p>Sistem de suspensie de precizie: inser\u021bia Zorbium \u0219i sistemul de suspensie CAM FIT permit o ajustare precis\u0103 la forma capului, oferind o potrivire stabil\u0103, moale \u0219i confortabil\u0103, care garanteaz\u0103 confort atunci c\u00e2nd sunt purtate perioade lungi de timp.<\/p>\n<p>Nu este nevoie de auto-asamblare, ceea ce v\u0103 permite s\u0103 economisi\u021bi timp \u0219i efort \u0219i s\u0103 v\u0103 bucura\u021bi imediat de echipament tactic complet.<\/p>\n","protected":false},"featured_media":16579,"comment_status":"open","ping_status":"closed","template":"","meta":[],"product_brand":[],"product_cat":[199,352,153],"product_tag":[],"woo-feed-brand":[50],"class_list":{"0":"post-16795","1":"product","2":"type-product","3":"status-publish","4":"has-post-thumbnail","6":"product_cat-ballistic-mask-ro","7":"product_cat-casca-antiglont","8":"product_cat-fast-ro","9":"woo-feed-brand-tyditiao","11":"first","12":"instock","13":"sale","14":"shipping-taxable","15":"purchasable","16":"product-type-simple"},"_links":{"self":[{"href":"https:\/\/tyditiao.com\/ro\/wp-json\/wp\/v2\/product\/16795","targetHints":{"allow":["GET"]}}],"collection":[{"href":"https:\/\/tyditiao.com\/ro\/wp-json\/wp\/v2\/product"}],"about":[{"href":"https:\/\/tyditiao.com\/ro\/wp-json\/wp\/v2\/types\/product"}],"replies":[{"embeddable":true,"href":"https:\/\/tyditiao.com\/ro\/wp-json\/wp\/v2\/comments?post=16795"}],"wp:featuredmedia":[{"embeddable":true,"href":"https:\/\/tyditiao.com\/ro\/wp-json\/wp\/v2\/media\/16579"}],"wp:attachment":[{"href":"https:\/\/tyditiao.com\/ro\/wp-json\/wp\/v2\/media?parent=16795"}],"wp:term":[{"taxonomy":"product_brand","embeddable":true,"href":"https:\/\/tyditiao.com\/ro\/wp-json\/wp\/v2\/product_brand?post=16795"},{"taxonomy":"product_cat","embeddable":true,"href":"https:\/\/tyditiao.com\/ro\/wp-json\/wp\/v2\/product_cat?post=16795"},{"taxonomy":"product_tag","embeddable":true,"href":"https:\/\/tyditiao.com\/ro\/wp-json\/wp\/v2\/product_tag?post=16795"},{"taxonomy":"woo-feed-brand","embeddable":true,"href":"https:\/\/tyditiao.com\/ro\/wp-json\/wp\/v2\/woo-feed-brand?post=16795"}],"curies":[{"name":"wp","href":"https:\/\/api.w.org\/{rel}","templated":true}]}}