{"id":16796,"date":"2025-04-17T11:28:35","date_gmt":"2025-04-17T09:28:35","guid":{"rendered":"https:\/\/tyditiao.com\/product\/casca-balistica-cu-protectie-faciala-si-protectie-pentru-barbie-tdtm-3-protectie-completa-nij-iiia-ideala-pentru-conditii-tactice-extreme\/"},"modified":"2025-04-19T10:00:06","modified_gmt":"2025-04-19T08:00:06","slug":"casca-balistica-cu-protectie-faciala-si-protectie-pentru-barbie-tdtm-3-protectie-completa-nij-iiia-ideala-pentru-conditii-tactice-extreme","status":"publish","type":"product","link":"https:\/\/tyditiao.com\/ro\/produs\/casca-balistica-cu-protectie-faciala-si-protectie-pentru-barbie-tdtm-3-protectie-completa-nij-iiia-ideala-pentru-conditii-tactice-extreme\/","title":{"rendered":"casc\u0103 balistic\u0103 cu protec\u021bie facial\u0103 \u0219i protec\u021bie pentru b\u0103rbie, TDTM-3, protec\u021bie complet\u0103 NIJ IIIA, ideal\u0103 pentru condi\u021bii tactice extreme"},"content":{"rendered":"<p>Sticl\u0103 antiglon\u021b de \u00eenalt\u0103 rezisten\u021b\u0103: Sticla antiglon\u021b de \u00eenalt\u0103 calitate ofer\u0103 protec\u021bie eficient\u0103 pentru fa\u021ba ta \u00een cazul unei explozii sau impact, asigur\u00e2nd \u00een acela\u0219i timp o vizibilitate excelent\u0103.<\/p>\n<p>Modulul Jaw Guard: Un modul conceput special pentru a proteja zona maxilarului, oferind protec\u021bie suplimentar\u0103 b\u0103rbiei, protej\u00e2nd \u00eempotriva r\u0103nilor \u00een timpul opera\u021biunilor tactice.<\/p>\n<p>Sistem de reglare confortabil: Echipat cu un sistem de suspensie reglabil \u0219i c\u0103ptu\u0219eal\u0103 din spum\u0103 cu memorie de \u00eenalt\u0103 densitate care ofer\u0103 amortizare, absoarbe umezeala \u0219i transpira\u021bia \u0219i reduce oboseala \u00een timpul utiliz\u0103rii prelungite. Disponibilitatea diferitelor m\u0103rimi (S, M, L, XL) garanteaz\u0103 o potrivire confortabil\u0103 la forma capului. <\/p>\n<p>Montare accesorii tactice: Casca are mai multe puncte de montare care permit instalarea rapid\u0103 a viziunii nocturne, a echipamentelor de comunicare \u0219i a altor accesorii tactice, \u00eendeplinind cerin\u021bele opera\u021biunilor de lupt\u0103 specializate.<\/p>\n<p><strong>Note speciale:<\/strong><\/p>\n<p>Aceast\u0103 casc\u0103 balistic\u0103 clasa NIJ IIIA ofer\u0103 o protec\u021bie complet\u0103 a capului \u00een timpul opera\u021biunilor tactice. A fost special conceput pentru a asigura siguran\u021ba solda\u021bilor \u00een condi\u021bii extreme. Fie c\u0103 este vorba de sticl\u0103 rezistent\u0103 la glon\u021b pe fa\u021b\u0103 sau de module rezistente la glon\u021b de pe falc\u0103, acestea ofer\u0103 o protec\u021bie de neegalat \u00eempotriva schijelor, fragmentelor \u0219i daunelor prin impact. Designul bine g\u00e2ndit \u0219i sistemul de reglare a confortului garanteaz\u0103 confort maxim \u00een timpul luptei de lung\u0103 durat\u0103. Fie c\u0103 este vorba de pe c\u00e2mpul de lupt\u0103, de o opera\u021biune de aplicare a legii sau de un mediu de antrenament, v\u0103 putem oferi un sprijin solid.    <\/p>\n<p>Dac\u0103 nu exist\u0103 o observa\u021bie special\u0103, configura\u021bia implicit\u0103 este: m\u0103rimea L, culoarea verde. \u00cen plus, v\u0103 oferim o gam\u0103 larg\u0103 de culori (nisip\/negru\/verde\/camuflaj MC\/maro lup) \u0219i m\u0103rimi (S, M, L, XL) din care s\u0103 alege\u021bi. <\/p>\n<p>Indiferent unde v\u0103 afla\u021bi, pute\u021bi plasa comanda direct prin acest link \u0219i pute\u021bi face achizi\u021bia f\u0103r\u0103 nicio problem\u0103. Doar specifica marimea si culoarea de care ai nevoie in notele de comanda (de exemplu: XL-negru) si vei primi echipamentul visat. Nu vom percepe taxe suplimentare pentru alegerea altor culori \u0219i dimensiuni.  <\/p>\n<hr>\n<p><strong>Referitor la scenarii:<\/strong><\/p>\n<p>For\u021bele de opera\u021biuni speciale<br \/>\nAplicarea \u00een medii cu risc ridicat<br \/>\nSporturi tactice \u00een aer liber \u0219i antrenament de tir<br \/>\nMisiuni de salvare \u0219i control al revoltelor<\/p>\n<hr>\n<p><strong>Parametrii proiectilului de ap\u0103rare:<\/strong><\/p>\n<p>.44 Mag SJHP<br \/>\n.357 SIG FMJ FN<br \/>\n9mm FMJ RN<br \/>\n.357 Mag JSP<br \/>\n.40 S&amp;W FMJ<\/p>\n<p>De asemenea, ofer\u0103 protec\u021bie \u00eempotriva majorit\u0103\u021bii amenin\u021b\u0103rilor cu armele de m\u00e2n\u0103, precum \u0219i a amenin\u021b\u0103rilor de clas\u0103 IIA \u0219i II<\/p>\n<hr>\n<p><strong>parametru:<\/strong><\/p>\n<p>Model casc\u0103: TDTM-3<br \/>\nMaterial: Casca si aparatul bucal sunt fabricate din UHMWPE<br \/>\nGreutate: aproximativ 2,8 kg (casc\u0103 antiglon\u021b + masc\u0103 antiglon\u021b + ap\u0103r\u0103torie)<br \/>\nMarime: S (53-59cm), M (53-59cm), L (56-59cm), L (58-62cm)<br \/>\nCuloare: Negru\/Verde\/MC Camo\/Wolf Brown<br \/>\nStructura: Componente de protectie pentru corpul casca si fata (detasabile)<br \/>\nZona de protec\u021bie: corp casc\u0103 \u2265 0,125 mm, ochelari de protec\u021bie \u2265 0,025 m, frunte \u2265 0,04 m<\/p>\n<p>&nbsp;<\/p>\n","protected":false},"excerpt":{"rendered":"<p>Protec\u021bie cuprinz\u0103toare: Combin\u0103 o protec\u021bie facial\u0103 rezistent\u0103 la glon\u021b \u0219i un modul de protec\u021bie a maxilarelor pentru a oferi protec\u021bie la 360 de grade pentru \u00eentregul cap, asigur\u00e2nd siguran\u021b\u0103 deplin\u0103 \u00een medii cu risc ridicat.<\/p>\n<p>Centru de greutate optimizat, potrivire stabil\u0103: Structura c\u0103\u0219tii proiectat\u0103 cu precizie asigur\u0103 o distribu\u021bie ra\u021bional\u0103 a centrului de greutate, elimin\u00e2nd \u0219ocurile la alergare sau s\u0103rituri. Acest lucru v\u0103 permite s\u0103 men\u021bine\u021bi flexibilitatea \u0219i libertatea atunci c\u00e2nd viza\u021bi \u00een pozi\u021bie \u00een picioare, trage\u021bi, efectua\u021bi manevre tactice \u0219i alte activit\u0103\u021bi. Greutatea total\u0103 a fost redus\u0103 la nivelul maxim posibil, men\u021bin\u00e2nd \u00een acela\u0219i timp o protec\u021bie complet\u0103.  <\/p>\n<p>Standardul de protec\u021bie NIJ IIIA: \u00cendepline\u0219te standardele NIJ IIIA, protej\u00e2nd eficient \u00eempotriva atacurilor cu amenin\u021bare sc\u0103zut\u0103 p\u00e2n\u0103 la medie, cum ar fi gloan\u021be de pistol \u0219i schije, sporind siguran\u021ba tactic\u0103.<\/p>\n","protected":false},"featured_media":16772,"comment_status":"open","ping_status":"closed","template":"","meta":[],"product_brand":[],"product_cat":[199,352],"product_tag":[],"woo-feed-brand":[50],"class_list":{"0":"post-16796","1":"product","2":"type-product","3":"status-publish","4":"has-post-thumbnail","6":"product_cat-ballistic-mask-ro","7":"product_cat-casca-antiglont","8":"woo-feed-brand-tyditiao","10":"first","11":"instock","12":"sale","13":"shipping-taxable","14":"purchasable","15":"product-type-simple"},"_links":{"self":[{"href":"https:\/\/tyditiao.com\/ro\/wp-json\/wp\/v2\/product\/16796","targetHints":{"allow":["GET"]}}],"collection":[{"href":"https:\/\/tyditiao.com\/ro\/wp-json\/wp\/v2\/product"}],"about":[{"href":"https:\/\/tyditiao.com\/ro\/wp-json\/wp\/v2\/types\/product"}],"replies":[{"embeddable":true,"href":"https:\/\/tyditiao.com\/ro\/wp-json\/wp\/v2\/comments?post=16796"}],"wp:featuredmedia":[{"embeddable":true,"href":"https:\/\/tyditiao.com\/ro\/wp-json\/wp\/v2\/media\/16772"}],"wp:attachment":[{"href":"https:\/\/tyditiao.com\/ro\/wp-json\/wp\/v2\/media?parent=16796"}],"wp:term":[{"taxonomy":"product_brand","embeddable":true,"href":"https:\/\/tyditiao.com\/ro\/wp-json\/wp\/v2\/product_brand?post=16796"},{"taxonomy":"product_cat","embeddable":true,"href":"https:\/\/tyditiao.com\/ro\/wp-json\/wp\/v2\/product_cat?post=16796"},{"taxonomy":"product_tag","embeddable":true,"href":"https:\/\/tyditiao.com\/ro\/wp-json\/wp\/v2\/product_tag?post=16796"},{"taxonomy":"woo-feed-brand","embeddable":true,"href":"https:\/\/tyditiao.com\/ro\/wp-json\/wp\/v2\/woo-feed-brand?post=16796"}],"curies":[{"name":"wp","href":"https:\/\/api.w.org\/{rel}","templated":true}]}}