{"id":4686,"date":"2022-06-13T03:50:24","date_gmt":"2022-06-13T01:50:24","guid":{"rendered":"http:\/\/tyditiao.com\/product\/trupa-casca-echipament-tactic-clasa-iiia-casca-kevlar-neagra\/"},"modified":"2026-03-17T13:18:07","modified_gmt":"2026-03-17T11:18:07","slug":"mich2000-cama-antiglont-kevlar-nivel-3-negru","status":"publish","type":"product","link":"https:\/\/tyditiao.com\/ro\/produs\/mich2000-cama-antiglont-kevlar-nivel-3-negru\/","title":{"rendered":"Trupa Casca, Echipament Tactic Clasa IIIA, Casca Kevlar, Neagra"},"content":{"rendered":"<p><strong>Clasa de aparare:<\/strong><br \/>\nAceast\u0103 casc\u0103 antiglon\u021b este o casc\u0103 antiglon\u021b NIJ Nivel IIIA conform standardului NIJ 0101.06 \u0219i poate fi furnizat raportul de testare corespunz\u0103tor.<\/p>\n<hr \/>\n<p><strong>Parametrii proiectilului de ap\u0103rare:<\/strong><br \/>\n.44 Mag SJHP<br \/>\n.357 SIG FMJ FN<br \/>\n9mm FMJ RN<br \/>\n.357 Mag JSP<br \/>\n.40 S&amp;W FMJ<\/p>\n<p>De asemenea, ofer\u0103 protec\u021bie \u00eempotriva majorit\u0103\u021bii amenin\u021b\u0103rilor cu armele de m\u00e2n\u0103, precum \u0219i a amenin\u021b\u0103rilor de clas\u0103 IIA \u0219i II<\/p>\n<hr \/>\n<p><strong>Parametrii c\u0103\u0219tii antiglon\u021b:<\/strong><br \/>\nNume: casc\u0103 antiglon\u021b NIJ lllA MICH2000<\/p>\n<p>Material: Fibr\u0103 de aramid\u0103 Kevlar-DuPont de \u00eenalt\u0103 rezisten\u021b\u0103<br \/>\nCircumferinta capului: 52-60 cm<br \/>\nC\u0103ptu\u0219eal\u0103: c\u0103ptu\u0219eala repozi\u021bionabil\u0103 din spum\u0103 cu rebound lent men\u021bine casca confortabil\u0103 \u0219i previne oboseala \u0219i supra\u00eenc\u0103lzirea.<br \/>\nAccesorii op\u021bionale: masc\u0103 de oxigen, protec\u021bie facial\u0103, scut lateral, scut lateral blindat, scut, hus\u0103 pentru casc\u0103, masc\u0103 antiglon\u021b etc.<br \/>\nCuloare casc\u0103: negru<br \/>\nPerioada de garan\u021bie: perioada de garan\u021bie de 5 ani poate avea suficient\u0103 protec\u021bie, dar dac\u0103 perioada de garan\u021bie este dep\u0103\u0219it\u0103<br \/>\nva reduce protec\u021bia.<\/p>\n<hr \/>\n<p><strong>Pentru oameni:<\/strong><br \/>\nCasca balistic\u0103 NIJ lllA Kevlar MICH2000 trateaz\u0103 amenin\u021b\u0103rile cu pistol \u0219i schije cu o capacitate de ata\u0219are mai mare pentru o potrivire mai u\u0219oar\u0103 \u0219i mai confortabil\u0103. Aceast\u0103 casc\u0103 este potrivit\u0103 pentru toate tipurile de utilizatori. Personalul de la agen\u021bii precum armata, poli\u021bia, SWAT, securitatea intern\u0103, vama \u0219i poli\u021bi\u0219tii de frontier\u0103 poate fi echipat cu capacit\u0103\u021bi de lupt\u0103 \u00eembun\u0103t\u0103\u021bite. Este, de asemenea, o alegere bun\u0103 pentru protec\u021bia casei \u0219i cosplay.<\/p>\n<hr \/>\n<p><strong>Ce este casca militar\u0103 MICH2000 Kevlar?<\/strong><br \/>\nCasca Modular Integrated Communications (MICH) este o casc\u0103 de lupt\u0103 american\u0103 \u0219i una dintre numeroasele c\u0103\u0219ti folosite de armata SUA. A fost dezvoltat\u0103 de Centrul de sisteme de sisteme pentru solda\u021bi ai armatei americane ca casc\u0103 de protec\u021bie de lupt\u0103 de ultim\u0103 genera\u021bie folosit\u0103 de armata american\u0103. Motivul principal pentru dezvoltarea MICH a fost \u00eenlocuirea PASGT-urilor de protec\u021bie, dar grele, deoarece acestea erau mai u\u0219oare, mai confortabile, se potriveau mai bine \u0219i erau mai u\u0219or de instalat accesorii, \u00een special echipamente de vedere pe timp de noapte \u0219i c\u0103\u0219ti de comunicare. Nu provoac\u0103 stres inutil asupra g\u00e2tului. Ini\u021bial, a fost folosit aproape exclusiv de c\u0103tre SOCOM \u0219i unele entit\u0103\u021bi str\u00e2ns legate. P\u00e2n\u0103 \u00een prezent, MICH \u0219i derivatele sale, Advanced Combat Helmet \u0219i Modified Combat Helmet, au \u00eenlocuit complet PASGT \u00een serviciul activ al armatei SUA \u0219i sunt utilizate, cel pu\u021bin \u00eentr-o oarecare m\u0103sur\u0103, \u00een toate diviziile armatei SUA.<\/p>\n<hr \/>\n<p><strong>Caracteristici ale c\u0103\u0219tii MICH2000 Kevlar:<\/strong><br \/>\nGreutatea MICH este de aproximativ 1,6 kg. MICH este, de asemenea, pu\u021bin mai mic dec\u00e2t PASGT, are o raz\u0103 de ac\u021biune cu 8% mai mic\u0103, folose\u0219te fibre Kevlar noi \u0219i mai avansate \u0219i ofer\u0103 o protec\u021bie mai bun\u0103 pentru pistol \u0219i proiectil. Un sistem de amortizare \u0219i un sistem de prindere \u00een patru puncte, similar cu protec\u021biile \u0219i curelele de pe skateboard-uri, c\u0103\u0219tile de biciclete \u0219i c\u0103\u0219tile de ap\u0103, \u00eenlocuiesc sistemul de suspensie cu cordon de nailon, banda de transpira\u021bie \u0219i cureaua pentru b\u0103rbie g\u0103site pe c\u0103\u0219tile PASGT. Aceast\u0103 schimbare ofer\u0103 purt\u0103torului o mai mare protec\u021bie la impact \u0219i confort. Are un suport de montare frontal pentru ochelarii de vedere pe timp de noapte (cum ar fi AN\/PVS-14 sau AN\/PVS-15), similar cu cel de pe casca PASGT. Are, de asemenea, o pereche de curele pe spate pentru ata\u0219area ochelarilor de siguran\u021b\u0103, precum \u0219i o hus\u0103 de p\u00e2nz\u0103 pentru casc\u0103 \u00een diverse modele de camuflaj. Spre deosebire de un contur \u201ecurbat\u201d, PASGT se refer\u0103 \u00een primul r\u00e2nd la \u00eendep\u0103rtarea spr\u00e2ncenelor \u0219i ridicarea p\u0103r\u021bilor laterale la un punct \u201eplat\u201d pe marginea inferioar\u0103 din spatele t\u00e2mplelor. Acest lucru reduce oarecum greutatea \u0219i permite o mai bun\u0103 con\u0219tientizare a situa\u021biei \u0219i mai pu\u021bine obstacole \u00een c\u00e2mpul vizual al utilizatorului, mai ales atunci c\u00e2nd este combinat cu veste antiglon\u021b pentru interceptoare. Solda\u021bii s-au pl\u00e2ns anterior c\u0103 gulerul \u00eenalt de interceptare \u0219i barbia \u00een dou\u0103 puncte \u00eemping partea din spate a c\u0103\u0219tii PASGT \u00eenainte, iar c\u00e2nd \u00eencearc\u0103 s\u0103 trag\u0103 dintr-o pozi\u021bie culcat, marginea c\u0103\u0219tii alunec\u0103 pe l\u00e2ng\u0103 ochi, ceea ce \u00een MICH, are o barbie \u00eengustat\u0103 conturat\u0103 \u0219i \u00een patru puncte.<\/p>\n<hr \/>\n<p><strong>Care este mai popular, casca balistic\u0103 tactic\u0103 MICH2000 sau FAST?<\/strong><br \/>\nMICH2000 are o suprafa\u021b\u0103 de protec\u021bie mai mare, ceea ce este mai benefic dac\u0103 nu inten\u021biona\u021bi s\u0103 instala\u021bi multe accesorii. Dac\u0103 inten\u021biona\u021bi s\u0103 alege\u021bi o mul\u021bime de echipamente, precum (purtarea unei lanterne, c\u0103\u0219ti \u0219i echipamente de comunicare cu anulare a zgomotului, ochelari de protec\u021bie nocturn\u0103 sau echipamente video etc.), este recomandat s\u0103 alege\u021bi FAST, deoarece greutatea nu va fi prea mare. grea, va cauza presiune asupra g\u00e2tului, care va afecta indirect capacitatea de activitate.<\/p>\n<hr \/>\n<p><strong>Pret casca militara MICH2000<\/strong><br \/>\nAcesta este magazinul nostru de c\u0103\u0219ti de protec\u021bie tactic\u0103, v\u0103 rug\u0103m s\u0103 cump\u0103ra\u021bi direct de pe site-ul nostru, pute\u021bi ob\u021bine o reducere de 15% din pre\u021bul ini\u021bial<\/p>\n<hr \/>\n<p>Dac\u0103 dori\u021bi s\u0103 cump\u0103ra\u021bi produsele noastre sau ave\u021bi \u00eentreb\u0103ri despre produsele noastre;<br \/>\nDac\u0103 ave\u021bi nevoie de personalizare;<br \/>\nV\u0103 rug\u0103m (<a href=\"http:\/\/tyditiao.com\/contact\/\">contacta\u021bi-ne<\/a>) imediat, v\u0103 vom r\u0103spunde \u00een termen de 1 zi lucr\u0103toare<\/p>\n","protected":false},"excerpt":{"rendered":"<p>Fabricat din fibr\u0103 DuPont Kevlar Aramid\u0103 de \u00eenalt\u0103 rezisten\u021b\u0103, rezistent\u0103 la c\u0103ldur\u0103 \u0219i nu u\u0219or de deformat<\/p>\n<p>NIJ Nivel IIIA<\/p>\n<p>Sistemul de ajustare a circumferin\u021bei capului, poate face casca pentru a ob\u021bine efectul ideal de purtare<\/p>\n<p>Fruntea este \u00eent\u0103rit\u0103 cu curele elastice pe p\u0103r\u021bile laterale ale caracati\u021bei (partea de jos a standului de vedere pe timp de noapte) pentru a ata\u0219a oglinzi, camere, ochelari de vedere pe timp de noapte \u0219i alte dispozitive<\/p>\n<p>Echipat cu \u0219ine, montaj mai puternic pentru accesorii, poate fi echipat cu sistem de lumin\u0103 puternic \u0219i lumini de identificare a farului, poate fi echipat \u0219i cu protec\u021bie auditiv\u0103<\/p>\n","protected":false},"featured_media":4507,"comment_status":"open","ping_status":"closed","template":"","meta":[],"product_brand":[],"product_cat":[352,160],"product_tag":[],"woo-feed-brand":[50],"class_list":{"0":"post-4686","1":"product","2":"type-product","3":"status-publish","4":"has-post-thumbnail","6":"product_cat-casca-antiglont","7":"product_cat-mich2000-ro","8":"woo-feed-brand-tyditiao","10":"first","11":"instock","12":"sale","13":"shipping-taxable","14":"purchasable","15":"product-type-simple"},"_links":{"self":[{"href":"https:\/\/tyditiao.com\/ro\/wp-json\/wp\/v2\/product\/4686","targetHints":{"allow":["GET"]}}],"collection":[{"href":"https:\/\/tyditiao.com\/ro\/wp-json\/wp\/v2\/product"}],"about":[{"href":"https:\/\/tyditiao.com\/ro\/wp-json\/wp\/v2\/types\/product"}],"replies":[{"embeddable":true,"href":"https:\/\/tyditiao.com\/ro\/wp-json\/wp\/v2\/comments?post=4686"}],"wp:featuredmedia":[{"embeddable":true,"href":"https:\/\/tyditiao.com\/ro\/wp-json\/wp\/v2\/media\/4507"}],"wp:attachment":[{"href":"https:\/\/tyditiao.com\/ro\/wp-json\/wp\/v2\/media?parent=4686"}],"wp:term":[{"taxonomy":"product_brand","embeddable":true,"href":"https:\/\/tyditiao.com\/ro\/wp-json\/wp\/v2\/product_brand?post=4686"},{"taxonomy":"product_cat","embeddable":true,"href":"https:\/\/tyditiao.com\/ro\/wp-json\/wp\/v2\/product_cat?post=4686"},{"taxonomy":"product_tag","embeddable":true,"href":"https:\/\/tyditiao.com\/ro\/wp-json\/wp\/v2\/product_tag?post=4686"},{"taxonomy":"woo-feed-brand","embeddable":true,"href":"https:\/\/tyditiao.com\/ro\/wp-json\/wp\/v2\/woo-feed-brand?post=4686"}],"curies":[{"name":"wp","href":"https:\/\/api.w.org\/{rel}","templated":true}]}}