{"id":4689,"date":"2022-06-13T03:53:55","date_gmt":"2022-06-13T01:53:55","guid":{"rendered":"http:\/\/tyditiao.com\/product\/armura-antiglont-casca-tactica-clasa-iiia-casca-fortelor-speciale-mich2000-maro-deschis\/"},"modified":"2025-07-20T13:11:55","modified_gmt":"2025-07-20T11:11:55","slug":"mich2000-cama-antiglont-kevlar-nivel-3-maro-deschis","status":"publish","type":"product","link":"https:\/\/tyditiao.com\/ro\/produs\/mich2000-cama-antiglont-kevlar-nivel-3-maro-deschis\/","title":{"rendered":"Armur\u0103 antiglon\u021b, casc\u0103 tactic\u0103 clasa IIIA, casc\u0103 for\u021belor speciale mich2000, maro deschis"},"content":{"rendered":"<p>MICH este o casc\u0103 care opre\u0219te pistolul \u0219i ofer\u0103 protec\u021bie fiabil\u0103 \u00eempotriva resturilor \u0219i a resturilor care cad. Croiala joas\u0103 ofer\u0103 o acoperire mai bun\u0103 pe ambele p\u0103r\u021bi ale capului dec\u00e2t c\u0103\u0219tile supraear. Aceste c\u0103\u0219ti vin \u0219i cu c\u0103\u0219ti pentru urechi pentru a g\u0103zdui c\u0103\u0219ti \u0219i alte echipamente de comunicare.<\/p>\n<hr \/>\n<p><strong>Clasa de aparare:<\/strong><\/p>\n<p>Aceast\u0103 casc\u0103 antiglon\u021b este o casc\u0103 antiglon\u021b NIJ Nivel IIIA conform standardului NIJ 0101.06 \u0219i poate fi furnizat raportul de testare corespunz\u0103tor.<\/p>\n<p>Acest produs se calific\u0103, de asemenea, ca o casc\u0103 de lupt\u0103 \u00eembun\u0103t\u0103\u021bit\u0103 (ECH) atunci c\u00e2nd este utilizat cu o plac\u0103 de armur\u0103 superioar\u0103 pentru o adev\u0103rat\u0103 protec\u021bie a pu\u0219tii<\/p>\n<hr \/>\n<p><strong>Parametrii proiectilului de ap\u0103rare:<\/strong><\/p>\n<p>.44 Mag SJHP<br \/>\n.357 SIG FMJ FN<br \/>\n9mm FMJ RN<br \/>\n.357 Mag JSP<br \/>\n.40 S&amp;W FMJ<\/p>\n<p>De asemenea, ofer\u0103 protec\u021bie \u00eempotriva majorit\u0103\u021bii amenin\u021b\u0103rilor cu armele de m\u00e2n\u0103, precum \u0219i a amenin\u021b\u0103rilor de clas\u0103 IIA \u0219i II<\/p>\n<hr \/>\n<p><strong>Parametrii c\u0103\u0219tii antiglon\u021b:<\/strong><br \/>\nNume: casc\u0103 antiglon\u021b NIJ lllA MICH2000<\/p>\n<p>Material: Fibr\u0103 de aramid\u0103 Kevlar-DuPont de \u00eenalt\u0103 rezisten\u021b\u0103<br \/>\nCircumferin\u021ba capului: 52-60 cm (reglarea sp\u0103tarului \u00een dou\u0103 etape \u0219i barbie reglabil\u0103)<br \/>\nC\u0103ptu\u0219eal\u0103: c\u0103ptu\u0219eala repozi\u021bionabil\u0103 din spum\u0103 cu rebound lent men\u021bine casca confortabil\u0103 \u0219i previne oboseala \u0219i supra\u00eenc\u0103lzirea.<br \/>\nAccesorii optionale: masca antiglont, etc.<br \/>\nCuloare casc\u0103: maro deschis<br \/>\nPerioada de garan\u021bie: perioada de garan\u021bie de 5 ani poate avea suficient\u0103 protec\u021bie, dar dac\u0103 perioada de garan\u021bie este dep\u0103\u0219it\u0103<br \/>\nva reduce protec\u021bia.<\/p>\n<hr \/>\n<p><strong>Pentru oameni:<\/strong><br \/>\nCasca balistic\u0103 NIJ lllA Kevlar MICH2000 trateaz\u0103 amenin\u021b\u0103rile cu pistol \u0219i schije cu o capacitate de ata\u0219are mai mare pentru o potrivire mai u\u0219oar\u0103 \u0219i mai confortabil\u0103. Aceast\u0103 casc\u0103 este potrivit\u0103 pentru toate tipurile de utilizatori. Personalul de la agen\u021bii precum armata, poli\u021bia, SWAT, securitatea intern\u0103, vama \u0219i poli\u021bi\u0219tii de frontier\u0103 poate fi echipat cu capacit\u0103\u021bi de lupt\u0103 \u00eembun\u0103t\u0103\u021bite. Este, de asemenea, o alegere bun\u0103 pentru protec\u021bia casei \u0219i cosplay.<\/p>\n<hr \/>\n<p>Dac\u0103 dori\u021bi s\u0103 cump\u0103ra\u021bi produsele noastre sau ave\u021bi \u00eentreb\u0103ri despre produsele noastre;<br \/>\nDac\u0103 ave\u021bi nevoie de personalizare;<br \/>\nV\u0103 rug\u0103m (<a href=\"http:\/\/tyditiao.com\/contact\/\">contacta\u021bi-ne<\/a>) imediat, v\u0103 vom r\u0103spunde \u00een termen de 1 zi lucr\u0103toare<\/p>\n","protected":false},"excerpt":{"rendered":"<p>Zona mare de protec\u021bie: zona de protec\u021bie este mai mare dec\u00e2t cea a c\u0103\u0219tilor tradi\u021bionale antiglon\u021b, oferind o protec\u021bie bun\u0103 pentru partea urechii<\/p>\n<p>Calitate bun\u0103: Fabricat din fibr\u0103 de aramid\u0103 DuPont Kevlar de \u00eenalt\u0103 calitate, rezistent\u0103 la c\u0103ldur\u0103 \u0219i nu se deformeaz\u0103 u\u0219or<\/p>\n<p>Performan\u021b\u0103 balistic\u0103 bun\u0103: NIJ nivel IIIA<\/p>\n<p>Sistemul de uscare a sepielor \u0219i setul de \u0219ine din st\u00e2nga \u0219i din dreapta v\u0103 permit s\u0103 instala\u021bi set de c\u0103\u0219ti, lumin\u0103 pentru pistol, camer\u0103 foto, list\u0103 bli\u021b, vedere pe timp de noapte, camer\u0103 GoPro, ochelari NVG<\/p>\n<p>Performan\u021b\u0103 bun\u0103 de upgrade: masc\u0103 de oxigen actualizabil\u0103, casc\u0103, scut lateral, scut lateral blindat, scut de protec\u021bie, hus\u0103 pentru casc\u0103<\/p>\n","protected":false},"featured_media":4381,"comment_status":"open","ping_status":"closed","template":"","meta":[],"product_brand":[],"product_cat":[352,160],"product_tag":[],"woo-feed-brand":[50],"class_list":{"0":"post-4689","1":"product","2":"type-product","3":"status-publish","4":"has-post-thumbnail","6":"product_cat-casca-antiglont","7":"product_cat-mich2000-ro","8":"woo-feed-brand-tyditiao","10":"first","11":"instock","12":"sale","13":"shipping-taxable","14":"purchasable","15":"product-type-simple"},"_links":{"self":[{"href":"https:\/\/tyditiao.com\/ro\/wp-json\/wp\/v2\/product\/4689","targetHints":{"allow":["GET"]}}],"collection":[{"href":"https:\/\/tyditiao.com\/ro\/wp-json\/wp\/v2\/product"}],"about":[{"href":"https:\/\/tyditiao.com\/ro\/wp-json\/wp\/v2\/types\/product"}],"replies":[{"embeddable":true,"href":"https:\/\/tyditiao.com\/ro\/wp-json\/wp\/v2\/comments?post=4689"}],"wp:featuredmedia":[{"embeddable":true,"href":"https:\/\/tyditiao.com\/ro\/wp-json\/wp\/v2\/media\/4381"}],"wp:attachment":[{"href":"https:\/\/tyditiao.com\/ro\/wp-json\/wp\/v2\/media?parent=4689"}],"wp:term":[{"taxonomy":"product_brand","embeddable":true,"href":"https:\/\/tyditiao.com\/ro\/wp-json\/wp\/v2\/product_brand?post=4689"},{"taxonomy":"product_cat","embeddable":true,"href":"https:\/\/tyditiao.com\/ro\/wp-json\/wp\/v2\/product_cat?post=4689"},{"taxonomy":"product_tag","embeddable":true,"href":"https:\/\/tyditiao.com\/ro\/wp-json\/wp\/v2\/product_tag?post=4689"},{"taxonomy":"woo-feed-brand","embeddable":true,"href":"https:\/\/tyditiao.com\/ro\/wp-json\/wp\/v2\/woo-feed-brand?post=4689"}],"curies":[{"name":"wp","href":"https:\/\/api.w.org\/{rel}","templated":true}]}}