{"id":4690,"date":"2022-06-13T03:55:46","date_gmt":"2022-10-09T02:34:57","guid":{"rendered":"http:\/\/tyditiao.com\/product\/casca-militara-casca-tactica-balistica-iiia-casca-poloneza-kevlar-verde\/"},"modified":"2026-03-14T23:16:58","modified_gmt":"2026-03-14T21:16:58","slug":"mich2000-cama-antiglont-kevlar-nivel-3-verde","status":"publish","type":"product","link":"https:\/\/tyditiao.com\/ro\/produs\/mich2000-cama-antiglont-kevlar-nivel-3-verde\/","title":{"rendered":"Casc\u0103 militar\u0103, Casc\u0103 tactic\u0103 balistic\u0103 IIIA, Casc\u0103 polonez\u0103 Kevlar, verde"},"content":{"rendered":"<p><strong>Clasa de aparare:<\/strong><\/p>\n<p>Aceast\u0103 casc\u0103 antiglon\u021b este o casc\u0103 antiglon\u021b NIJ Nivel IIIA conform standardului NIJ 0101.06 \u0219i poate fi furnizat raportul de testare corespunz\u0103tor.<\/p>\n<p>Acest produs se calific\u0103, de asemenea, ca o casc\u0103 de lupt\u0103 \u00eembun\u0103t\u0103\u021bit\u0103 (ECH) atunci c\u00e2nd este utilizat cu o plac\u0103 de armur\u0103 superioar\u0103 pentru o adev\u0103rat\u0103 protec\u021bie a pu\u0219tii<\/p>\n<hr>\n<p><strong>Parametrii proiectilului de ap\u0103rare:<\/strong><\/p>\n<p>.44 Mag SJHP<br \/>\n.357 SIG FMJ FN<br \/>\n9mm FMJ RN<br \/>\n.357 Mag JSP<br \/>\n.40 S&amp;W FMJ<\/p>\n<p>De asemenea, ofer\u0103 protec\u021bie \u00eempotriva majorit\u0103\u021bii amenin\u021b\u0103rilor cu armele de m\u00e2n\u0103, precum \u0219i a amenin\u021b\u0103rilor de clas\u0103 IIA \u0219i II<\/p>\n<hr>\n<p><strong>Parametrii c\u0103\u0219tii antiglon\u021b:<\/strong><br \/>\nNume: casc\u0103 antiglon\u021b NIJ lllA MICH2000<\/p>\n<p>Material: Fibr\u0103 de aramid\u0103 Kevlar-DuPont de \u00eenalt\u0103 rezisten\u021b\u0103<br \/>\nSag dup\u0103 lansarea proiectilului: &lt;20mm<br \/>\nCircumferinta capului: 52-60 cm<br \/>\nC\u0103ptu\u0219eal\u0103: c\u0103ptu\u0219eala repozi\u021bionabil\u0103 din spum\u0103 cu rebound lent men\u021bine casca confortabil\u0103 \u0219i previne oboseala \u0219i supra\u00eenc\u0103lzirea.<br \/>\nAccesorii optionale: masca antiglont, etc.<br \/>\nCuloare casc\u0103: verde<br \/>\nPerioada de garan\u021bie: perioada de garan\u021bie de 5 ani poate avea suficient\u0103 protec\u021bie, dar dac\u0103 perioada de garan\u021bie este dep\u0103\u0219it\u0103<br \/>\nva reduce protec\u021bia.<\/p>\n<hr>\n<p><strong>Pentru oameni:<\/strong><br \/>\nCasca balistic\u0103 NIJ lllA Kevlar MICH2000 trateaz\u0103 amenin\u021b\u0103rile cu pistol \u0219i schije cu o capacitate de ata\u0219are mai mare pentru o potrivire mai u\u0219oar\u0103 \u0219i mai confortabil\u0103. Aceast\u0103 casc\u0103 este potrivit\u0103 pentru toate tipurile de utilizatori. Personalul de la agen\u021bii precum armata, poli\u021bia, SWAT, securitatea intern\u0103, vama \u0219i poli\u021bi\u0219tii de frontier\u0103 poate fi echipat cu capacit\u0103\u021bi de lupt\u0103 \u00eembun\u0103t\u0103\u021bite. Este, de asemenea, o alegere bun\u0103 pentru protec\u021bia casei \u0219i cosplay.<\/p>\n<p>MICH este o casc\u0103 care opre\u0219te pistolul \u0219i ofer\u0103 protec\u021bie fiabil\u0103 \u00eempotriva resturilor \u0219i a resturilor care cad. Casca balistic\u0103 mich nu numai c\u0103 ofer\u0103 protec\u021bia complet\u0103 necesar\u0103 \u00eempotriva armelor contondente, amenin\u021b\u0103rilor balistice \u0219i a altor amenin\u021b\u0103ri, dar este, de asemenea, extrem de modular\u0103 \u0219i confortabil\u0103. Acest produs se calific\u0103 \u0219i ca o casc\u0103 de lupt\u0103 \u00eembun\u0103t\u0103\u021bit\u0103 (ECH) atunci c\u00e2nd este utilizat \u00eempreun\u0103 cu placa superioar\u0103 a blindajului pentru a oferi o protec\u021bie real\u0103 pu\u0219tii. Croiala joas\u0103 ofer\u0103 o acoperire mai bun\u0103 pe ambele p\u0103r\u021bi ale capului dec\u00e2t c\u0103\u0219tile supraear. Aceste c\u0103\u0219ti vin \u0219i cu c\u0103\u0219ti pentru urechi pentru a g\u0103zdui c\u0103\u0219ti \u0219i alte echipamente de comunicare.<\/p>\n<hr>\n<p><strong>Care este mai popular, casca balistic\u0103 tactic\u0103 MICH2000 sau FAST?<\/strong><br \/>\nMICH2000 are o suprafa\u021b\u0103 de protec\u021bie mai mare, ceea ce este mai benefic dac\u0103 nu inten\u021biona\u021bi s\u0103 instala\u021bi mai multe accesorii. Dac\u0103 inten\u021biona\u021bi s\u0103 alege\u021bi o mul\u021bime de echipamente, de exemplu (purtarea unei lanterne, c\u0103\u0219ti \u0219i echipamente de comunicare cu anulare a zgomotului, ochelari de protec\u021bie nocturn\u0103 sau echipamente de \u00eenregistrare video etc.), este recomandat s\u0103 utiliza\u021bi FAST, deoarece nu va fi prea grele pentru a provoca presiune asupra g\u00e2tului, afect\u00e2nd indirect capacitatea de activit\u0103\u021bi.<\/p>\n<hr>\n<p><strong>Pret casca militara MICH2000<\/strong><br \/>\nCump\u0103ra\u021bi de pe site-ul nostru \u0219i economisi\u021bi 15% la pre\u021b<\/p>\n<hr>\n<p>Dac\u0103 dori\u021bi s\u0103 cump\u0103ra\u021bi produsele noastre sau ave\u021bi \u00eentreb\u0103ri despre produsele noastre;<br \/>\nDac\u0103 ave\u021bi nevoie de personalizare;<br \/>\nV\u0103 rug\u0103m (<a href=\"http:\/\/tyditiao.com\/contact\/\">contacta\u021bi-ne<\/a>) imediat, v\u0103 vom r\u0103spunde \u00een termen de 1 zi lucr\u0103toare<\/p>\n","protected":false},"excerpt":{"rendered":"<p>Calitate bun\u0103: Fabricat din fibr\u0103 de aramid\u0103 DuPont Kevlar de \u00eenalt\u0103 calitate, rezistent\u0103 la c\u0103ldur\u0103 \u0219i nu se deformeaz\u0103 u\u0219or<\/p>\n<p>Performan\u021b\u0103 balistic\u0103 bun\u0103: NIJ nivel IIIA<\/p>\n<p>Spum\u0103 cu memorie \u00een form\u0103 lent\u0103: \u021bes\u0103tur\u0103 care elimin\u0103 umezeala pentru o cur\u0103\u021bare u\u0219oar\u0103, tampoane modulare care pot fi ajustate de utilizatorul final<\/p>\n<p>Sistem de sepie uscat\u0103: cunoscut \u0219i sub numele de baz\u0103 de viziune pe timp de noapte, poate fi combinat cu proiectoare, camere, dispozitive de vedere pe timp de noapte \u0219i alte echipamente<\/p>\n<p>Exist\u0103 grupuri de cale ferat\u0103 pe partea st\u00e2ng\u0103 \u0219i dreapt\u0103: pot fi instalate cu sistem de iluminare puternic, lumin\u0103 de identificare de semnal, clap\u0103 de protec\u021bie pentru c\u0103\u0219ti<\/p>\n","protected":false},"featured_media":4509,"comment_status":"open","ping_status":"closed","template":"","meta":[],"product_brand":[],"product_cat":[352,160],"product_tag":[],"woo-feed-brand":[50],"class_list":{"0":"post-4690","1":"product","2":"type-product","3":"status-publish","4":"has-post-thumbnail","6":"product_cat-casca-antiglont","7":"product_cat-mich2000-ro","8":"woo-feed-brand-tyditiao","10":"first","11":"instock","12":"sale","13":"shipping-taxable","14":"purchasable","15":"product-type-simple"},"_links":{"self":[{"href":"https:\/\/tyditiao.com\/ro\/wp-json\/wp\/v2\/product\/4690","targetHints":{"allow":["GET"]}}],"collection":[{"href":"https:\/\/tyditiao.com\/ro\/wp-json\/wp\/v2\/product"}],"about":[{"href":"https:\/\/tyditiao.com\/ro\/wp-json\/wp\/v2\/types\/product"}],"replies":[{"embeddable":true,"href":"https:\/\/tyditiao.com\/ro\/wp-json\/wp\/v2\/comments?post=4690"}],"wp:featuredmedia":[{"embeddable":true,"href":"https:\/\/tyditiao.com\/ro\/wp-json\/wp\/v2\/media\/4509"}],"wp:attachment":[{"href":"https:\/\/tyditiao.com\/ro\/wp-json\/wp\/v2\/media?parent=4690"}],"wp:term":[{"taxonomy":"product_brand","embeddable":true,"href":"https:\/\/tyditiao.com\/ro\/wp-json\/wp\/v2\/product_brand?post=4690"},{"taxonomy":"product_cat","embeddable":true,"href":"https:\/\/tyditiao.com\/ro\/wp-json\/wp\/v2\/product_cat?post=4690"},{"taxonomy":"product_tag","embeddable":true,"href":"https:\/\/tyditiao.com\/ro\/wp-json\/wp\/v2\/product_tag?post=4690"},{"taxonomy":"woo-feed-brand","embeddable":true,"href":"https:\/\/tyditiao.com\/ro\/wp-json\/wp\/v2\/woo-feed-brand?post=4690"}],"curies":[{"name":"wp","href":"https:\/\/api.w.org\/{rel}","templated":true}]}}