{"id":4691,"date":"2022-06-13T04:05:41","date_gmt":"2022-06-13T02:05:41","guid":{"rendered":"http:\/\/tyditiao.com\/product\/casca-militara-germana-casca-de-soldat-clasa-iiia-casca-tactica-rapida-balistica-verde\/"},"modified":"2026-03-14T23:16:54","modified_gmt":"2026-03-14T21:16:54","slug":"carma-rapida-antiglont-tactica-kevlar-nijiiia-verde","status":"publish","type":"product","link":"https:\/\/tyditiao.com\/ro\/produs\/carma-rapida-antiglont-tactica-kevlar-nijiiia-verde\/","title":{"rendered":"Casc\u0103 militar\u0103 german\u0103, Casc\u0103 de soldat clasa IIIA, Casc\u0103 tactic\u0103 rapid\u0103 balistic\u0103, verde"},"content":{"rendered":"<p><strong>Clasa de aparare:<\/strong><\/p>\n<p>Aceast\u0103 casc\u0103 antiglon\u021b este o casc\u0103 antiglon\u021b NIJ Nivel IIIA conform standardului NIJ 0101.06 \u0219i poate fi furnizat raportul de testare corespunz\u0103tor.<\/p>\n<hr \/>\n<p><strong>Parametrii proiectilului de ap\u0103rare:<\/strong><\/p>\n<p>.44 Mag SJHP<br \/>\n.357 SIG FMJ FN<br \/>\n9mm FMJ RN<br \/>\n.357 Mag JSP<br \/>\n.40 S&amp;W FMJ<\/p>\n<p>De asemenea, ofer\u0103 protec\u021bie \u00eempotriva majorit\u0103\u021bii amenin\u021b\u0103rilor cu armele de m\u00e2n\u0103, precum \u0219i a amenin\u021b\u0103rilor de clas\u0103 IIA \u0219i II<\/p>\n<hr \/>\n<p><strong>Parametrii c\u0103\u0219tii antiglon\u021b:<\/strong><\/p>\n<p>Nume: casc\u0103 antiglon\u021b NIJ lllA FAST<\/p>\n<p>Material: Fibr\u0103 de aramid\u0103 Kevlar-DuPont de \u00eenalt\u0103 rezisten\u021b\u0103<br \/>\nCircumferinta capului: 52-64 cm<br \/>\nAccesorii optionale: masca antiglont, etc.<br \/>\nCuloare casc\u0103: verde<br \/>\nPerioada de garan\u021bie: perioada de garan\u021bie de 5 ani poate avea suficient\u0103 protec\u021bie, dar dac\u0103 perioada de garan\u021bie este dep\u0103\u0219it\u0103<br \/>\nva reduce protec\u021bia.<\/p>\n<hr \/>\n<p><strong>Pentru oameni:<\/strong><\/p>\n<p>Casca balistic\u0103 NIJ lllA Kevlar FAST este conceput\u0103 pentru a face fa\u021b\u0103 amenin\u021b\u0103rii armelor \u0219i schijelor, cu ata\u0219amente mai puternice pentru o potrivire mai u\u0219oar\u0103 \u0219i mai confortabil\u0103. Aceast\u0103 casc\u0103 este potrivit\u0103 pentru toate tipurile de utilizatori. Personalul de la agen\u021bii precum armata, poli\u021bia, SWAT, securitatea intern\u0103, vama \u0219i poli\u021bi\u0219tii de frontier\u0103 poate fi echipat cu capacit\u0103\u021bi de lupt\u0103 \u00eembun\u0103t\u0103\u021bite. Este, de asemenea, o alegere bun\u0103 pentru protec\u021bia casei \u0219i cosplay.<\/p>\n<hr \/>\n<p><strong>Caracteristici ale c\u0103\u0219tii balistice tactice militare FAST:<\/strong><\/p>\n<p>\u00cen compara\u021bie cu c\u0103\u0219tile militare normale, casca FAST este cu 25% mai u\u0219oar\u0103. Datorit\u0103 sistemului de suspensie al c\u0103\u0219tii, utilizatorii pot regla cu u\u0219urin\u021b\u0103 potrivirea sau etan\u0219eitatea c\u0103\u0219tii pentru un confort optim. Casca FAST este echipata cu sine ARC pe partea stanga si dreapta pentru montarea accesoriilor precum lanterne, casti cu anulare a zgomotului si echipamente de comunicatie, precum si echipamente de vizualizare nocturna sau de inregistrare video. Adaptorul poate fi montat \u00een centrul c\u0103\u0219tii prin intermediul adaptorului. Aceasta este o lupt\u0103 special\u0103 care poate ad\u0103uga un avantaj tactic mai mare. P\u00e2sla de diavol ata\u0219at\u0103 de casc\u0103 v\u0103 permite s\u0103 aplica\u021bi steagul unei \u021b\u0103ri, armate sau institu\u021bii, precum \u0219i \u0219tampile de identificare corespunz\u0103toare precum indicativ, grup\u0103 de s\u00e2nge etc. \u00cen plus, datorit\u0103 designului modular, versiunea civil\u0103 a c\u0103\u0219tii FAST f\u0103r\u0103 glon\u021b nu este folosit\u0103 doar de armat\u0103 \u0219i poli\u021bie, ci \u0219i acceptat\u0103 cu entuziasm de sportivii \u00een aer liber \u0219i de muncitorii de teren, cum ar fi jurnali\u0219tii \u0219i salvatorii.<\/p>\n<hr \/>\n<p><strong>C\u0103\u0219tile balistice tactice militare FAST ofer\u0103 o protec\u021bie bun\u0103 \u0219i de ce sunt populare?<\/strong><\/p>\n<p>Exist\u0103 dou\u0103 motive: \u00een primul r\u00e2nd, avansarea tehnologiei a f\u0103cut ca solda\u021bii individuali s\u0103 fie din ce \u00een ce mai multe echipamente tehnice, necesit\u00e2nd o platform\u0103 pentru a \u00eenc\u0103rca accesorii tehnice \u0219i a trebuit s\u0103 sacrifice protec\u021bia pentru a alege;<br \/>\n\u00cen al doilea r\u00e2nd, utilizatorii FAST sunt \u00een principal for\u021be speciale, iar for\u021bele speciale pur \u0219i simplu renun\u021b\u0103 la o anumit\u0103 protec\u021bie la distan\u021ba de lupt\u0103, portabilitatea \u0219i echipamentul tehnic de pe platform\u0103 devin rata de supravie\u021buire, chiar \u0219i \u00een aplica\u021bii practice, de obicei numai pentru c\u0103\u0219ti rapide, nu sunt elemente de unit\u0103\u021bi multiple pe el, doar pentru portabilitate.<\/p>\n<p>FAST nu se bazeaz\u0103 pe o protec\u021bie strict\u0103 Nu sunt suficiente c\u0103\u0219ti pentru urechi pe ambele p\u0103r\u021bi \u00cen principal pentru confortul personalului care poart\u0103 c\u0103\u0219ti \u0219i accesorii suplimentare C\u0103\u0219tile tactice u\u0219oare renun\u021b\u0103 par\u021bial la protec\u021bie aduc beneficii mai mari \u00een lupt\u0103.<\/p>\n<p>C\u0103\u0219tile FAST sunt utilizate pe scar\u0103 larg\u0103 \u00een multe \u021b\u0103ri, iar multe \u021b\u0103ri au modele de c\u0103\u0219ti foarte asem\u0103n\u0103toare cu c\u0103\u0219tile FAST din SUA, precum c\u0103\u0219tile ruse\u0219ti, franceze \u0219i britanice sunt proiectate conform c\u0103\u0219tilor FAST, de\u0219i acestea vor evolua \u00een timp. Aceste c\u0103\u0219ti sunt, de asemenea, \u00een continu\u0103 schimbare, dar \u00eenc\u0103 arat\u0103 foarte asem\u0103n\u0103toare cu c\u0103\u0219tile FAST, din motive evidente, care protejeaz\u0103 eficient capul \u0219i maximizeaz\u0103 via\u021ba soldatului.<\/p>\n<hr \/>\n<p><strong>Pre\u021b RAPID pentru c\u0103\u0219ti balistice tactice militare?<\/strong><\/p>\n<p>Acesta este magazinul nostru de c\u0103\u0219ti de protec\u021bie tactic\u0103, v\u0103 rug\u0103m s\u0103 cump\u0103ra\u021bi direct de pe site-ul nostru, pute\u021bi ob\u021bine o reducere de 15% din pre\u021bul ini\u021bial<\/p>\n<p>Dac\u0103 dori\u021bi s\u0103 cump\u0103ra\u021bi produsele noastre sau ave\u021bi \u00eentreb\u0103ri despre produsele noastre, v\u0103 rug\u0103m (<a href=\"https:\/\/tyditiao.com\/ro\/a-lua-legatura\/\">contacta\u021bi-ne<\/a>) prompt, v\u0103 vom r\u0103spunde \u00een termen de 1 zi lucr\u0103toare. Dac\u0103 dori\u021bi s\u0103 comanda\u021bi mai mult de 5 c\u0103\u0219ti antiglon\u021b \u00een acela\u0219i timp, ve\u021bi ob\u021bine o reducere suplimentar\u0103;<\/p>\n","protected":false},"excerpt":{"rendered":"<p>Fabricat din fibr\u0103 DuPont Kevlar Aramid\u0103 de \u00eenalt\u0103 rezisten\u021b\u0103, rezistent\u0103 la c\u0103ldur\u0103 \u0219i nu u\u0219or de deformat<\/p>\n<p>NIJ Nivel IIIA<\/p>\n<p>Sistemul de ajustare a circumferin\u021bei capului, poate face casca pentru a ob\u021bine efectul ideal de purtare<\/p>\n<p>Sistemul de ajustare a circumferin\u021bei capului v\u0103 permite s\u0103 regla\u021bi circumferin\u021ba capului prin atingerea unui buton pentru a ob\u021bine potrivirea ideal\u0103 a c\u0103\u0219tii<\/p>\n<p>Fruntea este \u00eent\u0103rit\u0103 cu curele elastice pe p\u0103r\u021bile laterale ale caracati\u021bei (partea de jos a standului de vedere pe timp de noapte) pentru a ata\u0219a oglinzi, camere, ochelari de vedere pe timp de noapte \u0219i alte dispozitive<\/p>\n<p>Echipat cu \u0219ine, montaj mai puternic pentru accesorii, poate fi echipat cu sistem de lumin\u0103 puternic \u0219i lumini de identificare a farului, poate fi echipat \u0219i cu protec\u021bie auditiv\u0103<\/p>\n","protected":false},"featured_media":4393,"comment_status":"open","ping_status":"closed","template":"","meta":[],"product_brand":[],"product_cat":[352,153],"product_tag":[],"woo-feed-brand":[50],"class_list":{"0":"post-4691","1":"product","2":"type-product","3":"status-publish","4":"has-post-thumbnail","6":"product_cat-casca-antiglont","7":"product_cat-fast-ro","8":"woo-feed-brand-tyditiao","10":"first","11":"instock","12":"sale","13":"shipping-taxable","14":"purchasable","15":"product-type-simple"},"_links":{"self":[{"href":"https:\/\/tyditiao.com\/ro\/wp-json\/wp\/v2\/product\/4691","targetHints":{"allow":["GET"]}}],"collection":[{"href":"https:\/\/tyditiao.com\/ro\/wp-json\/wp\/v2\/product"}],"about":[{"href":"https:\/\/tyditiao.com\/ro\/wp-json\/wp\/v2\/types\/product"}],"replies":[{"embeddable":true,"href":"https:\/\/tyditiao.com\/ro\/wp-json\/wp\/v2\/comments?post=4691"}],"wp:featuredmedia":[{"embeddable":true,"href":"https:\/\/tyditiao.com\/ro\/wp-json\/wp\/v2\/media\/4393"}],"wp:attachment":[{"href":"https:\/\/tyditiao.com\/ro\/wp-json\/wp\/v2\/media?parent=4691"}],"wp:term":[{"taxonomy":"product_brand","embeddable":true,"href":"https:\/\/tyditiao.com\/ro\/wp-json\/wp\/v2\/product_brand?post=4691"},{"taxonomy":"product_cat","embeddable":true,"href":"https:\/\/tyditiao.com\/ro\/wp-json\/wp\/v2\/product_cat?post=4691"},{"taxonomy":"product_tag","embeddable":true,"href":"https:\/\/tyditiao.com\/ro\/wp-json\/wp\/v2\/product_tag?post=4691"},{"taxonomy":"woo-feed-brand","embeddable":true,"href":"https:\/\/tyditiao.com\/ro\/wp-json\/wp\/v2\/woo-feed-brand?post=4691"}],"curies":[{"name":"wp","href":"https:\/\/api.w.org\/{rel}","templated":true}]}}