{"id":4692,"date":"2022-06-13T04:11:33","date_gmt":"2022-10-09T02:41:04","guid":{"rendered":"http:\/\/tyditiao.com\/product\/casca-militara-poloneza-casca-tactica-kevlar-clasa-iiia-casca-energetica-cu-masca-rapida-neagra\/"},"modified":"2023-01-27T10:12:42","modified_gmt":"2023-01-27T08:12:42","slug":"carma-rapida-antiglont-tactical-kevlar-nijiiia-negru","status":"publish","type":"product","link":"https:\/\/tyditiao.com\/ro\/produs\/carma-rapida-antiglont-tactical-kevlar-nijiiia-negru\/","title":{"rendered":"Casc\u0103 militar\u0103 polonez\u0103, casc\u0103 tactic\u0103 Kevlar clasa IIIA, casc\u0103 energetic\u0103 cu masc\u0103 rapid\u0103, neagr\u0103"},"content":{"rendered":"<p><strong>Clasa de aparare:<\/strong><\/p>\n<p>Aceast\u0103 casc\u0103 antiglon\u021b este o casc\u0103 antiglon\u021b NIJ Nivel IIIA conform standardului NIJ 0101.06 \u0219i poate fi furnizat raportul de testare corespunz\u0103tor.<\/p>\n<hr>\n<p><strong>Parametrii proiectilului de ap\u0103rare:<\/strong><\/p>\n<p>.44 Mag SJHP<br \/>\n.357 SIG FMJ FN<br \/>\n9mm FMJ RN<br \/>\n.357 Mag JSP<br \/>\n.40 S&amp;W FMJ<\/p>\n<p>De asemenea, ofer\u0103 protec\u021bie \u00eempotriva majorit\u0103\u021bii amenin\u021b\u0103rilor cu armele de m\u00e2n\u0103, precum \u0219i a amenin\u021b\u0103rilor de clas\u0103 IIA \u0219i II<\/p>\n<hr>\n<p><strong>Parametrii c\u0103\u0219tii antiglon\u021b:<\/strong><br \/>\nNume: casc\u0103 antiglon\u021b NIJ lllA FAST<\/p>\n<p>Material: Fibr\u0103 de aramid\u0103 Kevlar-DuPont de \u00eenalt\u0103 rezisten\u021b\u0103<br \/>\nCircumferinta capului: 52-64 cm<br \/>\nAccesorii optionale: masca antiglont, etc.<br \/>\nCuloare casc\u0103: negru<br \/>\nPerioada de garan\u021bie: perioada de garan\u021bie de 5 ani poate avea suficient\u0103 protec\u021bie, dar dac\u0103 perioada de garan\u021bie este dep\u0103\u0219it\u0103<br \/>\nva reduce protec\u021bia.<\/p>\n<hr>\n<p><strong>Pentru oameni:<\/strong><br \/>\nCasca balistic\u0103 NIJ lllA Kevlar FAST este conceput\u0103 pentru a face fa\u021b\u0103 amenin\u021b\u0103rii armelor \u0219i schijelor, cu ata\u0219amente mai puternice pentru o potrivire mai u\u0219oar\u0103 \u0219i mai confortabil\u0103. Aceast\u0103 casc\u0103 este potrivit\u0103 pentru toate tipurile de utilizatori. Personalul de la agen\u021bii precum armata, poli\u021bia, SWAT, securitatea intern\u0103, vama \u0219i poli\u021bi\u0219tii de frontier\u0103 poate fi echipat cu capacit\u0103\u021bi de lupt\u0103 \u00eembun\u0103t\u0103\u021bite. Este, de asemenea, o alegere bun\u0103 pentru protec\u021bia casei \u0219i cosplay.<\/p>\n<hr>\n<p><strong>Ce este o casc\u0103 balistic\u0103 FAST?<\/strong><\/p>\n<p>Casca antiglon\u021b FAST (\u00een englez\u0103: Future Assault Shell Technology Helmet, denumit\u0103 \u00een continuare: FAST) Future Assault Shell Technology Helmet este o casc\u0103 de lupt\u0103 dezvoltat\u0103 de Institutul de Cercetare al Armatei SUA \u0219i Centrul de Cercetare, Dezvoltare \u0219i Inginerie al Armatei SUA Natick. Casca este conceput\u0103 pentru a oferi confort operatorilor de opera\u021biuni speciale, oferind \u00een acela\u0219i timp protec\u021bie balistic\u0103 de baz\u0103. Casca FAST a fost prezentat\u0103 pentru prima dat\u0103 publicului la SHOT SHOW \u00een 2009 \u0219i a fost adoptat\u0103 cur\u00e2nd de for\u021bele speciale americane care opereaz\u0103 \u00een Afganistan. C\u0103\u0219tile balistice tactice FAST sunt acum utilizate pe scar\u0103 larg\u0103 \u00een for\u021bele speciale \u0219i for\u021bele speciale de poli\u021bie din diferite \u021b\u0103ri. \u00cen plus, casca tactic\u0103 FAST este acum casca de lupt\u0103 standard pentru For\u021bele Armate Norvegiene.<\/p>\n<hr>\n<p><strong>Caracteristici ale c\u0103\u0219tii FAST Kevlar:<\/strong><\/p>\n<p>\u00cen compara\u021bie cu c\u0103\u0219tile militare normale, casca FAST este cu 25% mai u\u0219oar\u0103. Cu sistemul de suspendare a c\u0103\u0219tii, utilizatorii pot regla cu u\u0219urin\u021b\u0103 potrivirea sau etan\u0219eitatea c\u0103\u0219tii pentru un confort optim. C\u0103\u0219tile FAST sunt echipate cu \u0219ine ARC \u00een partea st\u00e2ng\u0103 \u0219i \u00een dreapta pentru montarea echipamentelor precum lanterne, c\u0103\u0219ti cu anulare a zgomotului \u0219i echipamente de comunica\u021bie, precum \u0219i echipamente de viziune nocturn\u0103 sau de \u00eenregistrare video Adaptoarele pot fi montate \u00een centrul c\u0103\u0219tii prin intermediul adaptor, care este o lupt\u0103 special\u0103, care poate ad\u0103uga un avantaj tactic mai mare. P\u00e2sla diavolului ata\u0219at\u0103 de casc\u0103 permite utilizatorilor s\u0103 aplice steagul \u021b\u0103rii, armatele sau institu\u021bia, precum \u0219i \u0219tampile de identificare adecvate, cum ar fi indicativele de apel \u0219i grupurile de s\u00e2nge. \u00cen plus, datorit\u0103 designului modular, versiunea civil\u0103 a c\u0103\u0219tii FAST f\u0103r\u0103 func\u021bie antiglon\u021b nu este folosit\u0103 doar de armat\u0103 \u0219i poli\u021bie, ci \u0219i adoptat\u0103 cu ardoare de sportivii \u00een aer liber, jurnali\u015fti, salvatori \u0219i al\u021bi muncitori pe teren.<\/p>\n<hr>\n<p><strong>Este casca balistic\u0103 tactic\u0103 FAST o protec\u021bie excelent\u0103 \u0219i de ce este at\u00e2t de popular\u0103?<\/strong><\/p>\n<p>Exist\u0103 dou\u0103 motive: \u00cen primul r\u00e2nd, avansarea tehnologiei a dus la tot mai multe echipamente tehnice pentru solda\u021bii individuali, ceea ce necesit\u0103 o platform\u0103 de \u00eenc\u0103rcare a accesoriilor tehnice, care trebuie sacrificat\u0103 \u00een detrimentul protec\u021biei;<br \/>\n\u00cen al doilea r\u00e2nd, utilizatorii FAST sunt \u00een principal for\u021be speciale, iar la distan\u021b\u0103 de lupt\u0103 for\u021bele speciale renun\u021b\u0103 pur \u0219i simplu la anumite protec\u021bie, portabilitatea \u0219i echipamentele tehnice de pe platform\u0103 sunt transformate \u00een rate de supravie\u021buire \u0219i chiar \u0219i \u00een aplica\u021bii practice, de obicei doar \u00een cazul c\u0103\u0219tilor rapide, exist\u0103 sunt Nu exist\u0103 elemente pe multe unit\u0103\u021bi, doar pentru portabilitate.<\/p>\n<p>FAST nu se bazeaz\u0103 pe o protec\u021bie strict\u0103 Nici c\u0103\u0219tile de urechi cu dou\u0103 fe\u021be nu sunt suficiente \u00cen principal pentru confortul personalului care poart\u0103 c\u0103\u0219ti \u0219i accesorii suplimentare C\u0103\u0219tile tactice u\u0219oare renun\u021b\u0103 par\u021bial la protec\u021bie aduc beneficii mai mari \u00een lupt\u0103.<\/p>\n<p>C\u0103\u0219tile FAST sunt utilizate pe scar\u0103 larg\u0103 \u00een multe \u021b\u0103ri, iar multe \u021b\u0103ri au modele de c\u0103\u0219ti care sunt foarte asem\u0103n\u0103toare cu c\u0103\u0219tile americane FAST, cum ar fi c\u0103\u0219tile din Rusia, Fran\u021ba \u0219i Marea Britanie sunt concepute pentru a se conforma c\u0103\u0219tilor FAST, de\u0219i vor evolua \u00een timp. Num\u0103rul acestor c\u0103\u0219ti se schimb\u0103, de asemenea, dar \u00eenc\u0103 arat\u0103 similar cu casca FAST, din motive evidente, aceast\u0103 casc\u0103 poate proteja eficient capul \u0219i poate maximiza via\u021ba soldatului.<\/p>\n<hr>\n<p><strong>Pre\u021bul c\u0103\u0219tii FAST Kevlar?<\/strong><\/p>\n<p>Cump\u0103ra\u021bi direct de pe site-ul nostru \u0219i economisi\u021bi 15% din pre\u021bul obi\u0219nuit<\/p>\n<hr>\n<p>Dac\u0103 dori\u021bi s\u0103 cump\u0103ra\u021bi produsele noastre sau ave\u021bi \u00eentreb\u0103ri despre produsele noastre;<br \/>\nDac\u0103 ave\u021bi nevoie de personalizare;<br \/>\nV\u0103 rug\u0103m (<a href=\"http:\/\/tyditiao.com\/contact\/\">contacta\u021bi-ne<\/a>) imediat, v\u0103 vom r\u0103spunde \u00een termen de 1 zi lucr\u0103toare<\/p>\n<p>&nbsp;<\/p>\n<p>&nbsp;<\/p>\n","protected":false},"excerpt":{"rendered":"<p>Fabricat din fibr\u0103 DuPont Kevlar Aramid\u0103 de \u00eenalt\u0103 rezisten\u021b\u0103, rezistent\u0103 la c\u0103ldur\u0103 \u0219i nu u\u0219or de deformat<\/p>\n<p>NIJ Nivel IIIA<\/p>\n<p>Sistemul de ajustare a circumferin\u021bei capului v\u0103 permite s\u0103 regla\u021bi circumferin\u021ba capului prin atingerea unui buton pentru a ob\u021bine potrivirea ideal\u0103 a c\u0103\u0219tii<\/p>\n<p>Fruntea este \u00eent\u0103rit\u0103 cu curele elastice pe p\u0103r\u021bile laterale ale caracati\u021bei (partea de jos a standului de vedere pe timp de noapte) pentru a ata\u0219a oglinzi, camere, ochelari de vedere pe timp de noapte \u0219i alte dispozitive<\/p>\n<p>Echipat cu \u0219ine, montaj mai puternic pentru accesorii, poate fi echipat cu sistem de lumin\u0103 puternic \u0219i lumini de identificare a farului, poate fi echipat \u0219i cu protec\u021bie auditiv\u0103<\/p>\n","protected":false},"featured_media":4395,"comment_status":"closed","ping_status":"closed","template":"","meta":[],"product_brand":[],"product_cat":[352,153],"product_tag":[],"woo-feed-brand":[50],"class_list":{"0":"post-4692","1":"product","2":"type-product","3":"status-publish","4":"has-post-thumbnail","6":"product_cat-casca-antiglont","7":"product_cat-fast-ro","8":"woo-feed-brand-tyditiao","10":"first","11":"instock","12":"sale","13":"shipping-taxable","14":"purchasable","15":"product-type-simple"},"_links":{"self":[{"href":"https:\/\/tyditiao.com\/ro\/wp-json\/wp\/v2\/product\/4692","targetHints":{"allow":["GET"]}}],"collection":[{"href":"https:\/\/tyditiao.com\/ro\/wp-json\/wp\/v2\/product"}],"about":[{"href":"https:\/\/tyditiao.com\/ro\/wp-json\/wp\/v2\/types\/product"}],"replies":[{"embeddable":true,"href":"https:\/\/tyditiao.com\/ro\/wp-json\/wp\/v2\/comments?post=4692"}],"wp:featuredmedia":[{"embeddable":true,"href":"https:\/\/tyditiao.com\/ro\/wp-json\/wp\/v2\/media\/4395"}],"wp:attachment":[{"href":"https:\/\/tyditiao.com\/ro\/wp-json\/wp\/v2\/media?parent=4692"}],"wp:term":[{"taxonomy":"product_brand","embeddable":true,"href":"https:\/\/tyditiao.com\/ro\/wp-json\/wp\/v2\/product_brand?post=4692"},{"taxonomy":"product_cat","embeddable":true,"href":"https:\/\/tyditiao.com\/ro\/wp-json\/wp\/v2\/product_cat?post=4692"},{"taxonomy":"product_tag","embeddable":true,"href":"https:\/\/tyditiao.com\/ro\/wp-json\/wp\/v2\/product_tag?post=4692"},{"taxonomy":"woo-feed-brand","embeddable":true,"href":"https:\/\/tyditiao.com\/ro\/wp-json\/wp\/v2\/woo-feed-brand?post=4692"}],"curies":[{"name":"wp","href":"https:\/\/api.w.org\/{rel}","templated":true}]}}