{"id":4693,"date":"2022-06-13T04:36:04","date_gmt":"2022-06-13T02:36:04","guid":{"rendered":"http:\/\/tyditiao.com\/product\/casca-militara-armatura-clasa-iiia-casca-tactica-militara-wendys-maro-deschis\/"},"modified":"2025-03-17T11:38:08","modified_gmt":"2025-03-17T09:38:08","slug":"casca-wendys-bulletproof-casca-kevlar-tactica-maro-deschis","status":"publish","type":"product","link":"https:\/\/tyditiao.com\/ro\/produs\/casca-wendys-bulletproof-casca-kevlar-tactica-maro-deschis\/","title":{"rendered":"Casc\u0103 militar\u0103, arm\u0103tur\u0103 clasa IIIA, casc\u0103 tactic\u0103 militar\u0103 Wendy&#8217;s, maro deschis"},"content":{"rendered":"<p>Casca balistic\u0103 tactic\u0103 militar\u0103 wendy IIIA este proiectat\u0103 pentru a fi super u\u0219oar\u0103 \u0219i foarte confortabil\u0103 de purtat. Reglarea rapid\u0103 \u0219i u\u0219oar\u0103 cu o singur\u0103 m\u00e2n\u0103 asigur\u0103 o potrivire precis\u0103. De asemenea, este echipat cu pl\u0103cu\u021be de absorb\u021bie a energiei de \u00eenalt\u0103 calitate, care pot absorbi eficient for\u021ba de impact, pot reduce deformarea corpului c\u0103\u0219tii dup\u0103 lovirea glon\u021bului \u0219i pot reduce rata de r\u0103nire \u0219i severitatea utilizatorului. Casca tactic\u0103 militar\u0103 Wendy este echipat\u0103 cu \u0219ine de montare universale \u0219i o tetiera, oferindu-i lui Wendy posibilit\u0103\u021bi mai mari. \u00cen compara\u021bie cu casca antiglon\u021b MICH, greutatea mai u\u0219oar\u0103 \u00eenseamn\u0103 c\u0103 nu trebuie s\u0103 adauge mai mult\u0103 sarcin\u0103 capului, ci poate fi folosit\u0103 pentru a transporta echipamente mai moderne, care sunt mai potrivite pentru schimbul de informa\u021bii \u00eentre echipe.<\/p>\n<hr \/>\n<p><strong>Clasa de aparare:<\/strong><\/p>\n<p>Aceast\u0103 casc\u0103 antiglon\u021b este o casc\u0103 antiglon\u021b NIJ Nivel IIIA conform standardului NIJ 0101.06 \u0219i poate fi furnizat raportul de testare corespunz\u0103tor.<\/p>\n<hr \/>\n<p><strong>Parametrii proiectilului de ap\u0103rare:<\/strong><\/p>\n<p>.44 Mag SJHP<br \/>\n.357 SIG FMJ FN<br \/>\n9mm FMJ RN<br \/>\n.357 Mag JSP<br \/>\n.40 S&amp;W FMJ<\/p>\n<p>De asemenea, ofer\u0103 protec\u021bie \u00eempotriva majorit\u0103\u021bii amenin\u021b\u0103rilor cu armele de m\u00e2n\u0103, precum \u0219i a amenin\u021b\u0103rilor de clas\u0103 IIA \u0219i II<\/p>\n<hr \/>\n<p><strong>Parametrii c\u0103\u0219tii antiglon\u021b:<\/strong><br \/>\nNume: NIJ lllA WENDY casc\u0103 antiglon\u021b<\/p>\n<p>Material: Fibr\u0103 de aramid\u0103 Kevlar-DuPont de \u00eenalt\u0103 rezisten\u021b\u0103<\/p>\n<p>Circumferinta capului: 52-60 cm<\/p>\n<p>C\u0103ptu\u0219eal\u0103: Tampoanele de impact din spum\u0103 Zorbium te men\u021bin r\u0103coros \u0219i uscat cu o c\u0103ptu\u0219eal\u0103 impermeabil\u0103, confortabil\u0103 \u0219i un strat antibacterian care elimin\u0103 transpira\u021bia. Ofer\u0103 mai pu\u021bin de jum\u0103tate din for\u021ba necesar\u0103 pentru \u0219ocuri repetitive \u00een toate condi\u021biile de mediu. Casca vine standard cu trei tampoane suplimentare de impact \u0219i opt pl\u0103cu\u021be reglabile care pot fi instalate \u00een mod flexibil \u00een func\u021bie de cerin\u021bele utilizatorului pentru o potrivire \u0219i confort optime.<\/p>\n<p>Accesorii op\u021bionale: m\u0103\u0219ti gonflabile de oxigen, scuturi faciale, scuturi laterale, scuturi laterale blindate, scuturi de protec\u021bie, scuturi pentru c\u0103\u0219ti, m\u0103\u0219ti antiglon\u021b etc.<\/p>\n<p>Culoare casc\u0103: maro deschis<br \/>\nPerioada de garan\u021bie: perioada de garan\u021bie de 5 ani poate avea suficient\u0103 protec\u021bie, dar dac\u0103 perioada de garan\u021bie este dep\u0103\u0219it\u0103<br \/>\nva reduce protec\u021bia.<\/p>\n<hr \/>\n<p><strong>Pentru oameni:<\/strong><br \/>\nCasca balistic\u0103 NIJ lllA Kevlar WENDY face fa\u021b\u0103 amenin\u021b\u0103rilor cu pistolul \u0219i schije, are ata\u0219amente mai puternice, este mai u\u0219oar\u0103 \u0219i mai confortabil de purtat. Aceast\u0103 casc\u0103 este potrivit\u0103 pentru toate tipurile de utilizatori. Personalul de la agen\u021bii precum armata, poli\u021bia, SWAT, securitatea intern\u0103, vama \u0219i poli\u021bi\u0219tii de frontier\u0103 poate fi echipat cu capacit\u0103\u021bi de lupt\u0103 \u00eembun\u0103t\u0103\u021bite. Este, de asemenea, o alegere bun\u0103 pentru protec\u021bia casei \u0219i cosplay.<\/p>\n<hr \/>\n<p>Pute\u021bi cump\u0103ra produsele noastre sau ave\u021bi \u00eentreb\u0103ri despre produsele noastre,<\/p>\n<p>V\u0103 rug\u0103m (<a href=\"http:\/\/tyditiao.com\/contact\/\">contacta\u021bi-ne<\/a>) imediat \u0219i v\u0103 vom r\u0103spunde \u00een termen de 1 zi lucr\u0103toare. Dac\u0103 dori\u021bi s\u0103 comanda\u021bi mai mult de 5 c\u0103\u0219ti antiglon\u021b \u00een acela\u0219i timp, ve\u021bi ob\u021bine o reducere suplimentar\u0103;<\/p>\n","protected":false},"excerpt":{"rendered":"<p>Performan\u021b\u0103 bun\u0103 antiglon\u021b: NIJ Level lllA, protec\u021bie perfect\u0103 a capului.<\/p>\n<p>Calitate bun\u0103: Casca tactic\u0103 militar\u0103 Wendy este fabricat\u0103 din fibr\u0103 aramid\u0103 durabil\u0103 Dupont Kevlar, care este rezistent\u0103 la c\u0103ldur\u0103 \u0219i nu este u\u0219or de deformat.<\/p>\n<p>AJUSTARE U\u0219oar\u0103: Sistemul de prindere a c\u0103\u0219tii CAM FIT militar u\u0219or cu sistem de \u00eenchidere BOA ofer\u0103 o reglare rapid\u0103 \u0219i u\u0219oar\u0103 cu o singur\u0103 m\u00e2n\u0103 \u0219i o potrivire precis\u0103.<\/p>\n<p>Confort de purtat: \u0218aua Zorbium Foam Impact are o c\u0103ptu\u0219eal\u0103 impermeabil\u0103 \u0219i un strat antibacterian care elimin\u0103 umezeala pentru a v\u0103 men\u021bine rece \u0219i uscat \u00een timp ce o purta\u021bi.<\/p>\n<p>Extindere: Sistemul de prindere Rail 2.0 este compatibil cu toate elementele de fixare EXFIL Rail 2.0. \u0218inele de montare a cardanului cu dou\u0103 fe\u021be \u0219i cardanul pentru frunte sunt u\u0219or de instalat \u0219i configurat, c\u0103\u0219ti, lumini pentru pistol, camere foto, lumini stroboscopice, dispozitive de vedere pe timp de noapte, camere GoPro \u0219i ochelari NVG.<\/p>\n","protected":false},"featured_media":4441,"comment_status":"closed","ping_status":"closed","template":"","meta":[],"product_brand":[],"product_cat":[352,175],"product_tag":[],"woo-feed-brand":[50],"class_list":{"0":"post-4693","1":"product","2":"type-product","3":"status-publish","4":"has-post-thumbnail","6":"product_cat-casca-antiglont","7":"product_cat-wendy-ro","8":"woo-feed-brand-tyditiao","10":"first","11":"instock","12":"sale","13":"shipping-taxable","14":"purchasable","15":"product-type-simple"},"_links":{"self":[{"href":"https:\/\/tyditiao.com\/ro\/wp-json\/wp\/v2\/product\/4693","targetHints":{"allow":["GET"]}}],"collection":[{"href":"https:\/\/tyditiao.com\/ro\/wp-json\/wp\/v2\/product"}],"about":[{"href":"https:\/\/tyditiao.com\/ro\/wp-json\/wp\/v2\/types\/product"}],"replies":[{"embeddable":true,"href":"https:\/\/tyditiao.com\/ro\/wp-json\/wp\/v2\/comments?post=4693"}],"wp:featuredmedia":[{"embeddable":true,"href":"https:\/\/tyditiao.com\/ro\/wp-json\/wp\/v2\/media\/4441"}],"wp:attachment":[{"href":"https:\/\/tyditiao.com\/ro\/wp-json\/wp\/v2\/media?parent=4693"}],"wp:term":[{"taxonomy":"product_brand","embeddable":true,"href":"https:\/\/tyditiao.com\/ro\/wp-json\/wp\/v2\/product_brand?post=4693"},{"taxonomy":"product_cat","embeddable":true,"href":"https:\/\/tyditiao.com\/ro\/wp-json\/wp\/v2\/product_cat?post=4693"},{"taxonomy":"product_tag","embeddable":true,"href":"https:\/\/tyditiao.com\/ro\/wp-json\/wp\/v2\/product_tag?post=4693"},{"taxonomy":"woo-feed-brand","embeddable":true,"href":"https:\/\/tyditiao.com\/ro\/wp-json\/wp\/v2\/woo-feed-brand?post=4693"}],"curies":[{"name":"wp","href":"https:\/\/api.w.org\/{rel}","templated":true}]}}