{"id":4694,"date":"2022-06-13T04:32:01","date_gmt":"2022-06-13T02:32:01","guid":{"rendered":"http:\/\/tyditiao.com\/product\/casca-kevlar-noua-casca-militara-clasa-iiia-casca-militara-de-lupta-team-wendy-verde\/"},"modified":"2025-03-17T11:37:55","modified_gmt":"2025-03-17T09:37:55","slug":"casca-wendys-bulletproof-casca-kevlar-tactical-green","status":"publish","type":"product","link":"https:\/\/tyditiao.com\/ro\/produs\/casca-wendys-bulletproof-casca-kevlar-tactical-green\/","title":{"rendered":"Casc\u0103 Kevlar nou\u0103, Casc\u0103 militar\u0103 clasa IIIA, Casc\u0103 militar\u0103 de lupt\u0103 Team Wendy, verde"},"content":{"rendered":"<p>Casca de soldat usor Casca Wendy&#8217;s este conceputa pentru a fi super usoara si foarte confortabila de purtat. De asemenea, este echipat cu inser\u021bii de \u00eenalt\u0103 calitate care absorb energie, care pot absorbi eficient for\u021ba de impact, pot reduce deformarea corpului c\u0103\u0219tii atunci c\u00e2nd glon\u021bul love\u0219te casca \u0219i pot reduce rata \u0219i gradul de r\u0103nire a utilizatorului. Cu dou\u0103 fe\u021be, cu \u0219ine universale de montare a dispozitivului \u0219i un suport de cardan pe frunte, permi\u021b\u00e2ndu-i lui Wendy s\u0103 creeze mai multe posibilit\u0103\u021bi.<\/p>\n<hr \/>\n<p><strong>Clasa de aparare:<\/strong><\/p>\n<p>Aceast\u0103 casc\u0103 antiglon\u021b este o casc\u0103 antiglon\u021b NIJ Nivel IIIA conform standardului NIJ 0101.06 \u0219i poate fi furnizat raportul de testare corespunz\u0103tor.<\/p>\n<hr \/>\n<p><strong>Parametrii proiectilului de ap\u0103rare:<\/strong><\/p>\n<p>.44 Mag SJHP<br \/>\n.357 SIG FMJ FN<br \/>\n9mm FMJ RN<br \/>\n.357 Mag JSP<br \/>\n.40 S&amp;W FMJ<\/p>\n<p>De asemenea, ofer\u0103 protec\u021bie \u00eempotriva majorit\u0103\u021bii amenin\u021b\u0103rilor cu armele de m\u00e2n\u0103, precum \u0219i a amenin\u021b\u0103rilor de clas\u0103 IIA \u0219i II<\/p>\n<hr \/>\n<p><strong>Parametrii c\u0103\u0219tii antiglon\u021b:<\/strong><br \/>\nNume: NIJ lllA WENDY casc\u0103 antiglon\u021b<\/p>\n<p>Material: Fibr\u0103 de aramid\u0103 Kevlar-DuPont de \u00eenalt\u0103 rezisten\u021b\u0103<br \/>\nCircumferinta capului: 52-60 cm<\/p>\n<p>C\u0103ptu\u0219eal\u0103: Tampoanele Zorbium Foam Impact te men\u021bin r\u0103coros \u0219i uscat, cu c\u0103ptu\u0219eal\u0103 impermeabil\u0103, confortabil\u0103 \u0219i o hus\u0103 antibacterian\u0103 care elimin\u0103 transpira\u021bia. Ofer\u0103 mai pu\u021bin de jum\u0103tate din for\u021ba necesar\u0103 pentru \u0219ocuri repetitive \u00een toate condi\u021biile de mediu. Mouse pad-ul vine standard cu trei tampoane rezistente la impact \u0219i opt pl\u0103cu\u021be reglabile pentru o potrivire \u0219i confort optime.<\/p>\n<p>Accesorii op\u021bionale: m\u0103\u0219ti gonflabile de oxigen, scuturi faciale, scuturi laterale, scuturi laterale blindate, scuturi, scuturi pentru c\u0103\u0219ti, m\u0103\u0219ti antiglon\u021b etc.<br \/>\nCuloare casc\u0103: verde<br \/>\nPerioada de garan\u021bie: perioada de garan\u021bie de 5 ani poate avea suficient\u0103 protec\u021bie, dar dac\u0103 perioada de garan\u021bie este dep\u0103\u0219it\u0103<br \/>\nva reduce protec\u021bia.<\/p>\n<hr \/>\n<p><strong>Pentru oameni:<\/strong><br \/>\nCasca balistic\u0103 NIJ lllA Kevlar WENDY face fa\u021b\u0103 amenin\u021b\u0103rilor cu pistolul \u0219i schije, are ata\u0219amente mai puternice, este mai u\u0219oar\u0103 \u0219i mai confortabil de purtat. Aceast\u0103 casc\u0103 este potrivit\u0103 pentru toate tipurile de utilizatori. Personalul de la agen\u021bii precum armata, poli\u021bia, SWAT, securitatea intern\u0103, vama \u0219i poli\u021bi\u0219tii de frontier\u0103 poate fi echipat cu capacit\u0103\u021bi de lupt\u0103 \u00eembun\u0103t\u0103\u021bite. Este, de asemenea, o alegere bun\u0103 pentru protec\u021bia casei \u0219i cosplay.<\/p>\n<hr \/>\n<p>Dac\u0103 dori\u021bi s\u0103 cump\u0103ra\u021bi produsele noastre sau ave\u021bi \u00eentreb\u0103ri despre produsele noastre;<br \/>\nDac\u0103 ave\u021bi nevoie de personalizare;<br \/>\nV\u0103 rug\u0103m (<a href=\"http:\/\/tyditiao.com\/contact\/\">contacta\u021bi-ne<\/a>) imediat, v\u0103 vom r\u0103spunde \u00een termen de 1 zi lucr\u0103toare<\/p>\n","protected":false},"excerpt":{"rendered":"<p>Calitate bun\u0103: casca militar\u0103 de calitate tehnic\u0103 este fabricat\u0103 din fibr\u0103 DuPont Kevlar Aramid de \u00eenalt\u0103 rezisten\u021b\u0103, care este rezistent\u0103 la c\u0103ldur\u0103 \u0219i nu este u\u0219or de deformat<\/p>\n<p>Performan\u021b\u0103 balistic\u0103 bun\u0103: NIJ nivel IIIA<\/p>\n<p>Confortabil de purtat: Perna Zorbium Foam Impact are o c\u0103ptu\u0219eal\u0103 impermeabil\u0103 \u0219i un strat antimicrobian care elimin\u0103 umezeala pentru a v\u0103 men\u021bine rece \u0219i uscat.<\/p>\n<p>AJUSTARE U\u0219oar\u0103: Sistem de montare CAM FIT pentru casc\u0103 militar\u0103 u\u0219oar\u0103 cu sistem de \u00eenchidere BOA pentru o ajustare sigur\u0103 cu o singur\u0103 m\u00e2n\u0103 pentru o potrivire precis\u0103.<\/p>\n<p>EXTENSIBIL: Sistemul de prindere Rail 2.0 este compatibil cu toate elementele de fixare EXFIL Rail 2.0. Sina de montare a cardanului cu dou\u0103 fe\u021be \u0219i suportul de cardan de pe frunte \u00eei permit lui Wendy s\u0103 creeze mai multe posibilit\u0103\u021bi.<\/p>\n","protected":false},"featured_media":4427,"comment_status":"open","ping_status":"closed","template":"","meta":[],"product_brand":[],"product_cat":[352,175],"product_tag":[],"woo-feed-brand":[50],"class_list":{"0":"post-4694","1":"product","2":"type-product","3":"status-publish","4":"has-post-thumbnail","6":"product_cat-casca-antiglont","7":"product_cat-wendy-ro","8":"woo-feed-brand-tyditiao","10":"first","11":"instock","12":"sale","13":"shipping-taxable","14":"purchasable","15":"product-type-simple"},"_links":{"self":[{"href":"https:\/\/tyditiao.com\/ro\/wp-json\/wp\/v2\/product\/4694","targetHints":{"allow":["GET"]}}],"collection":[{"href":"https:\/\/tyditiao.com\/ro\/wp-json\/wp\/v2\/product"}],"about":[{"href":"https:\/\/tyditiao.com\/ro\/wp-json\/wp\/v2\/types\/product"}],"replies":[{"embeddable":true,"href":"https:\/\/tyditiao.com\/ro\/wp-json\/wp\/v2\/comments?post=4694"}],"wp:featuredmedia":[{"embeddable":true,"href":"https:\/\/tyditiao.com\/ro\/wp-json\/wp\/v2\/media\/4427"}],"wp:attachment":[{"href":"https:\/\/tyditiao.com\/ro\/wp-json\/wp\/v2\/media?parent=4694"}],"wp:term":[{"taxonomy":"product_brand","embeddable":true,"href":"https:\/\/tyditiao.com\/ro\/wp-json\/wp\/v2\/product_brand?post=4694"},{"taxonomy":"product_cat","embeddable":true,"href":"https:\/\/tyditiao.com\/ro\/wp-json\/wp\/v2\/product_cat?post=4694"},{"taxonomy":"product_tag","embeddable":true,"href":"https:\/\/tyditiao.com\/ro\/wp-json\/wp\/v2\/product_tag?post=4694"},{"taxonomy":"woo-feed-brand","embeddable":true,"href":"https:\/\/tyditiao.com\/ro\/wp-json\/wp\/v2\/woo-feed-brand?post=4694"}],"curies":[{"name":"wp","href":"https:\/\/api.w.org\/{rel}","templated":true}]}}