{"id":5122,"date":"2022-10-11T12:39:23","date_gmt":"2022-10-11T10:39:23","guid":{"rendered":"http:\/\/tyditiao.com\/product\/semi-masca-antiglont-kevlar-nij-iiia-masca-faciala-antiglont-cu-aramida-pentru-casca-tactica-antiglont\/"},"modified":"2025-03-17T11:38:26","modified_gmt":"2025-03-17T09:38:26","slug":"masca-balistica-kevlar-nij-iiia-aramid-potrivit-cu-casca-tactica-balistica-wendy-quick-michigan-fit","status":"publish","type":"product","link":"https:\/\/tyditiao.com\/ro\/produs\/masca-balistica-kevlar-nij-iiia-aramid-potrivit-cu-casca-tactica-balistica-wendy-quick-michigan-fit\/","title":{"rendered":"Semi-masc\u0103 antiglon\u021b Kevlar NIJ IIIA, masc\u0103 facial\u0103 antiglon\u021b cu aramid\u0103 pentru casc\u0103 tactic\u0103 antiglon\u021b"},"content":{"rendered":"<p>Greutate: 0,68 kg<\/p>\n<p>Material: Aramid\u0103<\/p>\n<p>Grosime: aramid\u0103 de 8 mm grosime \u0219i acoperire de 1 mm<\/p>\n<p>Clasa de protectie: NIJ 0101.06 nivel IIIA<\/p>\n<p>Dimensiune: M\u0103rime unic\u0103 pentru toate<\/p>\n<p>Valabilitate: 5 ani<\/p>\n<p>Scenarii aplicabile: protec\u021bia casei, securitate, echipament de poli\u021bie, lupt\u0103 real\u0103, cosplay<\/p>\n<p>Serviciu OEM\/ODM disponibil la cerere<\/p>\n<p>&nbsp;<\/p>\n<p>Lista de ambalare: 1X masc\u0103 antiglon\u021b cu jum\u0103tate de fa\u021b\u0103<\/p>\n","protected":false},"excerpt":{"rendered":"<p>Material: Fabricat din fibre Kevlar u\u0219oare avansate, care sunt de 15 ori mai rezistente dec\u00e2t o\u021belul pentru a minimiza amenin\u021barea gloan\u021belor<\/p>\n<p>Design ergonomic unic: band\u0103 de nailon reglabil\u0103 \u00een 6 puncte \u0219i c\u0103ptu\u0219eal\u0103 suplimentar\u0103 se potrive\u0219te oric\u0103rei forme de cap \u0219i \u00eembun\u0103t\u0103\u021be\u0219te confortul la purtare<\/p>\n<p>Adaptabilitate bun\u0103: poate fi folosit cu c\u0103\u0219ti FAST, WENDY, MICH \u0219i alte c\u0103\u0219ti antiglon\u021b, acoperind complet fa\u021ba purt\u0103torului<\/p>\n<p>Utiliz\u0103ri aplicabile: protec\u021bia casei, armat\u0103, personal angajat \u00een opera\u021biuni periculoase, antrenament pe teren, g\u0103rzi de corp, personal angajat \u00een opera\u021biuni periculoase \u00een zonele de conflict armat str\u0103in<\/p>\n","protected":false},"featured_media":4894,"comment_status":"open","ping_status":"closed","template":"","meta":[],"product_brand":[],"product_cat":[199],"product_tag":[],"woo-feed-brand":[50],"class_list":{"0":"post-5122","1":"product","2":"type-product","3":"status-publish","4":"has-post-thumbnail","6":"product_cat-ballistic-mask-ro","7":"product_shipping_class-0-3-kg-ro","8":"woo-feed-brand-tyditiao","10":"first","11":"instock","12":"sale","13":"shipping-taxable","14":"purchasable","15":"product-type-simple"},"_links":{"self":[{"href":"https:\/\/tyditiao.com\/ro\/wp-json\/wp\/v2\/product\/5122","targetHints":{"allow":["GET"]}}],"collection":[{"href":"https:\/\/tyditiao.com\/ro\/wp-json\/wp\/v2\/product"}],"about":[{"href":"https:\/\/tyditiao.com\/ro\/wp-json\/wp\/v2\/types\/product"}],"replies":[{"embeddable":true,"href":"https:\/\/tyditiao.com\/ro\/wp-json\/wp\/v2\/comments?post=5122"}],"wp:featuredmedia":[{"embeddable":true,"href":"https:\/\/tyditiao.com\/ro\/wp-json\/wp\/v2\/media\/4894"}],"wp:attachment":[{"href":"https:\/\/tyditiao.com\/ro\/wp-json\/wp\/v2\/media?parent=5122"}],"wp:term":[{"taxonomy":"product_brand","embeddable":true,"href":"https:\/\/tyditiao.com\/ro\/wp-json\/wp\/v2\/product_brand?post=5122"},{"taxonomy":"product_cat","embeddable":true,"href":"https:\/\/tyditiao.com\/ro\/wp-json\/wp\/v2\/product_cat?post=5122"},{"taxonomy":"product_tag","embeddable":true,"href":"https:\/\/tyditiao.com\/ro\/wp-json\/wp\/v2\/product_tag?post=5122"},{"taxonomy":"woo-feed-brand","embeddable":true,"href":"https:\/\/tyditiao.com\/ro\/wp-json\/wp\/v2\/woo-feed-brand?post=5122"}],"curies":[{"name":"wp","href":"https:\/\/api.w.org\/{rel}","templated":true}]}}