{"id":5123,"date":"2022-10-11T16:42:26","date_gmt":"2022-10-11T14:42:26","guid":{"rendered":"http:\/\/tyditiao.com\/product\/masca-balistica-usoara-de-aramida-masca-tactica-antiglont-nij-iiia-full-face\/"},"modified":"2025-03-17T11:38:40","modified_gmt":"2025-03-17T09:38:40","slug":"masca-balistica-aramid-nij-iiia-masca-tactica-antiglont","status":"publish","type":"product","link":"https:\/\/tyditiao.com\/ro\/produs\/masca-balistica-aramid-nij-iiia-masca-tactica-antiglont\/","title":{"rendered":"masc\u0103 balistic\u0103 u\u0219oar\u0103 de aramid\u0103, masc\u0103 tactic\u0103 antiglon\u021b NIJ IIIA Full Face"},"content":{"rendered":"<p>Greutate: 0,85 kg<\/p>\n<p>Material: Aramid\u0103<\/p>\n<p>Grosime: aramid\u0103 de 8 mm grosime \u0219i acoperire de 1 mm<\/p>\n<p>Clasa de protectie: NIJ 0101.06 nivel IIIA<\/p>\n<p>Dimensiune: M\u0103rime unic\u0103 pentru toate<\/p>\n<p>Valabilitate: 5 ani<\/p>\n<p>Scenarii aplicabile: protec\u021bia casei, securitate, echipament de poli\u021bie, lupt\u0103 real\u0103, cosplay<\/p>\n<p>Serviciu OEM\/ODM disponibil la cerere<\/p>\n<p>Lista de ambalare: 1X Masc\u0103 Full Face Bulletproof<\/p>\n","protected":false},"excerpt":{"rendered":"<p>Protejeaz\u0103 cele mai importante zone cu greutate minim\u0103: acoperire complet\u0103 a fe\u021bei purt\u0103torului \u00een caz de ofens\u0103<\/p>\n<p>Material: Fabricat din fibre Kevlar u\u0219oare avansate, care sunt de 15 ori mai rezistente dec\u00e2t o\u021belul pentru a minimiza amenin\u021barea gloan\u021belor<\/p>\n<p>Design ergonomic unic: band\u0103 de nailon reglabil\u0103 \u00een 6 puncte \u0219i c\u0103ptu\u0219eal\u0103 suplimentar\u0103 se potrive\u0219te oric\u0103rei forme de cap \u0219i \u00eembun\u0103t\u0103\u021be\u0219te confortul la purtare<\/p>\n<p>Utiliz\u0103ri aplicabile: protec\u021bie la domiciliu, antrenament pe teren, g\u0103rzi de corp, personal angajat \u00een opera\u021biuni periculoase \u00een zonele de conflict armat str\u0103in, armat\u0103, cosplay etc.<\/p>\n","protected":false},"featured_media":4968,"comment_status":"open","ping_status":"closed","template":"","meta":[],"product_brand":[],"product_cat":[199],"product_tag":[],"woo-feed-brand":[50],"class_list":{"0":"post-5123","1":"product","2":"type-product","3":"status-publish","4":"has-post-thumbnail","6":"product_cat-ballistic-mask-ro","7":"product_shipping_class-0-3-kg-ro","8":"woo-feed-brand-tyditiao","10":"first","11":"instock","12":"sale","13":"shipping-taxable","14":"purchasable","15":"product-type-simple"},"_links":{"self":[{"href":"https:\/\/tyditiao.com\/ro\/wp-json\/wp\/v2\/product\/5123","targetHints":{"allow":["GET"]}}],"collection":[{"href":"https:\/\/tyditiao.com\/ro\/wp-json\/wp\/v2\/product"}],"about":[{"href":"https:\/\/tyditiao.com\/ro\/wp-json\/wp\/v2\/types\/product"}],"replies":[{"embeddable":true,"href":"https:\/\/tyditiao.com\/ro\/wp-json\/wp\/v2\/comments?post=5123"}],"wp:featuredmedia":[{"embeddable":true,"href":"https:\/\/tyditiao.com\/ro\/wp-json\/wp\/v2\/media\/4968"}],"wp:attachment":[{"href":"https:\/\/tyditiao.com\/ro\/wp-json\/wp\/v2\/media?parent=5123"}],"wp:term":[{"taxonomy":"product_brand","embeddable":true,"href":"https:\/\/tyditiao.com\/ro\/wp-json\/wp\/v2\/product_brand?post=5123"},{"taxonomy":"product_cat","embeddable":true,"href":"https:\/\/tyditiao.com\/ro\/wp-json\/wp\/v2\/product_cat?post=5123"},{"taxonomy":"product_tag","embeddable":true,"href":"https:\/\/tyditiao.com\/ro\/wp-json\/wp\/v2\/product_tag?post=5123"},{"taxonomy":"woo-feed-brand","embeddable":true,"href":"https:\/\/tyditiao.com\/ro\/wp-json\/wp\/v2\/woo-feed-brand?post=5123"}],"curies":[{"name":"wp","href":"https:\/\/api.w.org\/{rel}","templated":true}]}}