{"id":5124,"date":"2022-10-12T08:35:45","date_gmt":"2022-10-12T06:35:45","guid":{"rendered":"http:\/\/tyditiao.com\/product\/masca-balistica-transparenta-nij-iiia-detasabila-pentru-casti-cu-sine-pe-ambele-parti\/"},"modified":"2025-03-17T11:38:59","modified_gmt":"2025-03-17T09:38:59","slug":"masca-transparenta-antiglont-nij-iiia-detasabila-pentru-helmow-cu-sine-pe-ambele-parti-wendy-fast-etc","status":"publish","type":"product","link":"https:\/\/tyditiao.com\/ro\/produs\/masca-transparenta-antiglont-nij-iiia-detasabila-pentru-helmow-cu-sine-pe-ambele-parti-wendy-fast-etc\/","title":{"rendered":"Masc\u0103 balistic\u0103 transparent\u0103 NIJ IIIA deta\u0219abil\u0103 pentru c\u0103\u0219ti cu \u0219ine pe ambele p\u0103r\u021bi"},"content":{"rendered":"<p>Masca balistica detasabila este o noua masca balistica de clasa IIIA care se ataseaza la o casca balistica.<\/p>\n<p>Acest produs este potrivit pentru c\u0103\u0219tile cu \u0219ine pe ambele p\u0103r\u021bi. De exemplu: WENDY, FAST etc.<\/p>\n<p>Clasa de protectie: nivel NIJ IIIA<\/p>\n<p>Greutate: 1,50 kg (3,31 lb)<\/p>\n<p>Material: PC, PMMA, etc.<\/p>\n<p>Dimensiune: 350mm(L)*145mm(H)<\/p>\n<p>Grosimea m\u0103\u0219tii: 22 mm<\/p>\n<p>Luminozitate: 83,9%<\/p>\n<p>Valabilitate: 5 ani<\/p>\n<p>Dac\u0103 ave\u021bi nevoie de o casc\u0103 antiglon\u021b, v\u0103 rug\u0103m s\u0103 merge\u021bi la magazinul nostru pentru a o cump\u0103ra. Mul\u021bumiri!<\/p>\n<p>Detalii de ambalare: 1 * ecran pentru fa\u021b\u0103 antiglon\u021b (casca nu este inclus\u0103)<\/p>\n","protected":false},"excerpt":{"rendered":"<p>Materialul principal este realizat din r\u0103\u0219in\u0103 de policarbonat transparent de \u00eenalt\u0103 calitate PC \u0219i compozit tip sandwich acrilic, cu \u00eenalt\u0103 defini\u021bie, f\u0103r\u0103 stropire, efect bun antiglon\u021b<\/p>\n<p>Suportul m\u0103\u0219tii antiglon\u021b este fabricat din o\u021bel \u0219i materiale de \u00eenalt\u0103 rezisten\u021b\u0103, care pot fi reglate stabil la diferite unghiuri<\/p>\n<p>Am cooperat profund cu furnizorii de logistic\u0103 \u0219i putem garanta livrarea m\u0103rfurilor \u00een aproape fiecare \u021bar\u0103 \u0219i regiune, iar toate m\u0103rfurile comandate pe site-ul fabricii noastre sunt gratuite.<\/p>\n","protected":false},"featured_media":5044,"comment_status":"open","ping_status":"closed","template":"","meta":[],"product_brand":[],"product_cat":[199],"product_tag":[],"woo-feed-brand":[50],"class_list":{"0":"post-5124","1":"product","2":"type-product","3":"status-publish","4":"has-post-thumbnail","6":"product_cat-ballistic-mask-ro","7":"product_shipping_class-0-3-kg-ro","8":"woo-feed-brand-tyditiao","10":"first","11":"instock","12":"sale","13":"shipping-taxable","14":"purchasable","15":"product-type-simple"},"_links":{"self":[{"href":"https:\/\/tyditiao.com\/ro\/wp-json\/wp\/v2\/product\/5124","targetHints":{"allow":["GET"]}}],"collection":[{"href":"https:\/\/tyditiao.com\/ro\/wp-json\/wp\/v2\/product"}],"about":[{"href":"https:\/\/tyditiao.com\/ro\/wp-json\/wp\/v2\/types\/product"}],"replies":[{"embeddable":true,"href":"https:\/\/tyditiao.com\/ro\/wp-json\/wp\/v2\/comments?post=5124"}],"wp:featuredmedia":[{"embeddable":true,"href":"https:\/\/tyditiao.com\/ro\/wp-json\/wp\/v2\/media\/5044"}],"wp:attachment":[{"href":"https:\/\/tyditiao.com\/ro\/wp-json\/wp\/v2\/media?parent=5124"}],"wp:term":[{"taxonomy":"product_brand","embeddable":true,"href":"https:\/\/tyditiao.com\/ro\/wp-json\/wp\/v2\/product_brand?post=5124"},{"taxonomy":"product_cat","embeddable":true,"href":"https:\/\/tyditiao.com\/ro\/wp-json\/wp\/v2\/product_cat?post=5124"},{"taxonomy":"product_tag","embeddable":true,"href":"https:\/\/tyditiao.com\/ro\/wp-json\/wp\/v2\/product_tag?post=5124"},{"taxonomy":"woo-feed-brand","embeddable":true,"href":"https:\/\/tyditiao.com\/ro\/wp-json\/wp\/v2\/woo-feed-brand?post=5124"}],"curies":[{"name":"wp","href":"https:\/\/api.w.org\/{rel}","templated":true}]}}