{"id":5687,"date":"2022-10-18T08:54:02","date_gmt":"2022-10-18T06:54:02","guid":{"rendered":"http:\/\/tyditiao.com\/product\/echipament-de-antrenament-cs-vesta-antiglont-vesta-tactica-exterioara-cu-eliberare-rapida-inclusiv-placi-antiglont-2xpe-iiia-10x12\/"},"modified":"2025-03-17T11:39:39","modified_gmt":"2025-03-17T09:39:39","slug":"cs-echipament-antrenament-vesta-balistica-exterior-vesta-tactica-eliberare-rapida-in-kit-placa-antiglont-2xpe-iiia-10x12","status":"publish","type":"product","link":"https:\/\/tyditiao.com\/ro\/produs\/cs-echipament-antrenament-vesta-balistica-exterior-vesta-tactica-eliberare-rapida-in-kit-placa-antiglont-2xpe-iiia-10x12\/","title":{"rendered":"Echipament de antrenament CS Vest\u0103 antiglon\u021b, vest\u0103 tactic\u0103 exterioar\u0103 cu eliberare rapid\u0103, inclusiv pl\u0103ci antiglon\u021b 2XPE IIIA 10&#215;12"},"content":{"rendered":"<p>Laturile \u0219i umerii acestui produs sunt reglabile cu Velcro, astfel \u00eenc\u00e2t utilizatorii de orice m\u0103rime \u00eel pot purta.<br \/>\nStrat interior: material de \u00eenalt\u0103 rezisten\u021b\u0103<br \/>\nStrat exterior: p\u00e2nz\u0103 Oxford rezistent\u0103 la abraziune, bumbac sau nailon, rezistent\u0103 la pete \u0219i durabil\u0103.<\/p>\n<p>&nbsp;<\/p>\n<p>Nivel de ap\u0103rare: plac\u0103 standard PE antiglon\u021b, NIJIIIA,<br \/>\nInser\u021bie de protec\u021bie: UHMW-PE<br \/>\nGrosime: \uff5e8mm\/\uff5e0.3&#8242;<br \/>\nValabilitate: 5 ani<br \/>\nTipuri de proiectile \u00eempotriva c\u0103rora pot fi ap\u0103rate:<br \/>\nManta metalica de 9 mm (FMJ) \/ Cap rotund (RN)<br \/>\n.44 Universal Jacket Hollow Point (JHP)<\/p>\n<p>Utilizatori \u021bint\u0103:<br \/>\nVestele antiglon\u021b ascunse NIJ Clasa IIIA protejeaz\u0103 \u00eempotriva pericolelor legate de arme. \u0218i are mai multe accesorii \u0219i ocup\u0103 o suprafa\u021b\u0103 mai mare. Marimea poate fi ajustata cu Velcro pe laterale si pe umeri. Produsele noastre pot fi echipate cu for\u021be armate, agen\u021bii SWAT, agen\u021bii de securitate intern\u0103, agen\u021bii vamale \u0219i de protec\u021bie a frontierelor, agen\u021bii de control al imigra\u021biei \u0219i alte agen\u021bii cu risc de arme de foc. Oamenii ob\u021bin rezultate mai bune \u0219i mai pu\u021bine victime.<\/p>\n","protected":false},"excerpt":{"rendered":"<p>DIMENSIUNE AJUSTABLE: M\u0103rime reglabil\u0103 cu velcro pe laterale \u0219i pe umeri, m\u0103rime unic\u0103 pentru toate.<\/p>\n<p>Realizeaz\u0103 eliberare rapid\u0103: Catarama cu eliberare rapid\u0103 din talie este u\u0219or de operat.<\/p>\n<p>Spa\u021biu amplu de depozitare: Buzunar pentru depozitare \u00eencorporat, iar buzunarul utilitar poate fi instalat sau \u00eendep\u0103rtat \u00een func\u021bie de nevoile dvs.<\/p>\n<p>Echipat cu pl\u0103ci antiglon\u021b NIJ IIIA fa\u021b\u0103 \u0219i spate: poate face fa\u021b\u0103 amenin\u021b\u0103rii gloan\u021belor de pistol.<\/p>\n<p>Cre\u0219te\u021bi-v\u0103 ap\u0103rarea liber: jacheta poate fi prev\u0103zut\u0103 cu inser\u021bii antiglon\u021b de diferite niveluri.<\/p>\n","protected":false},"featured_media":5259,"comment_status":"open","ping_status":"closed","template":"","meta":[],"product_brand":[],"product_cat":[223],"product_tag":[],"woo-feed-brand":[50],"class_list":{"0":"post-5687","1":"product","2":"type-product","3":"status-publish","4":"has-post-thumbnail","6":"product_cat-tactical-vest-ro","7":"product_shipping_class-0-3-kg-ro","8":"woo-feed-brand-tyditiao","10":"first","11":"instock","12":"sale","13":"shipping-taxable","14":"purchasable","15":"product-type-simple"},"_links":{"self":[{"href":"https:\/\/tyditiao.com\/ro\/wp-json\/wp\/v2\/product\/5687","targetHints":{"allow":["GET"]}}],"collection":[{"href":"https:\/\/tyditiao.com\/ro\/wp-json\/wp\/v2\/product"}],"about":[{"href":"https:\/\/tyditiao.com\/ro\/wp-json\/wp\/v2\/types\/product"}],"replies":[{"embeddable":true,"href":"https:\/\/tyditiao.com\/ro\/wp-json\/wp\/v2\/comments?post=5687"}],"wp:featuredmedia":[{"embeddable":true,"href":"https:\/\/tyditiao.com\/ro\/wp-json\/wp\/v2\/media\/5259"}],"wp:attachment":[{"href":"https:\/\/tyditiao.com\/ro\/wp-json\/wp\/v2\/media?parent=5687"}],"wp:term":[{"taxonomy":"product_brand","embeddable":true,"href":"https:\/\/tyditiao.com\/ro\/wp-json\/wp\/v2\/product_brand?post=5687"},{"taxonomy":"product_cat","embeddable":true,"href":"https:\/\/tyditiao.com\/ro\/wp-json\/wp\/v2\/product_cat?post=5687"},{"taxonomy":"product_tag","embeddable":true,"href":"https:\/\/tyditiao.com\/ro\/wp-json\/wp\/v2\/product_tag?post=5687"},{"taxonomy":"woo-feed-brand","embeddable":true,"href":"https:\/\/tyditiao.com\/ro\/wp-json\/wp\/v2\/woo-feed-brand?post=5687"}],"curies":[{"name":"wp","href":"https:\/\/api.w.org\/{rel}","templated":true}]}}