{"id":5688,"date":"2022-10-21T05:10:23","date_gmt":"2022-10-21T03:10:23","guid":{"rendered":"http:\/\/tyditiao.com\/product\/sicpe-nij-nivel-iv-23mm-2-5kg-insertie-balistica-pentru-pieptar-antiglont-250x300mm\/"},"modified":"2025-03-17T11:41:54","modified_gmt":"2025-03-17T09:41:54","slug":"sicpe-nij-level-iv-23mm-2-5kgn-pieptar-antiglont-250x300mm","status":"publish","type":"product","link":"https:\/\/tyditiao.com\/ro\/produs\/sicpe-nij-level-iv-23mm-2-5kgn-pieptar-antiglont-250x300mm\/","title":{"rendered":"SIC+PE, NIJ Nivel IV, 23MM, 2.5KG, inser\u021bie balistic\u0103 pentru pieptar antiglon\u021b, 250X300MM"},"content":{"rendered":"<p>Nume: Plac\u0103 antiglon\u021b ultra u\u0219oar\u0103 din carbur\u0103 de siliciu NIJ grad IV<\/p>\n<p>Standard: NIJ 0101.06 Clasa IV, putem furniza raportul de testare corespunz\u0103tor.<\/p>\n<p>Material: SiC + UHMW-PE<\/p>\n<p>Greutate: 2.5KG + 0.05KG \/ 2.20 + 0.11LB<\/p>\n<p>Grosime: 23 mm<\/p>\n<p>Strat exterior: material poliester negru impermeabil;<br \/>\nDimensiuni: 250x300mm \/ 9.8&#8217;x11.8&#8242;<br \/>\nForma: Trapezoid (Plac\u0103 trapezoidal\u0103 cu col\u021buri te\u0219ite)<\/p>\n<p>Lista de ambalare:<br \/>\n1 x Plac\u0103 antiglon\u021b trapezoidal\u0103.<\/p>\n<p>\u00cen\u0219tiin\u021bare:<br \/>\nVesta reflectorizanta nu este inclusa<\/p>\n<p>Utilizatori \u021bint\u0103: Pl\u0103ci antiglon\u021b Superlight Sic NIJ Clasa IV pentru utilizare \u00eempotriva amenin\u021b\u0103rilor legate de arme. For\u021bele armate, agen\u021biile SWAT, agen\u021biile de securitate intern\u0103, agen\u021biile vamale \u0219i de protec\u021bie a frontierelor, agen\u021biile de control al imigra\u021biei \u0219i alte agen\u021bii cu risc de arme de foc pot fi echipate cu produsele noastre. Oamenii ob\u021bin rezultate mai bune \u0219i mai pu\u021bine victime. Produsul este, de asemenea, mai potrivit pentru situa\u021bii precum misiuni la distan\u021b\u0103 lung\u0103 sau misiuni la distan\u021b\u0103 lung\u0103. Este, de asemenea, o alegere bun\u0103 pentru protec\u021bia propriei familii<\/p>\n<p><!--more--><\/p>\n<p>Parametrii proiectilelor \u00eempotriva c\u0103rora NIJ IV se poate ap\u0103ra:<\/p>\n<p>Carcas\u0103 complet metalic\u0103 7,62 x 51 mm M80 (FMJ) \/ bil\u0103 NATO;<\/p>\n<p>Miez de plumb AK47 de 7,62 x 39 mm (LC) \/ Miez de o\u021bel moale (MSC);<\/p>\n<p>5,56 x 45 mm M193 Plumb (LC) \/ Minge NATO SS109;<\/p>\n<p>Inser\u021biile balistice sunt adesea folosite \u00een armuri sau veste tactice. Exist\u0103 dou\u0103 tipuri de cartu\u0219e antiglon\u021b: frontale \u0219i laterale. Panoul frontal protejeaz\u0103 pieptul \u0219i spatele, iar panourile laterale protejeaz\u0103 p\u0103r\u021bile laterale ale corpului. Te\u0219iturile protejeaz\u0103 de obicei partea din fa\u021b\u0103 a pieptului, iar p\u0103tratele protejeaz\u0103 spatele.<\/p>\n<p>Exist\u0103 patru tipuri de materiale pentru pl\u0103ci antiglon\u021b: o\u021bel antiglon\u021b, polietilen\u0103 PE, PE + alumin\u0103, PE + carbur\u0103 de siliciu. Disponibil\u0103 \u00eentr-o varietate de modele de materiale, aceast\u0103 baterie este PE + silicon pur.<\/p>\n<p>Inser\u021biile ceramice antiglon\u021b sunt de obicei realizate din materiale precum ceramic\u0103 \u0219i polietilen\u0103 PE. Regula este: c\u00e2nd un glon\u021b love\u0219te un cartu\u0219 antiglon\u021b, glon\u021bul love\u0219te mai \u00eent\u00e2i partea superioar\u0103 a stratului ceramic. For\u021ba uria\u0219\u0103 de impact a proiectilului este transmis\u0103 mediului, absorbind uria\u0219a energie cinetic\u0103 a proiectilului. C\u00e2nd proiectilul trece prin stratul ceramic, \u00ee\u0219i pierde cea mai mare parte a energiei cinetice. C\u00e2nd proiectilul ajunge la stratul de polietilen\u0103, polietilena disipeaz\u0103 energia cinetic\u0103 a proiectilului prin \u00eentinderea \u0219i \u00eenf\u0103\u0219urarea proiectilului \u0219i a fragmentelor, cu efect redus asupra corpului, oferind o protec\u021bie excelent\u0103.<\/p>\n","protected":false},"excerpt":{"rendered":"<p>Plac\u0103 balistic\u0103 ultra u\u0219oar\u0103 din carbur\u0103 de siliciu NIJ grad IV care poate rezista amenin\u021b\u0103rii cartu\u0219e conven\u021bionale de pu\u0219c\u0103.<\/p>\n<p>Proces matur: va prezenta o performan\u021b\u0103 de protec\u021bie stabil\u0103 \u0219i excelent\u0103.<\/p>\n<p>Mai u\u0219or \u0219i mai convenabil dec\u00e2t panourile ceramice din alumin\u0103.<\/p>\n<p>Stratul superior este realizat din material poliester rezistent la apa, iar panoul este impermeabil si rezistent la pete.<\/p>\n","protected":false},"featured_media":5409,"comment_status":"open","ping_status":"closed","template":"","meta":[],"product_brand":[],"product_cat":[224],"product_tag":[],"woo-feed-brand":[50],"class_list":{"0":"post-5688","1":"product","2":"type-product","3":"status-publish","4":"has-post-thumbnail","6":"product_cat-bulletproof-chest-plate-ro","7":"woo-feed-brand-tyditiao","9":"first","10":"instock","11":"sale","12":"shipping-taxable","13":"purchasable","14":"product-type-simple"},"_links":{"self":[{"href":"https:\/\/tyditiao.com\/ro\/wp-json\/wp\/v2\/product\/5688","targetHints":{"allow":["GET"]}}],"collection":[{"href":"https:\/\/tyditiao.com\/ro\/wp-json\/wp\/v2\/product"}],"about":[{"href":"https:\/\/tyditiao.com\/ro\/wp-json\/wp\/v2\/types\/product"}],"replies":[{"embeddable":true,"href":"https:\/\/tyditiao.com\/ro\/wp-json\/wp\/v2\/comments?post=5688"}],"wp:featuredmedia":[{"embeddable":true,"href":"https:\/\/tyditiao.com\/ro\/wp-json\/wp\/v2\/media\/5409"}],"wp:attachment":[{"href":"https:\/\/tyditiao.com\/ro\/wp-json\/wp\/v2\/media?parent=5688"}],"wp:term":[{"taxonomy":"product_brand","embeddable":true,"href":"https:\/\/tyditiao.com\/ro\/wp-json\/wp\/v2\/product_brand?post=5688"},{"taxonomy":"product_cat","embeddable":true,"href":"https:\/\/tyditiao.com\/ro\/wp-json\/wp\/v2\/product_cat?post=5688"},{"taxonomy":"product_tag","embeddable":true,"href":"https:\/\/tyditiao.com\/ro\/wp-json\/wp\/v2\/product_tag?post=5688"},{"taxonomy":"woo-feed-brand","embeddable":true,"href":"https:\/\/tyditiao.com\/ro\/wp-json\/wp\/v2\/woo-feed-brand?post=5688"}],"curies":[{"name":"wp","href":"https:\/\/api.w.org\/{rel}","templated":true}]}}