{"id":5691,"date":"2022-10-21T05:17:38","date_gmt":"2022-10-22T05:41:38","guid":{"rendered":"http:\/\/tyditiao.com\/product\/aluminape-nij-nivel-iii-20mm-2kg-pieptar-antiglont-insertie-balistica-250x300mm\/"},"modified":"2022-10-22T07:41:38","modified_gmt":"2022-10-22T05:41:38","slug":"alumina-nij-level-iii-20mm-2kg-napore-bulletproof-250x300mm","status":"publish","type":"product","link":"https:\/\/tyditiao.com\/ro\/produs\/alumina-nij-level-iii-20mm-2kg-napore-bulletproof-250x300mm\/","title":{"rendered":"Alumin\u0103+PE, NIJ Nivel III, 20MM, 2KG, pieptar antiglon\u021b, inser\u021bie balistic\u0103 250X300MM"},"content":{"rendered":"<p>Greutate: 2 kg<br \/>\nMaterial: Alumina+PE<br \/>\nGrosime: 20 mm<br \/>\nClasa de protectie: clasa NIJ III (GA5)<\/p>\n<p>Strat exterior: material poliester negru impermeabil;<br \/>\nDimensiuni: 250x300mm \/ 9.8&#8217;x11.8&#8242;<br \/>\nForma: Trapezoid (Plac\u0103 trapezoidal\u0103 cu col\u021buri te\u0219ite)<\/p>\n<p>Lista de ambalare:<br \/>\n1 x Plac\u0103 antiglon\u021b trapezoidal\u0103.<\/p>\n<p>\u00cen\u0219tiin\u021bare:<br \/>\nVesta reflectorizanta nu este inclusa<\/p>\n<p>Utilizatori \u021bint\u0103: For\u021bele armate, SWAT, securitatea intern\u0103, protec\u021bia vamal\u0103 \u0219i a frontierelor, controlul imigra\u021biei \u0219i al\u021bii care se confrunt\u0103 cu amenin\u021b\u0103rile cu armele pot fi echipa\u021bi cu produsele noastre. Oamenii ob\u021bin rezultate mai bune \u0219i mai pu\u021bine victime. Produsul este, de asemenea, mai potrivit pentru situa\u021bii precum misiuni la distan\u021b\u0103 lung\u0103 sau misiuni la distan\u021b\u0103 lung\u0103. Este, de asemenea, o alegere bun\u0103 pentru protec\u021bia propriei familii<\/p>\n<p>Inser\u021biile balistice sunt adesea folosite \u00een armuri sau veste tactice. Exist\u0103 dou\u0103 tipuri de cartu\u0219e antiglon\u021b: frontale \u0219i laterale. Panoul frontal protejeaz\u0103 pieptul \u0219i spatele, iar panourile laterale protejeaz\u0103 p\u0103r\u021bile laterale ale corpului. Te\u0219iturile protejeaz\u0103 de obicei partea din fa\u021b\u0103 a pieptului, iar p\u0103tratele protejeaz\u0103 spatele.<\/p>\n<p>Exist\u0103 patru tipuri de materiale pentru pl\u0103ci antiglon\u021b: o\u021bel antiglon\u021b, polietilen\u0103 PE, PE + alumin\u0103, PE + carbur\u0103 de siliciu.<\/p>\n<p>Inser\u021biile ceramice antiglon\u021b sunt de obicei realizate din materiale precum ceramic\u0103 \u0219i polietilen\u0103 PE. Regula este: c\u00e2nd un glon\u021b love\u0219te un cartu\u0219 antiglon\u021b, glon\u021bul love\u0219te mai \u00eent\u00e2i partea superioar\u0103 a stratului ceramic. For\u021ba uria\u0219\u0103 de impact a proiectilului este transmis\u0103 mediului, absorbind uria\u0219a energie cinetic\u0103 a proiectilului. C\u00e2nd proiectilul trece prin stratul ceramic, \u00ee\u0219i pierde cea mai mare parte a energiei cinetice. C\u00e2nd proiectilul ajunge la stratul de polietilen\u0103, polietilena disipeaz\u0103 energia cinetic\u0103 a proiectilului prin \u00eentinderea \u0219i \u00eenf\u0103\u0219urarea proiectilului \u0219i a fragmentelor, cu efect redus asupra corpului, oferind o protec\u021bie excelent\u0103.<\/p>\n","protected":false},"excerpt":{"rendered":"<p>La aceea\u0219i evaluare balistic\u0103, este mai u\u0219or dec\u00e2t o\u021belul \u0219i mai pu\u021bin costisitor dec\u00e2t carbura de siliciu, astfel \u00eenc\u00e2t balistica ceramic\u0103 cu alumin\u0103 este un echilibru bun.<\/p>\n<p>Stratul superior este realizat din material poliester rezistent la apa, iar panoul este impermeabil si rezistent la pete.<\/p>\n<p>Strat tampon: Fiecare plac\u0103 antiglon\u021b este ata\u0219at\u0103 la stratul interior al tamponului EVA rezistent la \u0219ocuri, ceea ce poate reduce eficient impactul asupra corpului uman dup\u0103 explozie<\/p>\n<p>Materialul pl\u0103cii: stratul superior este o plac\u0103 ceramic\u0103 din aluminiu, iar stratul inferior este o plac\u0103 antiglon\u021b din PE;<\/p>\n","protected":false},"featured_media":5319,"comment_status":"open","ping_status":"closed","template":"","meta":[],"product_brand":[],"product_cat":[224],"product_tag":[],"woo-feed-brand":[50],"class_list":{"0":"post-5691","1":"product","2":"type-product","3":"status-publish","4":"has-post-thumbnail","6":"product_cat-bulletproof-chest-plate-ro","7":"woo-feed-brand-tyditiao","9":"first","10":"instock","11":"sale","12":"shipping-taxable","13":"purchasable","14":"product-type-simple"},"_links":{"self":[{"href":"https:\/\/tyditiao.com\/ro\/wp-json\/wp\/v2\/product\/5691","targetHints":{"allow":["GET"]}}],"collection":[{"href":"https:\/\/tyditiao.com\/ro\/wp-json\/wp\/v2\/product"}],"about":[{"href":"https:\/\/tyditiao.com\/ro\/wp-json\/wp\/v2\/types\/product"}],"replies":[{"embeddable":true,"href":"https:\/\/tyditiao.com\/ro\/wp-json\/wp\/v2\/comments?post=5691"}],"wp:featuredmedia":[{"embeddable":true,"href":"https:\/\/tyditiao.com\/ro\/wp-json\/wp\/v2\/media\/5319"}],"wp:attachment":[{"href":"https:\/\/tyditiao.com\/ro\/wp-json\/wp\/v2\/media?parent=5691"}],"wp:term":[{"taxonomy":"product_brand","embeddable":true,"href":"https:\/\/tyditiao.com\/ro\/wp-json\/wp\/v2\/product_brand?post=5691"},{"taxonomy":"product_cat","embeddable":true,"href":"https:\/\/tyditiao.com\/ro\/wp-json\/wp\/v2\/product_cat?post=5691"},{"taxonomy":"product_tag","embeddable":true,"href":"https:\/\/tyditiao.com\/ro\/wp-json\/wp\/v2\/product_tag?post=5691"},{"taxonomy":"woo-feed-brand","embeddable":true,"href":"https:\/\/tyditiao.com\/ro\/wp-json\/wp\/v2\/woo-feed-brand?post=5691"}],"curies":[{"name":"wp","href":"https:\/\/api.w.org\/{rel}","templated":true}]}}