{"id":5693,"date":"2022-10-21T05:22:48","date_gmt":"2022-10-22T05:45:55","guid":{"rendered":"http:\/\/tyditiao.com\/product\/otel-antiglont-nij-iii-5mm-2-6kg-pieptar-antiglont-250x300mm\/"},"modified":"2022-10-22T07:45:55","modified_gmt":"2022-10-22T05:45:55","slug":"otel-antiglont-nij-level-iii-5mm-2-6kg-bustiera-antiglont-250x300mm","status":"publish","type":"product","link":"https:\/\/tyditiao.com\/ro\/produs\/otel-antiglont-nij-level-iii-5mm-2-6kg-bustiera-antiglont-250x300mm\/","title":{"rendered":"O\u021bel antiglon\u021b, NIJ III, 5MM, 2.6KG, pieptar antiglon\u021b, 250X300MM"},"content":{"rendered":"<p>Greutate: 2,6 kg<br \/>\nMaterial: o\u021bel antiglon\u021b;<br \/>\nGrosime: 5 mm<br \/>\nClasa de protectie: clasa NIJ III (GA5)<\/p>\n<p>Dimensiune: 25cm * 30cm<br \/>\nForma: Trapezoid (Plac\u0103 trapezoidal\u0103 cu col\u021buri te\u0219ite)<\/p>\n<p>Lista de ambalare:<br \/>\n1 x Plac\u0103 antiglon\u021b trapezoidal\u0103.<\/p>\n<p>\u00cen\u0219tiin\u021bare:<br \/>\nVesta reflectorizanta nu este inclusa<\/p>\n<p>Utilizatori: ap\u0103rarea familiei, personal legat de riscuri, ap\u0103rare valutar\u0103 bancar\u0103, personal militar str\u0103in, personal str\u0103in de conflict armat, personal de securitate, marinari, poli\u021bi\u0219ti de frontier\u0103 etc.<\/p>\n","protected":false},"excerpt":{"rendered":"<p>Realizat din tabla speciala de otel antiglont: acelasi nivel de protectie, cu avantajul de a fi subtire si usoara.<\/p>\n<p>Strat tampon: exist\u0103 un strat de tampon de bumbac EVA rezistent la \u0219ocuri \u00een interiorul fiec\u0103rei pl\u0103ci antiglon\u021b, care poate reduce eficient impactul asupra corpului uman dup\u0103 ce a fost bombardat<\/p>\n<p>Design cu arc dublu: c\u0103lcare mecanic\u0103 pe partea st\u00e2ng\u0103 \u0219i dreapt\u0103 a pl\u0103cii conform principiilor ergonomice, astfel \u00eenc\u00e2t marginea arcuit\u0103 s\u0103 se potriveasc\u0103 perfect corpului<\/p>\n<p>Aplica\u021bie: Pentru siguran\u021b\u0103, utiliza\u021bi-l cu veste tactice, jachete, rucsacuri balistice, diverse armuri etc.<\/p>\n","protected":false},"featured_media":5355,"comment_status":"open","ping_status":"closed","template":"","meta":[],"product_brand":[],"product_cat":[224],"product_tag":[],"woo-feed-brand":[50],"class_list":{"0":"post-5693","1":"product","2":"type-product","3":"status-publish","4":"has-post-thumbnail","6":"product_cat-bulletproof-chest-plate-ro","7":"woo-feed-brand-tyditiao","9":"first","10":"instock","11":"sale","12":"shipping-taxable","13":"purchasable","14":"product-type-simple"},"_links":{"self":[{"href":"https:\/\/tyditiao.com\/ro\/wp-json\/wp\/v2\/product\/5693","targetHints":{"allow":["GET"]}}],"collection":[{"href":"https:\/\/tyditiao.com\/ro\/wp-json\/wp\/v2\/product"}],"about":[{"href":"https:\/\/tyditiao.com\/ro\/wp-json\/wp\/v2\/types\/product"}],"replies":[{"embeddable":true,"href":"https:\/\/tyditiao.com\/ro\/wp-json\/wp\/v2\/comments?post=5693"}],"wp:featuredmedia":[{"embeddable":true,"href":"https:\/\/tyditiao.com\/ro\/wp-json\/wp\/v2\/media\/5355"}],"wp:attachment":[{"href":"https:\/\/tyditiao.com\/ro\/wp-json\/wp\/v2\/media?parent=5693"}],"wp:term":[{"taxonomy":"product_brand","embeddable":true,"href":"https:\/\/tyditiao.com\/ro\/wp-json\/wp\/v2\/product_brand?post=5693"},{"taxonomy":"product_cat","embeddable":true,"href":"https:\/\/tyditiao.com\/ro\/wp-json\/wp\/v2\/product_cat?post=5693"},{"taxonomy":"product_tag","embeddable":true,"href":"https:\/\/tyditiao.com\/ro\/wp-json\/wp\/v2\/product_tag?post=5693"},{"taxonomy":"woo-feed-brand","embeddable":true,"href":"https:\/\/tyditiao.com\/ro\/wp-json\/wp\/v2\/woo-feed-brand?post=5693"}],"curies":[{"name":"wp","href":"https:\/\/api.w.org\/{rel}","templated":true}]}}