{"id":5694,"date":"2022-10-21T05:25:40","date_gmt":"2022-10-21T03:25:40","guid":{"rendered":"http:\/\/tyditiao.com\/product\/uhmwpe-nij-nivel-iiia-7mm-0-5kg-placa-pentru-piept-antiglont-250x300mm\/"},"modified":"2026-01-25T18:08:09","modified_gmt":"2026-01-25T16:08:09","slug":"uhmwpe-nij-level-iiia-7mm-0-5kgn-pieptar-antiglont-250x300mm","status":"publish","type":"product","link":"https:\/\/tyditiao.com\/ro\/produs\/uhmwpe-nij-level-iiia-7mm-0-5kgn-pieptar-antiglont-250x300mm\/","title":{"rendered":"UHMWPE, NIJ Nivel IIIA, 7MM, 0.5KG, Plac\u0103 pentru piept antiglon\u021b, 250X300MM"},"content":{"rendered":"<p>Greutate: 0,5 kg<br \/>\nMaterial: PE<br \/>\nGrosime: 7 mm<br \/>\nClasa de protectie: nivel NIJ IIIA (GA4)<\/p>\n<p>Strat exterior: material poliester negru impermeabil;<br \/>\nDimensiuni: 250x300mm \/ 9.8&#8217;x11.8&#8242;<br \/>\nForma: Trapezoid (Plac\u0103 trapezoidal\u0103 cu col\u021buri te\u0219ite)<\/p>\n<p>Lista de ambalare:<br \/>\n1 x Plac\u0103 antiglon\u021b trapezoidal\u0103.<\/p>\n<p>\u00cen\u0219tiin\u021bare:<br \/>\nVesta reflectorizanta nu este inclusa<\/p>\n<p>Utilizatori \u021bint\u0103: For\u021bele armate, SWAT, securitatea intern\u0103, protec\u021bia vamal\u0103 \u0219i a frontierelor, controlul imigra\u021biei \u0219i al\u021bii care se confrunt\u0103 cu amenin\u021b\u0103rile cu armele pot fi echipa\u021bi cu produsele noastre. Oamenii ob\u021bin rezultate mai bune \u0219i mai pu\u021bine victime. Produsul este, de asemenea, mai potrivit pentru situa\u021bii precum misiuni la distan\u021b\u0103 lung\u0103 sau misiuni la distan\u021b\u0103 lung\u0103. Este, de asemenea, o alegere bun\u0103 pentru protec\u021bia propriei familii<\/p>\n","protected":false},"excerpt":{"rendered":"<p>Aceast\u0103 c\u0103ptu\u0219eal\u0103 este fabricat\u0103 din fibr\u0103 PE pur\u0103: avantajul este greutatea redus\u0103 \u0219i \u0219ansele mai mici de deteriorare secundar\u0103 dup\u0103 pr\u0103jire. Odat\u0103 blocat, proiectilul este \u00eencorporat \u00een lam\u0103 cu o probabilitate foarte mic\u0103 de rebound<\/p>\n<p>Plac\u0103 antiglon\u021b din PE pur, clasa NIJ IIIA: greutate 0,5 kg, rezistent\u0103 la plumb, tip 54, pistol tip 64, pistol mitralier\u0103 tip 79<\/p>\n<p>Strat tampon: exist\u0103 un strat de tampon de bumbac EVA rezistent la \u0219ocuri \u00een interiorul fiec\u0103rei pl\u0103ci antiglon\u021b, care poate reduce eficient impactul asupra corpului uman dup\u0103 ce a fost bombardat<\/p>\n<p>Design cu arc dublu: c\u0103lcare mecanic\u0103 pe partea st\u00e2ng\u0103 \u0219i dreapt\u0103 a pl\u0103cii conform principiilor ergonomice, astfel \u00eenc\u00e2t marginea arcuit\u0103 s\u0103 se potriveasc\u0103 perfect corpului<\/p>\n","protected":false},"featured_media":5463,"comment_status":"open","ping_status":"closed","template":"","meta":[],"product_brand":[],"product_cat":[224],"product_tag":[],"woo-feed-brand":[50],"class_list":{"0":"post-5694","1":"product","2":"type-product","3":"status-publish","4":"has-post-thumbnail","6":"product_cat-bulletproof-chest-plate-ro","7":"woo-feed-brand-tyditiao","9":"first","10":"instock","11":"sale","12":"shipping-taxable","13":"purchasable","14":"product-type-simple"},"_links":{"self":[{"href":"https:\/\/tyditiao.com\/ro\/wp-json\/wp\/v2\/product\/5694","targetHints":{"allow":["GET"]}}],"collection":[{"href":"https:\/\/tyditiao.com\/ro\/wp-json\/wp\/v2\/product"}],"about":[{"href":"https:\/\/tyditiao.com\/ro\/wp-json\/wp\/v2\/types\/product"}],"replies":[{"embeddable":true,"href":"https:\/\/tyditiao.com\/ro\/wp-json\/wp\/v2\/comments?post=5694"}],"wp:featuredmedia":[{"embeddable":true,"href":"https:\/\/tyditiao.com\/ro\/wp-json\/wp\/v2\/media\/5463"}],"wp:attachment":[{"href":"https:\/\/tyditiao.com\/ro\/wp-json\/wp\/v2\/media?parent=5694"}],"wp:term":[{"taxonomy":"product_brand","embeddable":true,"href":"https:\/\/tyditiao.com\/ro\/wp-json\/wp\/v2\/product_brand?post=5694"},{"taxonomy":"product_cat","embeddable":true,"href":"https:\/\/tyditiao.com\/ro\/wp-json\/wp\/v2\/product_cat?post=5694"},{"taxonomy":"product_tag","embeddable":true,"href":"https:\/\/tyditiao.com\/ro\/wp-json\/wp\/v2\/product_tag?post=5694"},{"taxonomy":"woo-feed-brand","embeddable":true,"href":"https:\/\/tyditiao.com\/ro\/wp-json\/wp\/v2\/woo-feed-brand?post=5694"}],"curies":[{"name":"wp","href":"https:\/\/api.w.org\/{rel}","templated":true}]}}