{"id":6049,"date":"2023-01-16T12:36:49","date_gmt":"2023-01-16T10:36:49","guid":{"rendered":"http:\/\/tyditiao.com\/product\/armura-pentru-corp-ascunsa-vesta-antiglont-cu-nivel-de-protectie-nij-iiia-echipament-personal-de-siguranta-in-aer-liber\/"},"modified":"2025-03-17T11:39:55","modified_gmt":"2025-03-17T09:39:55","slug":"vesta-antiglont-ascunsabila-vesta-antiglont-cu-ni-iiia-nivel-de-protectie-echipament-de-securitate-personala-in-aer-liber","status":"publish","type":"product","link":"https:\/\/tyditiao.com\/ro\/produs\/vesta-antiglont-ascunsabila-vesta-antiglont-cu-ni-iiia-nivel-de-protectie-echipament-de-securitate-personala-in-aer-liber\/","title":{"rendered":"Armura pentru corp ascuns\u0103, vest\u0103 antiglon\u021b cu nivel de protec\u021bie NIJ IIIA, echipament personal de siguran\u021b\u0103 \u00een aer liber"},"content":{"rendered":"<p>Material: material PE ultra-\u00eenalt polimeric, care poate rezista la mai multe lovituri, p\u0103str\u00e2nd \u00een acela\u0219i timp flexibilitatea. Are u\u0219urin\u021b\u0103, moliciune, confort, rezisten\u021b\u0103 excelent\u0103 la UV, sensibilitate sc\u0103zut\u0103 la umiditate \u0219i rezisten\u021b\u0103 la ap\u0103.<\/p>\n<p>Grad de protec\u021bie: protec\u021bie NIJ IIIA pe fa\u021b\u0103 \u0219i spate<\/p>\n<p>Gloan\u021be blocabile:<br \/>\n.44 Magnum<br \/>\n.40 S&amp;W, .357 Magnum, .45<br \/>\npistol-mitralier\u0103 9mm<br \/>\nGloan\u021be semi-jacketed holow point (SJHP)<br \/>\nCalibrare cu proiectil metalic complet Glon\u021b complet placat cu metal de 9 mm cu o mas\u0103 nominal\u0103 de 8,0 g (124 g) \u0219i o vitez\u0103 de impact de 426 m\/s (1.400 ft\/s) sau mai pu\u021bin<br \/>\nDe asemenea, ofer\u0103 protec\u021bie \u00eempotriva majorit\u0103\u021bii amenin\u021b\u0103rilor cu armele de m\u00e2n\u0103, precum \u0219i a amenin\u021b\u0103rilor de clas\u0103 IIA \u0219i II<\/p>\n<p>Culoare: Negru<br \/>\nGen: Unisex<br \/>\nTip \u00eembr\u0103c\u0103minte: vest\u0103, top<br \/>\nTip m\u00e2nec\u0103: f\u0103r\u0103 m\u00e2neci<br \/>\nFunc\u021bie: antiglon\u021b<br \/>\nmarime: marime unica<br \/>\nGreutate: 2,5 kg<br \/>\nSp\u0103lare: c\u0103ptu\u0219eala interioar\u0103 \u0219i \u00eembr\u0103c\u0103mintea exterioar\u0103 pot fi separate, stratul interior antiglon\u021b nu poate fi sp\u0103lat, doar cur\u0103\u021ba\u021bi stratul exterior<\/p>\n<p>Pachet: 1 x vest\u0103 antiglon\u021b (NIJ IIIA)<\/p>\n","protected":false},"excerpt":{"rendered":"<p>Moale \u0219i u\u0219or: flexibil, confortabil de purtat, practic nu afecteaz\u0103 corpul uman s\u0103 alerge sau s\u0103 se ghemuiasc\u0103<\/p>\n<p>Ascundere excelent\u0103: reglabil \u00een 4 puncte diferite cu curele velcro pentru ascunderea u\u0219oar\u0103 sub haine<\/p>\n<p>Protec\u021bie NIJ IIIA: cel mai \u00eenalt nivel de protec\u021bie disponibil \u00een prezent pentru vestele antiglon\u021b<\/p>\n<p>Performan\u021b\u0103 bun\u0103 de expansiune: buzunarele din fa\u021b\u0103 \u0219i din spate pot fi ata\u0219ate cu pl\u0103ci de o\u021bel antiglon\u021b pentru a oferi protec\u021bie suplimentar\u0103 \u00een func\u021bie de propriile nevoi<\/p>\n<p>Persoane aplicabile: jurnali\u0219tii \u0219i personalul militar c\u0103l\u0103toresc prin zone sf\u00e2\u0219iate de r\u0103zboi \u0219i pot fi, de asemenea, utiliza\u021bi pentru ap\u0103rarea casei pentru a-\u0219i proteja propria siguran\u021b\u0103 \u0219i corpul de gloan\u021be \u0219i resturi<\/p>\n","protected":false},"featured_media":6029,"comment_status":"open","ping_status":"closed","template":"","meta":[],"product_brand":[],"product_cat":[223],"product_tag":[],"woo-feed-brand":[50],"class_list":{"0":"post-6049","1":"product","2":"type-product","3":"status-publish","4":"has-post-thumbnail","6":"product_cat-tactical-vest-ro","7":"woo-feed-brand-tyditiao","9":"first","10":"instock","11":"sale","12":"shipping-taxable","13":"purchasable","14":"product-type-simple"},"_links":{"self":[{"href":"https:\/\/tyditiao.com\/ro\/wp-json\/wp\/v2\/product\/6049","targetHints":{"allow":["GET"]}}],"collection":[{"href":"https:\/\/tyditiao.com\/ro\/wp-json\/wp\/v2\/product"}],"about":[{"href":"https:\/\/tyditiao.com\/ro\/wp-json\/wp\/v2\/types\/product"}],"replies":[{"embeddable":true,"href":"https:\/\/tyditiao.com\/ro\/wp-json\/wp\/v2\/comments?post=6049"}],"wp:featuredmedia":[{"embeddable":true,"href":"https:\/\/tyditiao.com\/ro\/wp-json\/wp\/v2\/media\/6029"}],"wp:attachment":[{"href":"https:\/\/tyditiao.com\/ro\/wp-json\/wp\/v2\/media?parent=6049"}],"wp:term":[{"taxonomy":"product_brand","embeddable":true,"href":"https:\/\/tyditiao.com\/ro\/wp-json\/wp\/v2\/product_brand?post=6049"},{"taxonomy":"product_cat","embeddable":true,"href":"https:\/\/tyditiao.com\/ro\/wp-json\/wp\/v2\/product_cat?post=6049"},{"taxonomy":"product_tag","embeddable":true,"href":"https:\/\/tyditiao.com\/ro\/wp-json\/wp\/v2\/product_tag?post=6049"},{"taxonomy":"woo-feed-brand","embeddable":true,"href":"https:\/\/tyditiao.com\/ro\/wp-json\/wp\/v2\/woo-feed-brand?post=6049"}],"curies":[{"name":"wp","href":"https:\/\/api.w.org\/{rel}","templated":true}]}}