{"id":7211,"date":"2023-03-05T03:22:19","date_gmt":"2023-03-05T04:58:56","guid":{"rendered":"http:\/\/tyditiao.com\/product\/casca-balistica-mich2000-casca-balistica-tactica-3a-dimensiune-speciala-culoare-personalizata-link-de-cumparare-dedicat\/"},"modified":"2023-04-20T12:41:23","modified_gmt":"2023-04-20T10:41:23","slug":"mich2000-casca-antiglont-3a-casca-tactica-balistica-dimensiune-speciala-culoare-personalizata-link-dedicat-cumparare","status":"publish","type":"product","link":"https:\/\/tyditiao.com\/ro\/produs\/mich2000-casca-antiglont-3a-casca-tactica-balistica-dimensiune-speciala-culoare-personalizata-link-dedicat-cumparare\/","title":{"rendered":"Casc\u0103 balistic\u0103 Mich2000, Casc\u0103 balistic\u0103 tactic\u0103 3A, dimensiune special\u0103, culoare personalizat\u0103, link de cump\u0103rare dedicat"},"content":{"rendered":"<p><strong>Despre dimensiunea c\u0103\u0219tii Mich2000:<\/strong> Am ad\u0103ugat matri\u021be de produc\u021bie mici \u0219i mari pentru aceast\u0103 casc\u0103 balistic\u0103 tactic\u0103 Mich 3A pentru a satisface utilizatorii cu nevoi diferite. M\u0103rimea M este o m\u0103rime obi\u0219nuit\u0103 \u0219i se potrive\u0219te majorit\u0103\u021bii oamenilor. Dac\u0103 crede\u021bi c\u0103 dimensiunea mic\u0103 poate satisface mai bine propriile cerin\u021be sau obiceiuri de purtare, v\u0103 rug\u0103m s\u0103 alege\u021bi dimensiunea mic\u0103, \u00een caz contrar alege\u021bi dimensiunea mare.<\/p>\n<p><strong>Despre culoarea c\u0103\u0219tii antiglon\u021b Mich2000:<\/strong> casca antiglon\u021b tactic\u0103 Mich 3A, producem \u00een principal trei culori: negru, maro deschis \u0219i verde. Dar, \u00een acela\u0219i timp, avem capacitatea de a produce orice culoare sau diferite modele de camuflaj specificate de clien\u021bi, cum ar fi camuflaj de p\u0103dure, camuflaj de jungl\u0103, camuflaj de de\u0219ert, camuflaj marin \u0219i camuflaj urban etc. Dac\u0103 inten\u021biona\u021bi s\u0103 comanda\u021bi mai mult de 10 c\u0103\u0219ti, v\u0103 rug\u0103m s\u0103 ne contacta\u021bi, ve\u021bi primi gratuit acest serviciu personalizat de culoare, trebuie doar s\u0103 ne trimite\u021bi modelul de culoare dorit.<\/p>\n<p>Casc\u0103 MICH2000 Casc\u0103 antiglon\u021b: 0101.06 standard IIIA nivel<\/p>\n<p>Material: Fibr\u0103 Aramid\u0103 Kevlar-Dupont de \u00eenalt\u0103 tenacitate<\/p>\n<p>Casca balistic\u0103 MICH2000 are o suprafa\u021b\u0103 de protec\u021bie mai mare \u0219i un design decoltat care acoper\u0103 mai bine p\u0103r\u021bile laterale ale capului, ceea ce este \u0219i mai benefic dac\u0103 nu inten\u021biona\u021bi s\u0103 monta\u021bi o mul\u021bime de accesorii.<\/p>\n<p>Sistemul de ata\u0219are \u00een patru puncte al c\u0103\u0219tii balistice Mich2000 este similar cu protec\u021bia \u0219i curelele g\u0103site pe c\u0103\u0219tile de skateboard \u0219i biciclete.<\/p>\n","protected":false},"excerpt":{"rendered":"<p>Despre dimensiunea c\u0103\u0219tii Mich2000: Am ad\u0103ugat matri\u021be de produc\u021bie mici \u0219i mari pentru aceast\u0103 casc\u0103 balistic\u0103 tactic\u0103 Mich 3A pentru&#8230;<\/p>\n","protected":false},"featured_media":4277,"comment_status":"open","ping_status":"closed","template":"","meta":[],"product_brand":[],"product_cat":[352,160],"product_tag":[],"woo-feed-brand":[],"class_list":{"0":"post-7211","1":"product","2":"type-product","3":"status-publish","4":"has-post-thumbnail","6":"product_cat-casca-antiglont","7":"product_cat-mich2000-ro","9":"first","10":"instock","11":"sale","12":"shipping-taxable","13":"purchasable","14":"product-type-variable","15":"has-default-attributes"},"_links":{"self":[{"href":"https:\/\/tyditiao.com\/ro\/wp-json\/wp\/v2\/product\/7211","targetHints":{"allow":["GET"]}}],"collection":[{"href":"https:\/\/tyditiao.com\/ro\/wp-json\/wp\/v2\/product"}],"about":[{"href":"https:\/\/tyditiao.com\/ro\/wp-json\/wp\/v2\/types\/product"}],"replies":[{"embeddable":true,"href":"https:\/\/tyditiao.com\/ro\/wp-json\/wp\/v2\/comments?post=7211"}],"wp:featuredmedia":[{"embeddable":true,"href":"https:\/\/tyditiao.com\/ro\/wp-json\/wp\/v2\/media\/4277"}],"wp:attachment":[{"href":"https:\/\/tyditiao.com\/ro\/wp-json\/wp\/v2\/media?parent=7211"}],"wp:term":[{"taxonomy":"product_brand","embeddable":true,"href":"https:\/\/tyditiao.com\/ro\/wp-json\/wp\/v2\/product_brand?post=7211"},{"taxonomy":"product_cat","embeddable":true,"href":"https:\/\/tyditiao.com\/ro\/wp-json\/wp\/v2\/product_cat?post=7211"},{"taxonomy":"product_tag","embeddable":true,"href":"https:\/\/tyditiao.com\/ro\/wp-json\/wp\/v2\/product_tag?post=7211"},{"taxonomy":"woo-feed-brand","embeddable":true,"href":"https:\/\/tyditiao.com\/ro\/wp-json\/wp\/v2\/woo-feed-brand?post=7211"}],"curies":[{"name":"wp","href":"https:\/\/api.w.org\/{rel}","templated":true}]}}