{"id":7221,"date":"2023-03-05T03:17:44","date_gmt":"2023-03-05T05:00:49","guid":{"rendered":"http:\/\/tyditiao.com\/product\/casca-antiglont-fast-casca-antiglont-usoara-nij-iiia-dimensiune-speciala-culoare-personalizata-link-special-de-cumparare\/"},"modified":"2023-03-05T07:00:49","modified_gmt":"2023-03-05T05:00:49","slug":"carma-rapida-antiglont-nij-iiia-carma-balistica-luminoasa-dimensiune-speciala-culoare-personalizata-link-de-achizitie-dedicat","status":"publish","type":"product","link":"https:\/\/tyditiao.com\/ro\/produs\/carma-rapida-antiglont-nij-iiia-carma-balistica-luminoasa-dimensiune-speciala-culoare-personalizata-link-de-achizitie-dedicat\/","title":{"rendered":"Casc\u0103 antiglon\u021b FAST, casc\u0103 antiglon\u021b u\u0219oar\u0103 NIJ IIIA, dimensiune special\u0103, culoare personalizat\u0103, link special de cump\u0103rare"},"content":{"rendered":"<p><strong>Dimensiunea c\u0103\u0219tii antiglon\u021b FAST:<\/strong> am ad\u0103ugat matri\u021be de produc\u021bie mici \u0219i mari pentru casca antiglon\u021b u\u0219oar\u0103 FAST pentru a satisface utilizatorii cu nevoi diferite. M este o m\u0103rime obi\u0219nuit\u0103 \u0219i se potrive\u0219te majorit\u0103\u021bii oamenilor. Dac\u0103 crede\u021bi c\u0103 m\u0103rimea mic\u0103 v\u0103 poate satisface cerin\u021bele sau obiceiurile de purtare, v\u0103 rug\u0103m s\u0103 alege\u021bi m\u0103rimea S, \u00een caz contrar alege\u021bi m\u0103rimea L.<\/p>\n<p><strong>Culorile c\u0103\u0219tilor antiglon\u021b Fast Light:<\/strong> Culorile c\u0103\u0219tilor antiglon\u021b Fast Light pe care le producem sunt \u00een principal negru, maro deschis \u0219i verde. Dar, \u00een acela\u0219i timp, suntem capabili s\u0103 realiz\u0103m culori specificate de client sau diverse modele de camuflaj, cum ar fi camuflaj de p\u0103dure, camuflaj de jungl\u0103, camuflaj de de\u0219ert, camuflaj de ocean \u0219i camuflaj urban. Dac\u0103 inten\u021biona\u021bi s\u0103 comanda\u021bi mai mult de 10 c\u0103\u0219ti, v\u0103 rug\u0103m s\u0103 ne contacta\u021bi, ve\u021bi primi gratuit acest serviciu personalizat de culoare, trebuie doar s\u0103 ne trimite\u021bi modelul de culoare dorit.<\/p>\n<p>Nivel de casc\u0103 dubl\u0103 FAST antiglon\u021b: 0101.06 standard IIIA nivel<\/p>\n<p>Material: Fibr\u0103 Aramid\u0103 Kevlar-Dupont de \u00eenalt\u0103 tenacitate<\/p>\n<p>\u00cen compara\u021bie cu c\u0103\u0219tile militare obi\u0219nuite, c\u0103\u0219tile FAST sunt cu 25% mai u\u0219oare. Cu sistemul de suspendare a c\u0103\u0219tii, utilizatorii pot regla cu u\u0219urin\u021b\u0103 etan\u0219eitatea sau etan\u0219eitatea c\u0103\u0219tii prin rotirea unui buton pentru un confort optim.<\/p>\n","protected":false},"excerpt":{"rendered":"<p>Dimensiunea c\u0103\u0219tii antiglon\u021b FAST: am ad\u0103ugat matri\u021be de produc\u021bie mici \u0219i mari pentru casca antiglon\u021b u\u0219oar\u0103 FAST pentru a satisface&#8230;<\/p>\n","protected":false},"featured_media":4389,"comment_status":"open","ping_status":"closed","template":"","meta":[],"product_brand":[],"product_cat":[352,153],"product_tag":[],"woo-feed-brand":[],"class_list":{"0":"post-7221","1":"product","2":"type-product","3":"status-publish","4":"has-post-thumbnail","6":"product_cat-casca-antiglont","7":"product_cat-fast-ro","9":"first","10":"instock","11":"sale","12":"shipping-taxable","13":"purchasable","14":"product-type-variable","15":"has-default-attributes"},"_links":{"self":[{"href":"https:\/\/tyditiao.com\/ro\/wp-json\/wp\/v2\/product\/7221","targetHints":{"allow":["GET"]}}],"collection":[{"href":"https:\/\/tyditiao.com\/ro\/wp-json\/wp\/v2\/product"}],"about":[{"href":"https:\/\/tyditiao.com\/ro\/wp-json\/wp\/v2\/types\/product"}],"replies":[{"embeddable":true,"href":"https:\/\/tyditiao.com\/ro\/wp-json\/wp\/v2\/comments?post=7221"}],"wp:featuredmedia":[{"embeddable":true,"href":"https:\/\/tyditiao.com\/ro\/wp-json\/wp\/v2\/media\/4389"}],"wp:attachment":[{"href":"https:\/\/tyditiao.com\/ro\/wp-json\/wp\/v2\/media?parent=7221"}],"wp:term":[{"taxonomy":"product_brand","embeddable":true,"href":"https:\/\/tyditiao.com\/ro\/wp-json\/wp\/v2\/product_brand?post=7221"},{"taxonomy":"product_cat","embeddable":true,"href":"https:\/\/tyditiao.com\/ro\/wp-json\/wp\/v2\/product_cat?post=7221"},{"taxonomy":"product_tag","embeddable":true,"href":"https:\/\/tyditiao.com\/ro\/wp-json\/wp\/v2\/product_tag?post=7221"},{"taxonomy":"woo-feed-brand","embeddable":true,"href":"https:\/\/tyditiao.com\/ro\/wp-json\/wp\/v2\/woo-feed-brand?post=7221"}],"curies":[{"name":"wp","href":"https:\/\/api.w.org\/{rel}","templated":true}]}}