{"id":7296,"date":"2023-03-05T02:51:52","date_gmt":"2023-03-05T12:55:43","guid":{"rendered":"http:\/\/tyditiao.com\/product\/piele-exterioara-de-aramida-miez-interior-din-nailon-franghie-statica-franghie-de-siguranta-pentru-alpinism-in-aer-liber-68105-10-m\/"},"modified":"2023-03-05T14:55:43","modified_gmt":"2023-03-05T12:55:43","slug":"kevlar-exterior-scoranylon-miez-static-coarda-de-siguranta-exterior-68105-10m","status":"publish","type":"product","link":"https:\/\/tyditiao.com\/ro\/produs\/kevlar-exterior-scoranylon-miez-static-coarda-de-siguranta-exterior-68105-10m\/","title":{"rendered":"Piele exterioar\u0103 de aramid\u0103 + miez interior din nailon fr\u00e2nghie static\u0103 fr\u00e2nghie de siguran\u021b\u0103 pentru alpinism \u00een aer liber 6,8,10,5 (10 m)"},"content":{"rendered":"<p>Dac\u0103 trebuie s\u0103 cump\u0103ra\u021bi o fr\u00e2nghie mai lung\u0103, cum ar fi 80 de metri, v\u0103 rug\u0103m s\u0103 cump\u0103ra\u021bi 8*10 metri de fr\u00e2nghie \u0219i apoi l\u0103sa\u021bi un mesaj v\u00e2nz\u0103torului c\u0103 ave\u021bi nevoie de o fr\u00e2nghie \u00eentreag\u0103 de 80 de metri.<\/p>\n<p><strong>Despre carabiniere de la ambele capete ale fr\u00e2nghiei statice:<\/strong> Dac\u0103 lungimea fr\u00e2nghiei pe care a\u021bi achizi\u021bionat-o dep\u0103\u0219e\u0219te 10 metri, v\u0103 vom oferi dou\u0103 carabiniere marcate \u00een imagine. Po\u021bi alege s\u0103-l montezi la ambele capete ale fr\u00e2nghiei, sau nu este nevoie s\u0103-l montezi \u0219i s\u0103-l trimi\u021bi cu fr\u00e2nghia \u00een pachet, trebuie doar s\u0103 ne la\u0219i o not\u0103 \u0219i s\u0103 ne spui decizia ta<\/p>\n<p>Nume produs: Fibr\u0103 de aramid\u0103 + fr\u00e2nghie static\u0103 de nailon<br \/>\nCuloare: Culoare a\u0219a cum se arat\u0103 \u00een imagine<br \/>\nDiametru: 6mm 8mm 10mm<br \/>\nGreutate net\u0103 (\u00b15%): 6mm (27g\/m) 8mm (42g\/m) 10mm (65g\/m)<br \/>\nFor\u021b\u0103 de tragere: 6 mm(7KN\/700KG) 8mm(16KN\/1600KG) 10mm(36KN\/3600KG)<br \/>\nMaterial de aspect: aramid<br \/>\nMaterial principal: nailon<br \/>\nCertificare: CE EN1891:1998<br \/>\nMultifunc\u021bional: alpinism, telescop, stingere incendii, lucru la \u00een\u0103l\u021bime, macarale etc.<\/p>\n","protected":false},"excerpt":{"rendered":"<p>Dac\u0103 trebuie s\u0103 cump\u0103ra\u021bi o fr\u00e2nghie mai lung\u0103, cum ar fi 80 de metri, v\u0103 rug\u0103m s\u0103 cump\u0103ra\u021bi 8*10 metri&#8230;<\/p>\n","protected":false},"featured_media":6483,"comment_status":"open","ping_status":"closed","template":"","meta":[],"product_brand":[],"product_cat":[363],"product_tag":[],"woo-feed-brand":[50],"class_list":{"0":"post-7296","1":"product","2":"type-product","3":"status-publish","4":"has-post-thumbnail","6":"product_cat-franghie-de-siguranta","7":"woo-feed-brand-tyditiao","9":"first","10":"instock","11":"shipping-taxable","12":"purchasable","13":"product-type-variable","14":"has-default-attributes"},"_links":{"self":[{"href":"https:\/\/tyditiao.com\/ro\/wp-json\/wp\/v2\/product\/7296","targetHints":{"allow":["GET"]}}],"collection":[{"href":"https:\/\/tyditiao.com\/ro\/wp-json\/wp\/v2\/product"}],"about":[{"href":"https:\/\/tyditiao.com\/ro\/wp-json\/wp\/v2\/types\/product"}],"replies":[{"embeddable":true,"href":"https:\/\/tyditiao.com\/ro\/wp-json\/wp\/v2\/comments?post=7296"}],"wp:featuredmedia":[{"embeddable":true,"href":"https:\/\/tyditiao.com\/ro\/wp-json\/wp\/v2\/media\/6483"}],"wp:attachment":[{"href":"https:\/\/tyditiao.com\/ro\/wp-json\/wp\/v2\/media?parent=7296"}],"wp:term":[{"taxonomy":"product_brand","embeddable":true,"href":"https:\/\/tyditiao.com\/ro\/wp-json\/wp\/v2\/product_brand?post=7296"},{"taxonomy":"product_cat","embeddable":true,"href":"https:\/\/tyditiao.com\/ro\/wp-json\/wp\/v2\/product_cat?post=7296"},{"taxonomy":"product_tag","embeddable":true,"href":"https:\/\/tyditiao.com\/ro\/wp-json\/wp\/v2\/product_tag?post=7296"},{"taxonomy":"woo-feed-brand","embeddable":true,"href":"https:\/\/tyditiao.com\/ro\/wp-json\/wp\/v2\/woo-feed-brand?post=7296"}],"curies":[{"name":"wp","href":"https:\/\/api.w.org\/{rel}","templated":true}]}}