{"id":7300,"date":"2023-03-05T03:08:59","date_gmt":"2023-03-05T12:59:05","guid":{"rendered":"http:\/\/tyditiao.com\/product\/franghie-statica-plina-de-kevlar-franghie-pentru-catarare-cu-parasuta-franghie-de-siguranta-impotriva-incendiilor-8-105-mm-10-m\/"},"modified":"2023-03-05T14:59:05","modified_gmt":"2023-03-05T12:59:05","slug":"franghie-pentru-umbrela-de-siguranta-la-incendiu-pentru-catarare-kevlar-complet-electrostatica-8-105-mm-10m","status":"publish","type":"product","link":"https:\/\/tyditiao.com\/ro\/produs\/franghie-pentru-umbrela-de-siguranta-la-incendiu-pentru-catarare-kevlar-complet-electrostatica-8-105-mm-10m\/","title":{"rendered":"Fr\u00e2nghie static\u0103 plin\u0103 de Kevlar, fr\u00e2nghie pentru c\u0103\u021b\u0103rare cu para\u0219ut\u0103, fr\u00e2nghie de siguran\u021b\u0103 \u00eempotriva incendiilor, 8, 10,5 mm (10 m)"},"content":{"rendered":"<p>Dac\u0103 dori\u021bi s\u0103 cump\u0103ra\u021bi o fr\u00e2nghie mai lung\u0103, cum ar fi 50 de metri, v\u0103 rug\u0103m s\u0103 cump\u0103ra\u021bi 5*10 metri de fr\u00e2nghie \u0219i apoi l\u0103sa\u021bi un mesaj v\u00e2nz\u0103torului c\u0103 ave\u021bi nevoie de o fr\u00e2nghie \u00eentreag\u0103 de 50 de metri.<\/p>\n<p><strong>Despre carabiniere:<\/strong> Dac\u0103 cump\u0103ra\u021bi fr\u00e2nghia cu o lungime mai mare de 10 metri, v\u0103 vom oferi dou\u0103 carabiniere a\u0219a cum este marcat \u00een imagine. \u00cel po\u021bi instala la ambele capete ale fr\u00e2nghiei, sau \u00eel po\u021bi l\u0103sa singur \u0219i este inclus \u00een pachet. Doar trimite-ne un r\u00e2nd \u0219i spune-ne decizia ta<\/p>\n<p>Nume produs: fr\u00e2nghie static\u0103 complet Kevlar<br \/>\nMaterial: Kevlar<br \/>\nCuloare: Culoare a\u0219a cum se arat\u0103 \u00een imagine<br \/>\nDiametru: 10,5 mm, 8 mm<br \/>\nGreutate net\u0103 (\u00b15%): 10,5 mm (75 g\/m) 8 mm (43 g\/m)<br \/>\nFor\u021ba de tragere: 10,5 mm (40 kN\/4000 kg) 8 mm (28 kN\/2800 kg)<br \/>\nCertificare: CE EN1891:1998<br \/>\nCaracteristici: rezisten\u021b\u0103 ridicat\u0103, rezisten\u021b\u0103 la temperaturi ridicate, duritate bun\u0103, rezisten\u021b\u0103 puternic\u0103 la rupere<br \/>\nMultifunc\u021bional: alpinism, expansiune, stingerea incendiilor, lucr\u0103ri aeriene, speologie, ag\u0103\u021bat etc.<\/p>\n<p>Memento prietenos: atunci c\u00e2nd lucra\u021bi sau juca\u021bi la \u00een\u0103l\u021bime, v\u0103 rug\u0103m s\u0103 verifica\u021bi \u0219i s\u0103 v\u0103 \u00eentre\u021bine\u021bi echipamentul pentru a evita pericolul cauzat de utilizarea gre\u0219it\u0103<\/p>\n","protected":false},"excerpt":{"rendered":"<p>Dac\u0103 dori\u021bi s\u0103 cump\u0103ra\u021bi o fr\u00e2nghie mai lung\u0103, cum ar fi 50 de metri, v\u0103 rug\u0103m s\u0103 cump\u0103ra\u021bi 5*10 metri&#8230;<\/p>\n","protected":false},"featured_media":6501,"comment_status":"open","ping_status":"closed","template":"","meta":[],"product_brand":[],"product_cat":[363],"product_tag":[],"woo-feed-brand":[],"class_list":{"0":"post-7300","1":"product","2":"type-product","3":"status-publish","4":"has-post-thumbnail","6":"product_cat-franghie-de-siguranta","8":"first","9":"instock","10":"shipping-taxable","11":"purchasable","12":"product-type-variable","13":"has-default-attributes"},"_links":{"self":[{"href":"https:\/\/tyditiao.com\/ro\/wp-json\/wp\/v2\/product\/7300","targetHints":{"allow":["GET"]}}],"collection":[{"href":"https:\/\/tyditiao.com\/ro\/wp-json\/wp\/v2\/product"}],"about":[{"href":"https:\/\/tyditiao.com\/ro\/wp-json\/wp\/v2\/types\/product"}],"replies":[{"embeddable":true,"href":"https:\/\/tyditiao.com\/ro\/wp-json\/wp\/v2\/comments?post=7300"}],"wp:featuredmedia":[{"embeddable":true,"href":"https:\/\/tyditiao.com\/ro\/wp-json\/wp\/v2\/media\/6501"}],"wp:attachment":[{"href":"https:\/\/tyditiao.com\/ro\/wp-json\/wp\/v2\/media?parent=7300"}],"wp:term":[{"taxonomy":"product_brand","embeddable":true,"href":"https:\/\/tyditiao.com\/ro\/wp-json\/wp\/v2\/product_brand?post=7300"},{"taxonomy":"product_cat","embeddable":true,"href":"https:\/\/tyditiao.com\/ro\/wp-json\/wp\/v2\/product_cat?post=7300"},{"taxonomy":"product_tag","embeddable":true,"href":"https:\/\/tyditiao.com\/ro\/wp-json\/wp\/v2\/product_tag?post=7300"},{"taxonomy":"woo-feed-brand","embeddable":true,"href":"https:\/\/tyditiao.com\/ro\/wp-json\/wp\/v2\/woo-feed-brand?post=7300"}],"curies":[{"name":"wp","href":"https:\/\/api.w.org\/{rel}","templated":true}]}}