{"id":12916,"date":"2023-05-22T09:24:58","date_gmt":"2023-05-22T07:24:58","guid":{"rendered":"http:\/\/tyditiao.com\/politika-zasebnosti\/"},"modified":"2023-05-22T09:24:59","modified_gmt":"2023-05-22T07:24:59","slug":"politika-zasebnosti","status":"publish","type":"page","link":"https:\/\/tyditiao.com\/sl\/politika-zasebnosti\/","title":{"rendered":"Politika zasebnosti"},"content":{"rendered":"<h2>Kdo smo<\/h2>\n<p>Naslov na\u0161ega spletnega mesta je: http:\/\/tyditiao.com.<\/p>\n<h2>Komentarji<\/h2>\n<p>Ko obiskovalci pustijo komentarje na spletnem mestu, zberemo podatke, prikazane v obrazcu za komentarje, ter tudi naslov IP obiskovalca in niz uporabni\u0161kega agenta brskalnika za pomo\u010d pri odkrivanju ne\u017eelene po\u0161te.<\/p>\n<p>Anonimiziran niz, ustvarjen iz va\u0161ega e-po\u0161tnega naslova (imenovan tudi zgo\u0161\u010dena vrednost), se lahko posreduje storitvi Gravatar, da preveri, ali ga uporabljate. Politika zasebnosti storitve Gravatar je na voljo tukaj: https:\/\/automattic.com\/privacy\/. Po odobritvi va\u0161ega komentarja je va\u0161a profilna slika vidna javnosti v kontekstu va\u0161ega komentarja.<\/p>\n<h2>Mediji<\/h2>\n<p>\u010ce na spletno mesto nalagate slike, se izogibajte nalaganju slik z vklju\u010denimi vdelanimi podatki o lokaciji (EXIF GPS). Obiskovalci spletnega mesta lahko prenesejo in izvle\u010dejo podatke o lokaciji iz slik na spletnem mestu.<\/p>\n<h2>Pi\u0161kotki<\/h2>\n<p>\u010ce pustite komentar na na\u0161em spletnem mestu, se lahko odlo\u010dite za shranjevanje va\u0161ega imena, e-po\u0161tnega naslova in spletnega mesta v pi\u0161kotkih. To je za va\u0161e udobje, tako da vam ni treba znova vna\u0161ati svojih podatkov, ko pustite nov komentar. Ti pi\u0161kotki bodo trajali eno leto.<\/p>\n<p>\u010ce obi\u0161\u010dete na\u0161o prijavno stran, bomo nastavili za\u010dasen pi\u0161kotek, da ugotovimo, ali va\u0161 brskalnik sprejema pi\u0161kotke. Ta pi\u0161kotek ne vsebuje osebnih podatkov in se zavr\u017ee, ko zaprete brskalnik.<\/p>\n<p>Ko se prijavite, bomo nastavili tudi ve\u010d pi\u0161kotkov, da shranimo va\u0161e podatke za prijavo in va\u0161e izbire zaslona. Pi\u0161kotki za prijavo trajajo dva dni, pi\u0161kotki z mo\u017enostmi zaslona pa eno leto. \u010ce izberete &#8220;Zapomni si me&#8221;, se bo va\u0161a prijava ohranila dva tedna. \u010ce se odjavite iz svojega ra\u010duna, bodo prijavni pi\u0161kotki odstranjeni.<\/p>\n<p>\u010ce uredite ali objavite \u010dlanek, se bo v va\u0161 brskalnik shranil dodaten pi\u0161kotek. Ta pi\u0161kotek ne vklju\u010duje nobenih osebnih podatkov in samo ozna\u010duje ID objave \u010dlanka, ki ste ga pravkar uredili. Pote\u010de po 1 dnevu.<\/p>\n<h2>Vdelana vsebina z drugih spletnih mest<\/h2>\n<p>\u010clanki na tem spletnem mestu lahko vklju\u010dujejo vdelano vsebino (npr. videe, slike, \u010dlanke itd.). Vdelana vsebina z drugih spletnih mest se obna\u0161a na povsem enak na\u010din, kot \u010de bi obiskovalec obiskal drugo spletno mesto.<\/p>\n<p>Ta spletna mesta lahko zbirajo podatke o vas, uporabljajo pi\u0161kotke, vdelajo dodatno sledenje tretjih oseb in spremljajo va\u0161o interakcijo s to vdelano vsebino, vklju\u010dno s sledenjem va\u0161i interakciji z vdelano vsebino, \u010de imate ra\u010dun in ste prijavljeni na to spletno mesto .<\/p>\n<h2>S kom delimo va\u0161e podatke<\/h2>\n<p>\u010ce zahtevate ponastavitev gesla, bo va\u0161 naslov IP vklju\u010den v e-po\u0161tno sporo\u010dilo za ponastavitev.<\/p>\n<h2>Kako dolgo hranimo va\u0161e podatke<\/h2>\n<p>\u010ce pustite komentar, se komentar in njegovi metapodatki hranijo za nedolo\u010den \u010das. To je zato, da lahko samodejno prepoznamo in odobrimo morebitne nadaljnje komentarje, namesto da jih zadr\u017eimo v \u010dakalni vrsti za moderiranje.<\/p>\n<p>Za uporabnike, ki se registrirajo na na\u0161i spletni strani (\u010de obstajajo), hranimo tudi osebne podatke, ki jih posredujejo v svojem uporabni\u0161kem profilu. Vsi uporabniki lahko kadar koli vidijo, uredijo ali izbri\u0161ejo svoje osebne podatke (le da ne morejo spremeniti uporabni\u0161kega imena). Te podatke si lahko ogledajo in uredijo tudi skrbniki spletnega mesta.<\/p>\n<h2>Kak\u0161ne pravice imate do svojih podatkov<\/h2>\n<p>\u010ce imate ra\u010dun na tem spletnem mestu ali ste pustili komentarje, lahko zahtevate prejem izvo\u017eene datoteke osebnih podatkov, ki jih imamo o vas, vklju\u010dno z vsemi podatki, ki ste nam jih posredovali. Prav tako lahko zahtevate, da izbri\u0161emo vse osebne podatke, ki jih imamo o vas. To ne vklju\u010duje nobenih podatkov, ki smo jih dol\u017eni hraniti za administrativne, pravne ali varnostne namene.<\/p>\n<h2>Kam so poslani va\u0161i podatki<\/h2>\n<p>Komentarje obiskovalcev lahko preverite s storitvijo za samodejno zaznavanje vsiljene po\u0161te.<\/p>\n","protected":false},"excerpt":{"rendered":"<p>Kdo smo Naslov na\u0161ega spletnega mesta je: http:\/\/tyditiao.com. Komentarji Ko obiskovalci pustijo komentarje na spletnem mestu, zberemo podatke, prikazane v&#8230;<\/p>\n","protected":false},"author":1,"featured_media":0,"parent":0,"menu_order":0,"comment_status":"closed","ping_status":"open","template":"","meta":{"footnotes":""},"class_list":["post-12916","page","type-page","status-publish","hentry"],"_links":{"self":[{"href":"https:\/\/tyditiao.com\/sl\/wp-json\/wp\/v2\/pages\/12916","targetHints":{"allow":["GET"]}}],"collection":[{"href":"https:\/\/tyditiao.com\/sl\/wp-json\/wp\/v2\/pages"}],"about":[{"href":"https:\/\/tyditiao.com\/sl\/wp-json\/wp\/v2\/types\/page"}],"author":[{"embeddable":true,"href":"https:\/\/tyditiao.com\/sl\/wp-json\/wp\/v2\/users\/1"}],"replies":[{"embeddable":true,"href":"https:\/\/tyditiao.com\/sl\/wp-json\/wp\/v2\/comments?post=12916"}],"version-history":[{"count":1,"href":"https:\/\/tyditiao.com\/sl\/wp-json\/wp\/v2\/pages\/12916\/revisions"}],"predecessor-version":[{"id":12917,"href":"https:\/\/tyditiao.com\/sl\/wp-json\/wp\/v2\/pages\/12916\/revisions\/12917"}],"wp:attachment":[{"href":"https:\/\/tyditiao.com\/sl\/wp-json\/wp\/v2\/media?parent=12916"}],"curies":[{"name":"wp","href":"https:\/\/api.w.org\/{rel}","templated":true}]}}