{"id":13202,"date":"2022-10-12T08:35:45","date_gmt":"2022-10-12T06:35:45","guid":{"rendered":"http:\/\/tyditiao.com\/product\/transparentna-balisticna-maska-nij-iiia-snemljiva-za-celade-z-obema-stranema\/"},"modified":"2023-05-22T15:20:19","modified_gmt":"2023-05-22T13:20:19","slug":"prozorna-neprebojna-maska-nij-iiia-odstranljiva-za-helmow-z-obojestranskimi-tirnicami-wendy-fast-etc","status":"publish","type":"product","link":"https:\/\/tyditiao.com\/sl\/izdelek\/prozorna-neprebojna-maska-nij-iiia-odstranljiva-za-helmow-z-obojestranskimi-tirnicami-wendy-fast-etc\/","title":{"rendered":"Transparentna balisti\u010dna maska NIJ IIIA snemljiva za \u010delade z obema stranema"},"content":{"rendered":"<p>Odstranljiva balisti\u010dna maska je nova balisti\u010dna maska razreda IIIA, ki se pritrdi na balisti\u010dno \u010delado.<\/p>\n<p>Ta izdelek je primeren za \u010delade z obema stranema. Na primer: WENDY, FAST itd.<\/p>\n<p>Za\u0161\u010ditni razred: NIJ IIIA stopnja<\/p>\n<p>Te\u017ea: 1,50 kg (3,31 lb)<\/p>\n<p>Material: PC, PMMA itd.<\/p>\n<p>Velikost: 350 mm (L) * 145 mm (V)<\/p>\n<p>Debelina maske: 22 mm<\/p>\n<p>Svetlost: 83,9 %<\/p>\n<p>Veljavnost: 5 let<\/p>\n<p>\u010ce potrebujete neprebojno \u010delado, jo kupite v na\u0161i trgovini. hvala<\/p>\n<p>Podrobnosti pakiranja: 1 * neprebojni \u0161\u010ditnik za obraz (\u010delada ni vklju\u010dena)<\/p>\n","protected":false},"excerpt":{"rendered":"<p>Glavni material je izdelan iz visokokakovostnega prozornega polikarbonatne smole PC in kompozita tipa sendvi\u010d iz akrilne plo\u0161\u010de, z visoko lo\u010dljivostjo, brez brizganja, dobrim neprebojnim u\u010dinkom<\/p>\n<p>Nosilec neprebojne maske je izdelan iz jekla in visoko trdnih materialov, ki jih je mogo\u010de stabilno nastaviti pod razli\u010dne kote<\/p>\n<p>Tesno smo sodelovali z logisti\u010dnimi ponudniki in lahko zagotovimo dostavo blaga v skoraj vsako dr\u017eavo in regijo, vse blago, naro\u010deno na spletni strani na\u0161e tovarne, pa je brez po\u0161tnine.<\/p>\n","protected":false},"featured_media":11723,"comment_status":"open","ping_status":"closed","template":"","meta":[],"product_brand":[],"product_cat":[601],"product_tag":[],"woo-feed-brand":[50],"class_list":{"0":"post-13202","1":"product","2":"type-product","3":"status-publish","4":"has-post-thumbnail","6":"product_cat-balisticna-maska","7":"product_shipping_class-0-3-kg-sl","8":"woo-feed-brand-tyditiao","10":"first","11":"instock","12":"sale","13":"shipping-taxable","14":"purchasable","15":"product-type-simple"},"_links":{"self":[{"href":"https:\/\/tyditiao.com\/sl\/wp-json\/wp\/v2\/product\/13202","targetHints":{"allow":["GET"]}}],"collection":[{"href":"https:\/\/tyditiao.com\/sl\/wp-json\/wp\/v2\/product"}],"about":[{"href":"https:\/\/tyditiao.com\/sl\/wp-json\/wp\/v2\/types\/product"}],"replies":[{"embeddable":true,"href":"https:\/\/tyditiao.com\/sl\/wp-json\/wp\/v2\/comments?post=13202"}],"wp:featuredmedia":[{"embeddable":true,"href":"https:\/\/tyditiao.com\/sl\/wp-json\/wp\/v2\/media\/11723"}],"wp:attachment":[{"href":"https:\/\/tyditiao.com\/sl\/wp-json\/wp\/v2\/media?parent=13202"}],"wp:term":[{"taxonomy":"product_brand","embeddable":true,"href":"https:\/\/tyditiao.com\/sl\/wp-json\/wp\/v2\/product_brand?post=13202"},{"taxonomy":"product_cat","embeddable":true,"href":"https:\/\/tyditiao.com\/sl\/wp-json\/wp\/v2\/product_cat?post=13202"},{"taxonomy":"product_tag","embeddable":true,"href":"https:\/\/tyditiao.com\/sl\/wp-json\/wp\/v2\/product_tag?post=13202"},{"taxonomy":"woo-feed-brand","embeddable":true,"href":"https:\/\/tyditiao.com\/sl\/wp-json\/wp\/v2\/woo-feed-brand?post=13202"}],"curies":[{"name":"wp","href":"https:\/\/api.w.org\/{rel}","templated":true}]}}