{"id":13221,"date":"2022-10-11T16:42:26","date_gmt":"2022-10-11T14:42:26","guid":{"rendered":"http:\/\/tyditiao.com\/product\/lahka-balisticna-aramidna-maska-takticna-neprebojna-nij-iiia-celoobrazna-maska\/"},"modified":"2023-05-22T15:26:22","modified_gmt":"2023-05-22T13:26:22","slug":"balisticna-maska-aramid-nij-iiia-celoobrazna-takticna-neprebojna-maska","status":"publish","type":"product","link":"https:\/\/tyditiao.com\/sl\/izdelek\/balisticna-maska-aramid-nij-iiia-celoobrazna-takticna-neprebojna-maska\/","title":{"rendered":"lahka balisti\u010dna aramidna maska, takti\u010dna neprebojna NIJ IIIA celoobrazna maska"},"content":{"rendered":"<p>Te\u017ea: 0,85 kg<\/p>\n<p>Material: Aramid<\/p>\n<p>Debelina: 8 mm debel aramid in 1 mm prevleka<\/p>\n<p>Za\u0161\u010ditni razred: NIJ 0101.06 stopnja IIIA<\/p>\n<p>Velikost: Ena velikost za vse<\/p>\n<p>Veljavnost: 5 let<\/p>\n<p>Veljavni scenariji: za\u0161\u010dita doma, varnost, policijska oprema, dejanski boj, cosplay<\/p>\n<p>Storitev OEM\/ODM je na voljo na zahtevo<\/p>\n<p>Seznam pakiranja: 1x celoobrazna neprebojna maska<\/p>\n","protected":false},"excerpt":{"rendered":"<p>\u0160\u010diti najpomembnej\u0161a podro\u010dja z minimalno te\u017eo: popolna pokritost obraza uporabnika za napad<\/p>\n<p>Material: izdelan iz naprednih lahkih kevlarskih vlaken, ki so 15-krat mo\u010dnej\u0161a od jekla, da zmanj\u0161ajo nevarnost nabojev<\/p>\n<p>Edinstvena ergonomska zasnova: 6-to\u010dkovno nastavljiv najlonski naglavni trak in dodatno oblazinjenje se prilega vsaki obliki glave in izbolj\u0161ata udobje pri no\u0161enju<\/p>\n<p>Primerne uporabe: za\u0161\u010dita doma, usposabljanje na terenu, telesni stra\u017earji, osebje, ki sodeluje v nevarnih operacijah na tujih obmo\u010djih oboro\u017eenih konfliktov, vojska, cosplay itd.<\/p>\n","protected":false},"featured_media":11647,"comment_status":"open","ping_status":"closed","template":"","meta":[],"product_brand":[],"product_cat":[601],"product_tag":[],"woo-feed-brand":[50],"class_list":{"0":"post-13221","1":"product","2":"type-product","3":"status-publish","4":"has-post-thumbnail","6":"product_cat-balisticna-maska","7":"product_shipping_class-0-3-kg-sl","8":"woo-feed-brand-tyditiao","10":"first","11":"instock","12":"sale","13":"shipping-taxable","14":"purchasable","15":"product-type-simple"},"_links":{"self":[{"href":"https:\/\/tyditiao.com\/sl\/wp-json\/wp\/v2\/product\/13221","targetHints":{"allow":["GET"]}}],"collection":[{"href":"https:\/\/tyditiao.com\/sl\/wp-json\/wp\/v2\/product"}],"about":[{"href":"https:\/\/tyditiao.com\/sl\/wp-json\/wp\/v2\/types\/product"}],"replies":[{"embeddable":true,"href":"https:\/\/tyditiao.com\/sl\/wp-json\/wp\/v2\/comments?post=13221"}],"wp:featuredmedia":[{"embeddable":true,"href":"https:\/\/tyditiao.com\/sl\/wp-json\/wp\/v2\/media\/11647"}],"wp:attachment":[{"href":"https:\/\/tyditiao.com\/sl\/wp-json\/wp\/v2\/media?parent=13221"}],"wp:term":[{"taxonomy":"product_brand","embeddable":true,"href":"https:\/\/tyditiao.com\/sl\/wp-json\/wp\/v2\/product_brand?post=13221"},{"taxonomy":"product_cat","embeddable":true,"href":"https:\/\/tyditiao.com\/sl\/wp-json\/wp\/v2\/product_cat?post=13221"},{"taxonomy":"product_tag","embeddable":true,"href":"https:\/\/tyditiao.com\/sl\/wp-json\/wp\/v2\/product_tag?post=13221"},{"taxonomy":"woo-feed-brand","embeddable":true,"href":"https:\/\/tyditiao.com\/sl\/wp-json\/wp\/v2\/woo-feed-brand?post=13221"}],"curies":[{"name":"wp","href":"https:\/\/api.w.org\/{rel}","templated":true}]}}