{"id":13376,"date":"2023-03-05T03:25:17","date_gmt":"2023-05-22T13:56:28","guid":{"rendered":"http:\/\/tyditiao.com\/product\/wendy-takticna-celada-3a-light-special-force-protieksplozijsko-varna-celada-posebne-velikosti-barva-po-meri-namenska-povezava-za-nakup\/"},"modified":"2023-05-22T15:56:28","modified_gmt":"2023-05-22T13:56:28","slug":"wendy-tactical-helm-light-forces-special-3a-explosion-proof-helm-special-size-custom-color-dedicated-link-to-purchase","status":"publish","type":"product","link":"https:\/\/tyditiao.com\/sl\/izdelek\/wendy-tactical-helm-light-forces-special-3a-explosion-proof-helm-special-size-custom-color-dedicated-link-to-purchase\/","title":{"rendered":"WENDY takti\u010dna \u010delada 3A light special force protieksplozijsko varna \u010delada posebne velikosti barva po meri namenska povezava za nakup"},"content":{"rendered":"<p><strong>O velikosti neprebojne \u010delade WENDY:<\/strong> Za to neprebojno \u010delado posebnih sil WENDY smo dodali velike in majhne proizvodne kalupe, da zadovoljimo uporabnike z razli\u010dnimi potrebami. Velikost M je normalna velikost, ki ustreza ve\u010dini ljudi. \u010ce menite, da majhna velikost bolje ustreza va\u0161im zahtevam ali navadam pri no\u0161enju, izberite majhno velikost, sicer izberite veliko velikost.<\/p>\n<p><strong>O barvi neprebojne \u010delade WENDY:<\/strong> Barve, ki jih masovno izdelujemo, so predvsem \u010drna, svetlo rjava in zelena. Hkrati pa imamo mo\u017enost izdelati katero koli barvo ali razli\u010dne kamufla\u017ene vzorce, ki jih zahtevajo stranke, kot so gozdna kamufla\u017ea, kamufla\u017ea d\u017eungle, pu\u0161\u010davska kamufla\u017ea, pomorska kamufla\u017ea, urbana kamufla\u017ea itd. \u010ce nameravate naro\u010diti ve\u010d kot 10 \u010delad , kontaktirajte nas, to barvno storitev po meri boste prejeli brezpla\u010dno, samo po\u0161ljite nam barvni vzorec, ki ga \u017eelite<\/p>\n<p><strong>Takti\u010dna \u010delada WENDY Neprebojna stopnja:<\/strong> 0101.06 Standardna raven IIIA<\/p>\n<p>UDOBNO NO\u0160ENJE: Oblazinjenje iz pene Zorbium ima vodoodbojno podlogo s protimikrobno prevleko, ki odvaja vlago in vas ohranja hladne in suhe.<\/p>\n<p>ENOSTAVNA PRILAGODITEV: lahek voja\u0161ki sistem zapenjanja CAM FIT s sistemom zapiranja BOA za varno nastavitev z eno roko za natan\u010dno prileganje.<\/p>\n<p>RAZ\u0160IRLJIV: Monta\u017eni sistem Rail 2.0 je zdru\u017eljiv z vsemi dodatki EXFIL Rail 2.0. Reverzibilna pritrdilna tirnica za kardan in nosilec za kardan na \u010delu omogo\u010data Wendy, da ustvari ve\u010d mo\u017enosti.<\/p>\n<p>Poleg obi\u010dajnega vzmetenja ima \u010delada tri udarne blazinice in osem nastavljivih blazinic za optimalno prileganje in udobje<\/p>\n","protected":false},"excerpt":{"rendered":"<p>O velikosti neprebojne \u010delade WENDY: Za to neprebojno \u010delado posebnih sil WENDY smo dodali velike in majhne proizvodne kalupe, da&#8230;<\/p>\n","protected":false},"featured_media":10621,"comment_status":"open","ping_status":"closed","template":"","meta":[],"product_brand":[],"product_cat":[762,764,763],"product_tag":[],"woo-feed-brand":[],"class_list":{"0":"post-13376","1":"product","2":"type-product","3":"status-publish","4":"has-post-thumbnail","6":"product_cat-nekategorizirano-sl","7":"product_cat-neprebojna-celada","8":"product_cat-wendy-sl","10":"first","11":"instock","12":"sale","13":"shipping-taxable","14":"purchasable","15":"product-type-variable","16":"has-default-attributes"},"_links":{"self":[{"href":"https:\/\/tyditiao.com\/sl\/wp-json\/wp\/v2\/product\/13376","targetHints":{"allow":["GET"]}}],"collection":[{"href":"https:\/\/tyditiao.com\/sl\/wp-json\/wp\/v2\/product"}],"about":[{"href":"https:\/\/tyditiao.com\/sl\/wp-json\/wp\/v2\/types\/product"}],"replies":[{"embeddable":true,"href":"https:\/\/tyditiao.com\/sl\/wp-json\/wp\/v2\/comments?post=13376"}],"wp:featuredmedia":[{"embeddable":true,"href":"https:\/\/tyditiao.com\/sl\/wp-json\/wp\/v2\/media\/10621"}],"wp:attachment":[{"href":"https:\/\/tyditiao.com\/sl\/wp-json\/wp\/v2\/media?parent=13376"}],"wp:term":[{"taxonomy":"product_brand","embeddable":true,"href":"https:\/\/tyditiao.com\/sl\/wp-json\/wp\/v2\/product_brand?post=13376"},{"taxonomy":"product_cat","embeddable":true,"href":"https:\/\/tyditiao.com\/sl\/wp-json\/wp\/v2\/product_cat?post=13376"},{"taxonomy":"product_tag","embeddable":true,"href":"https:\/\/tyditiao.com\/sl\/wp-json\/wp\/v2\/product_tag?post=13376"},{"taxonomy":"woo-feed-brand","embeddable":true,"href":"https:\/\/tyditiao.com\/sl\/wp-json\/wp\/v2\/woo-feed-brand?post=13376"}],"curies":[{"name":"wp","href":"https:\/\/api.w.org\/{rel}","templated":true}]}}