{"id":13831,"date":"2023-03-05T03:08:59","date_gmt":"2023-05-22T14:14:42","guid":{"rendered":"http:\/\/tyditiao.com\/product\/staticna-vrv-iz-polnega-kevlarja-plezalna-vrv-s-padalom-protipozarna-vrv-8-105-mm-10-m\/"},"modified":"2023-05-22T16:14:42","modified_gmt":"2023-05-22T14:14:42","slug":"full-electrostatic-kevlar-plezalna-pozarna-varnost-deznik-vrv-8-105-mm-10m","status":"publish","type":"product","link":"https:\/\/tyditiao.com\/sl\/izdelek\/full-electrostatic-kevlar-plezalna-pozarna-varnost-deznik-vrv-8-105-mm-10m\/","title":{"rendered":"Stati\u010dna vrv iz polnega kevlarja, plezalna vrv s padalom, protipo\u017earna vrv, 8, 10,5 mm (10 m)"},"content":{"rendered":"<p>\u010ce \u017eelite kupiti dalj\u0161o vrv, na primer 50 metrov, prosim kupite 5*10 metrov vrvi, nato pa pustite sporo\u010dilo prodajalcu, da potrebujete celotno vrv 50 metrov.<\/p>\n<p><strong>O vponkah:<\/strong> \u010ce kupite vrv, dalj\u0161o od 10 metrov, vam podarimo dva vponka, kot sta ozna\u010dena na sliki. Lahko ga namestite na oba konca vrvi ali pa ga pustite samega in je vklju\u010den v paketu. Samo pi\u0161ite nam in nam sporo\u010dite svojo odlo\u010ditev<\/p>\n<p>Ime izdelka: stati\u010dna vrv iz polnega kevlarja<br \/>\nMaterial: Kevlar<br \/>\nBarva: Barva, kot je prikazana na sliki<br \/>\nPremer: 10,5 mm, 8 mm<br \/>\nNeto te\u017ea (\u00b15%): 10,5 mm (75 g\/m) 8 mm (43 g\/m)<br \/>\nVle\u010dna sila: 10,5 mm (40 kN\/4000 kg) 8 mm (28 kN\/2800 kg)<br \/>\nCertificiranje: CE EN1891:1998<br \/>\nZna\u010dilnosti: visoka trdnost, odpornost na visoke temperature, dobra \u017eilavost, mo\u010dna odpornost na trganje<br \/>\nVe\u010dnamensko: plezanje, \u0161irjenje, ga\u0161enje po\u017eara, delo v zraku, jamarstvo, obe\u0161anje itd.<\/p>\n<p>Prijazen opomnik: Ko delate ali se igrate na vi\u0161ini, preverite in vzdr\u017eujte svojo opremo, da se izognete nevarnosti zaradi napa\u010dne uporabe<\/p>\n","protected":false},"excerpt":{"rendered":"<p>\u010ce \u017eelite kupiti dalj\u0161o vrv, na primer 50 metrov, prosim kupite 5*10 metrov vrvi, nato pa pustite sporo\u010dilo prodajalcu, da&#8230;<\/p>\n","protected":false},"featured_media":12578,"comment_status":"open","ping_status":"closed","template":"","meta":[],"product_brand":[],"product_cat":[844],"product_tag":[],"woo-feed-brand":[],"class_list":{"0":"post-13831","1":"product","2":"type-product","3":"status-publish","4":"has-post-thumbnail","6":"product_cat-varnostna-vrv","8":"first","9":"instock","10":"shipping-taxable","11":"purchasable","12":"product-type-variable","13":"has-default-attributes"},"_links":{"self":[{"href":"https:\/\/tyditiao.com\/sl\/wp-json\/wp\/v2\/product\/13831","targetHints":{"allow":["GET"]}}],"collection":[{"href":"https:\/\/tyditiao.com\/sl\/wp-json\/wp\/v2\/product"}],"about":[{"href":"https:\/\/tyditiao.com\/sl\/wp-json\/wp\/v2\/types\/product"}],"replies":[{"embeddable":true,"href":"https:\/\/tyditiao.com\/sl\/wp-json\/wp\/v2\/comments?post=13831"}],"wp:featuredmedia":[{"embeddable":true,"href":"https:\/\/tyditiao.com\/sl\/wp-json\/wp\/v2\/media\/12578"}],"wp:attachment":[{"href":"https:\/\/tyditiao.com\/sl\/wp-json\/wp\/v2\/media?parent=13831"}],"wp:term":[{"taxonomy":"product_brand","embeddable":true,"href":"https:\/\/tyditiao.com\/sl\/wp-json\/wp\/v2\/product_brand?post=13831"},{"taxonomy":"product_cat","embeddable":true,"href":"https:\/\/tyditiao.com\/sl\/wp-json\/wp\/v2\/product_cat?post=13831"},{"taxonomy":"product_tag","embeddable":true,"href":"https:\/\/tyditiao.com\/sl\/wp-json\/wp\/v2\/product_tag?post=13831"},{"taxonomy":"woo-feed-brand","embeddable":true,"href":"https:\/\/tyditiao.com\/sl\/wp-json\/wp\/v2\/woo-feed-brand?post=13831"}],"curies":[{"name":"wp","href":"https:\/\/api.w.org\/{rel}","templated":true}]}}