{"id":13903,"date":"2023-03-05T02:51:52","date_gmt":"2023-05-22T14:20:46","guid":{"rendered":"http:\/\/tyditiao.com\/product\/zunanja-obloga-iz-aramida-notranje-jedro-iz-najlona-staticna-vrv-varnostna-vrv-za-gornistvo-na-prostem-68105-10-m\/"},"modified":"2023-05-22T16:20:46","modified_gmt":"2023-05-22T14:20:46","slug":"kevlar-zunanja-scoranylon-core-staticna-varnostna-vrv-zunanja-6810-5-10m","status":"publish","type":"product","link":"https:\/\/tyditiao.com\/sl\/izdelek\/kevlar-zunanja-scoranylon-core-staticna-varnostna-vrv-zunanja-6810-5-10m\/","title":{"rendered":"Zunanja obloga iz aramida + notranje jedro iz najlona, stati\u010dna vrv, varnostna vrv za gorni\u0161tvo na prostem 6,8,10,5 (10 m)"},"content":{"rendered":"<p>\u010ce morate kupiti dalj\u0161o vrv, kot je 80 metrov, prosimo, kupite 8*10 metrov vrvi in nato pustite sporo\u010dilo prodajalcu, da potrebujete celotno vrv 80 metrov.<\/p>\n<p><strong>O vponkah na obeh koncih stati\u010dne vrvi:<\/strong> \u010ce dol\u017eina vrvi, ki ste jo kupili, presega 10 metrov, vam podarimo dva vponka, ozna\u010dena na sliki. Lahko se odlo\u010dite za monta\u017eo na obeh koncih vrvi ali pa vam ga ni treba namestiti in poslati skupaj z vrvjo v paketu, le napi\u0161ite nam sporo\u010dilo in nam sporo\u010dite svojo odlo\u010ditev<\/p>\n<p>Ime izdelka: Aramidna vlakna + najlonska stati\u010dna vrv<br \/>\nBarva: Barva, kot je prikazana na sliki<br \/>\nPremer: 6 mm 8 mm 10 mm<br \/>\nNeto te\u017ea (\u00b15%): 6 mm (27 g\/m) 8 mm (42 g\/m) 10 mm (65 g\/m)<br \/>\nVle\u010dna sila: 6 mm (7 KN\/700 KG) 8 mm (16 KN\/1600 KG) 10 mm (36 KN\/3600 KG)<br \/>\nMaterial videza: aramid<br \/>\nMaterial jedra: najlon<br \/>\nCertificiranje: CE EN1891:1998<br \/>\nVe\u010dnamensko: plezanje, teleskopiranje, ga\u0161enje po\u017earov, delo na vi\u0161ini, \u017eerjavi itd.<\/p>\n","protected":false},"excerpt":{"rendered":"<p>\u010ce morate kupiti dalj\u0161o vrv, kot je 80 metrov, prosimo, kupite 8*10 metrov vrvi in nato pustite sporo\u010dilo prodajalcu, da&#8230;<\/p>\n","protected":false},"featured_media":12559,"comment_status":"open","ping_status":"closed","template":"","meta":[],"product_brand":[],"product_cat":[844],"product_tag":[],"woo-feed-brand":[50],"class_list":{"0":"post-13903","1":"product","2":"type-product","3":"status-publish","4":"has-post-thumbnail","6":"product_cat-varnostna-vrv","7":"woo-feed-brand-tyditiao","9":"first","10":"instock","11":"shipping-taxable","12":"purchasable","13":"product-type-variable","14":"has-default-attributes"},"_links":{"self":[{"href":"https:\/\/tyditiao.com\/sl\/wp-json\/wp\/v2\/product\/13903","targetHints":{"allow":["GET"]}}],"collection":[{"href":"https:\/\/tyditiao.com\/sl\/wp-json\/wp\/v2\/product"}],"about":[{"href":"https:\/\/tyditiao.com\/sl\/wp-json\/wp\/v2\/types\/product"}],"replies":[{"embeddable":true,"href":"https:\/\/tyditiao.com\/sl\/wp-json\/wp\/v2\/comments?post=13903"}],"wp:featuredmedia":[{"embeddable":true,"href":"https:\/\/tyditiao.com\/sl\/wp-json\/wp\/v2\/media\/12559"}],"wp:attachment":[{"href":"https:\/\/tyditiao.com\/sl\/wp-json\/wp\/v2\/media?parent=13903"}],"wp:term":[{"taxonomy":"product_brand","embeddable":true,"href":"https:\/\/tyditiao.com\/sl\/wp-json\/wp\/v2\/product_brand?post=13903"},{"taxonomy":"product_cat","embeddable":true,"href":"https:\/\/tyditiao.com\/sl\/wp-json\/wp\/v2\/product_cat?post=13903"},{"taxonomy":"product_tag","embeddable":true,"href":"https:\/\/tyditiao.com\/sl\/wp-json\/wp\/v2\/product_tag?post=13903"},{"taxonomy":"woo-feed-brand","embeddable":true,"href":"https:\/\/tyditiao.com\/sl\/wp-json\/wp\/v2\/woo-feed-brand?post=13903"}],"curies":[{"name":"wp","href":"https:\/\/api.w.org\/{rel}","templated":true}]}}