{"id":13934,"date":"2023-01-16T12:36:49","date_gmt":"2023-01-16T10:36:49","guid":{"rendered":"http:\/\/tyditiao.com\/product\/zakriti-neprebojni-jopic-neprebojni-jopic-s-stopnjo-zascite-nij-iiia-osebna-zascitna-oprema-na-prostem\/"},"modified":"2023-05-22T16:26:50","modified_gmt":"2023-05-22T14:26:50","slug":"zakriti-neprebojni-telovnik-neprebojni-telovnik-z-ni-iiia-stopnjo-zascite-osebna-varnostna-oprema-na-prostem","status":"publish","type":"product","link":"https:\/\/tyditiao.com\/sl\/izdelek\/zakriti-neprebojni-telovnik-neprebojni-telovnik-z-ni-iiia-stopnjo-zascite-osebna-varnostna-oprema-na-prostem\/","title":{"rendered":"Zakriti neprebojni jopi\u010d, neprebojni jopi\u010d s stopnjo za\u0161\u010dite NIJ IIIA, osebna za\u0161\u010ditna oprema na prostem"},"content":{"rendered":"<p>Material: PE material z izjemno visoko molekulsko strukturo, ki lahko prenese ve\u010dkratne udarce in hkrati ostane pro\u017een. Ima zna\u010dilnosti lahkosti, mehkobe, udobja, odli\u010dne UV odpornosti, nizke ob\u010dutljivosti na vlago in vodoodpornosti.<\/p>\n<p>Razred za\u0161\u010dite: NIJ IIIA sprednja in zadnja za\u0161\u010dita<\/p>\n<p>Metke, ki jih je mogo\u010de blokirati:<br \/>\n.44 Magnum<br \/>\n.40 S&amp;W, .357 Magnum, .45<br \/>\nmitraljez 9 mm<br \/>\nKrogle s poloblo\u017eeno votlo konico (SJHP).<br \/>\nKalibracija popolnoma kovinskega izstrelka 9 mm, nazivna te\u017ea 8,0 g (124 g), hitrost udarca 426 m\/s (1400 ft\/s) ali manj<br \/>\nZagotavlja tudi za\u0161\u010dito pred ve\u010dino gro\u017eenj s pi\u0161tolo ter gro\u017enjami razreda IIA in II<\/p>\n<p>Barva: \u010crna<br \/>\nSpol: uniseks<br \/>\nVrsta obla\u010dila: telovnik, top<br \/>\nVrsta rokavov: Brez rokavov<br \/>\nFunkcija: neprebojna<br \/>\nvelikost: ena velikost<br \/>\nTe\u017ea: 2,5 kg<br \/>\nPranje: notranjo podlogo in zunanja obla\u010dila je mogo\u010de lo\u010diti, notranjega neprebojnega sloja ni mogo\u010de prati, samo o\u010distite zunanji sloj<\/p>\n<p>Paket: 1 x neprebojni jopi\u010d (NIJ IIIA )<\/p>\n","protected":false},"excerpt":{"rendered":"<p>Mehak in lahek: pro\u017een, udoben za no\u0161enje, v bistvu ne vpliva na \u010dlove\u0161ko telo pri teku ali po\u010depih<\/p>\n<p>Odli\u010dno prikrivanje: nastavljiv na 4 razli\u010dnih to\u010dkah z je\u017eki za enostavno prikrivanje pod obla\u010dili<\/p>\n<p>Za\u0161\u010dita NIJ IIIA: najvi\u0161ja stopnja za\u0161\u010dite, ki je trenutno na voljo za neprebojne jopi\u010de<\/p>\n<p>Dobra zmogljivost raz\u0161iritve: sprednji in zadnji oklepni \u017eepi se lahko pritrdijo z neprebojnimi jeklenimi plo\u0161\u010dami za dodatno za\u0161\u010dito glede na njihove potrebe<\/p>\n<p>Uporabni ljudje: Novinarji in voja\u0161ko osebje potujejo po obmo\u010djih, ki jih je prizadela vojna, in se lahko uporabljajo tudi za obrambo doma, da za\u0161\u010ditijo lastno varnost in telo pred kroglami in ru\u0161evinami<\/p>\n","protected":false},"featured_media":12426,"comment_status":"open","ping_status":"closed","template":"","meta":[],"product_brand":[],"product_cat":[863],"product_tag":[],"woo-feed-brand":[50],"class_list":{"0":"post-13934","1":"product","2":"type-product","3":"status-publish","4":"has-post-thumbnail","6":"product_cat-takticni-jopic","7":"woo-feed-brand-tyditiao","9":"first","10":"instock","11":"sale","12":"shipping-taxable","13":"purchasable","14":"product-type-simple"},"_links":{"self":[{"href":"https:\/\/tyditiao.com\/sl\/wp-json\/wp\/v2\/product\/13934","targetHints":{"allow":["GET"]}}],"collection":[{"href":"https:\/\/tyditiao.com\/sl\/wp-json\/wp\/v2\/product"}],"about":[{"href":"https:\/\/tyditiao.com\/sl\/wp-json\/wp\/v2\/types\/product"}],"replies":[{"embeddable":true,"href":"https:\/\/tyditiao.com\/sl\/wp-json\/wp\/v2\/comments?post=13934"}],"wp:featuredmedia":[{"embeddable":true,"href":"https:\/\/tyditiao.com\/sl\/wp-json\/wp\/v2\/media\/12426"}],"wp:attachment":[{"href":"https:\/\/tyditiao.com\/sl\/wp-json\/wp\/v2\/media?parent=13934"}],"wp:term":[{"taxonomy":"product_brand","embeddable":true,"href":"https:\/\/tyditiao.com\/sl\/wp-json\/wp\/v2\/product_brand?post=13934"},{"taxonomy":"product_cat","embeddable":true,"href":"https:\/\/tyditiao.com\/sl\/wp-json\/wp\/v2\/product_cat?post=13934"},{"taxonomy":"product_tag","embeddable":true,"href":"https:\/\/tyditiao.com\/sl\/wp-json\/wp\/v2\/product_tag?post=13934"},{"taxonomy":"woo-feed-brand","embeddable":true,"href":"https:\/\/tyditiao.com\/sl\/wp-json\/wp\/v2\/woo-feed-brand?post=13934"}],"curies":[{"name":"wp","href":"https:\/\/api.w.org\/{rel}","templated":true}]}}