{"id":14004,"date":"2022-10-21T05:20:55","date_gmt":"2023-05-23T00:24:00","guid":{"rendered":"http:\/\/tyditiao.com\/product\/neprebojno-jeklo-nij-iv-7mm-3kg-neprebojni-balisticni-naprsni-oklep-250x300mm\/"},"modified":"2025-09-29T15:50:22","modified_gmt":"2025-09-29T13:50:22","slug":"neprebojno-jeklo-nij-nivo-iv-7mm-3kg-naprsnik-neprebojno-250x300mm","status":"publish","type":"product","link":"https:\/\/tyditiao.com\/sl\/izdelek\/neprebojno-jeklo-nij-nivo-iv-7mm-3kg-naprsnik-neprebojno-250x300mm\/","title":{"rendered":"Neprebojno jeklo, NIJ IV, 7MM, 3KG, neprebojni balisti\u010dni naprsni oklep, 250X300MM"},"content":{"rendered":"<p>Te\u017ea: 3 kg<br \/>\nMaterial: neprebojno jeklo;<br \/>\nDebelina: 7MM<br \/>\nZa\u0161\u010ditni razred: NIJ IV (GA6)<\/p>\n<p>Velikost: 25cm * 30cm<br \/>\nOblika: trapezoidna (trapezoidna plo\u0161\u010da s posnetimi vogali)<\/p>\n<p>Seznam pakiranja:<br \/>\n1 x trapezna neprebojna plo\u0161\u010da.<\/p>\n<p>Opaziti:<br \/>\nOdsevni telovnik ni prilo\u017een<\/p>\n<p>Uporabniki: dru\u017einska obramba, osebje, povezano s tveganjem, obramba ban\u010dne valute, tuje voja\u0161ko osebje, tuje oboro\u017eeno osebje v spopadih, varnostno osebje, mornarji, mejni stra\u017earji itd.<\/p>\n","protected":false},"excerpt":{"rendered":"<p>Izdelan iz posebne neprebojne jeklene plo\u0161\u010de: enaka stopnja za\u0161\u010dite, s prednostjo, da je tanek in lahek.<\/p>\n<p>Vmesni sloj: znotraj vsake neprebojne plo\u0161\u010de je plast bomba\u017ene blazinice EVA, odporne na udarce, ki lahko u\u010dinkovito zmanj\u0161a vpliv na \u010dlove\u0161ko telo po bombardiranju<\/p>\n<p>Oblika z dvojnim lokom: mehansko likanje na levi in desni strani deske v skladu z ergonomskimi na\u010deli omogo\u010da, da se obokani robovi popolnoma prilegajo telesu<\/p>\n<p>Uporaba: Zaradi varnosti ga uporabljajte s takti\u010dnimi jopi\u010di, jopi\u010di, balisti\u010dnimi nahrbtniki, razli\u010dnimi neprebojnimi jopi\u010di itd.<\/p>\n","protected":false},"featured_media":12008,"comment_status":"open","ping_status":"closed","template":"","meta":[],"product_brand":[],"product_cat":[877],"product_tag":[],"woo-feed-brand":[50],"class_list":{"0":"post-14004","1":"product","2":"type-product","3":"status-publish","4":"has-post-thumbnail","6":"product_cat-neprebojna-prsna-plosca","7":"woo-feed-brand-tyditiao","9":"first","10":"instock","11":"sale","12":"shipping-taxable","13":"purchasable","14":"product-type-simple"},"_links":{"self":[{"href":"https:\/\/tyditiao.com\/sl\/wp-json\/wp\/v2\/product\/14004","targetHints":{"allow":["GET"]}}],"collection":[{"href":"https:\/\/tyditiao.com\/sl\/wp-json\/wp\/v2\/product"}],"about":[{"href":"https:\/\/tyditiao.com\/sl\/wp-json\/wp\/v2\/types\/product"}],"replies":[{"embeddable":true,"href":"https:\/\/tyditiao.com\/sl\/wp-json\/wp\/v2\/comments?post=14004"}],"wp:featuredmedia":[{"embeddable":true,"href":"https:\/\/tyditiao.com\/sl\/wp-json\/wp\/v2\/media\/12008"}],"wp:attachment":[{"href":"https:\/\/tyditiao.com\/sl\/wp-json\/wp\/v2\/media?parent=14004"}],"wp:term":[{"taxonomy":"product_brand","embeddable":true,"href":"https:\/\/tyditiao.com\/sl\/wp-json\/wp\/v2\/product_brand?post=14004"},{"taxonomy":"product_cat","embeddable":true,"href":"https:\/\/tyditiao.com\/sl\/wp-json\/wp\/v2\/product_cat?post=14004"},{"taxonomy":"product_tag","embeddable":true,"href":"https:\/\/tyditiao.com\/sl\/wp-json\/wp\/v2\/product_tag?post=14004"},{"taxonomy":"woo-feed-brand","embeddable":true,"href":"https:\/\/tyditiao.com\/sl\/wp-json\/wp\/v2\/woo-feed-brand?post=14004"}],"curies":[{"name":"wp","href":"https:\/\/api.w.org\/{rel}","templated":true}]}}